{"id":33705,"date":"2024-05-30T11:09:55","date_gmt":"2024-05-30T11:09:55","guid":{"rendered":"https:\/\/toysplusshop.com\/?post_type=product&#038;p=33705"},"modified":"2024-05-30T11:09:56","modified_gmt":"2024-05-30T11:09:56","slug":"yuka-dikkat-gelistirme-seti-4-yas","status":"publish","type":"product","link":"https:\/\/toysplusshop.com\/?product=yuka-dikkat-gelistirme-seti-4-yas","title":{"rendered":"YUKA D\u0130KKAT GEL\u0130\u015eT\u0130RME SET\u0130 (4 YA\u015e)"},"content":{"rendered":"<div>Setin i\u00e7inde 3 kitap var. Her kitap 144 sayfa<\/div>\n<div>Kitap ebad\u0131: 17&#215;24 cm<\/div>\n<div>Dikkat Egzersizleri<\/div>\n<div>Dikkat Oyunlar\u0131<\/div>\n<div>G\u00f6rsel Dikkat<\/div>\n","protected":false},"excerpt":{"rendered":"<p>Setin i\u00e7inde 3 kitap var. Her kitap 144 sayfa Kitap ebad\u0131: 17&#215;24 cm Dikkat Egzersizleri Dikkat Oyunlar\u0131 G\u00f6rsel Dikkat<\/p>\n","protected":false},"featured_media":33706,"comment_status":"open","ping_status":"closed","template":"","meta":[],"product_brand":[],"product_cat":[553],"product_tag":[2363],"class_list":{"0":"post-33705","1":"product","2":"type-product","3":"status-publish","4":"has-post-thumbnail","6":"product_cat-egitici-materyaller","7":"product_tag-yuka-dikkat-gelistirme-seti-4-yas","9":"first","10":"instock","11":"shipping-taxable","12":"purchasable","13":"product-type-simple"},"_links":{"self":[{"href":"https:\/\/toysplusshop.com\/index.php?rest_route=\/wp\/v2\/product\/33705","targetHints":{"allow":["GET"]}}],"collection":[{"href":"https:\/\/toysplusshop.com\/index.php?rest_route=\/wp\/v2\/product"}],"about":[{"href":"https:\/\/toysplusshop.com\/index.php?rest_route=\/wp\/v2\/types\/product"}],"replies":[{"embeddable":true,"href":"https:\/\/toysplusshop.com\/index.php?rest_route=%2Fwp%2Fv2%2Fcomments&post=33705"}],"version-history":[{"count":1,"href":"https:\/\/toysplusshop.com\/index.php?rest_route=\/wp\/v2\/product\/33705\/revisions"}],"predecessor-version":[{"id":33707,"href":"https:\/\/toysplusshop.com\/index.php?rest_route=\/wp\/v2\/product\/33705\/revisions\/33707"}],"wp:featuredmedia":[{"embeddable":true,"href":"https:\/\/toysplusshop.com\/index.php?rest_route=\/wp\/v2\/media\/33706"}],"wp:attachment":[{"href":"https:\/\/toysplusshop.com\/index.php?rest_route=%2Fwp%2Fv2%2Fmedia&parent=33705"}],"wp:term":[{"taxonomy":"product_brand","embeddable":true,"href":"https:\/\/toysplusshop.com\/index.php?rest_route=%2Fwp%2Fv2%2Fproduct_brand&post=33705"},{"taxonomy":"product_cat","embeddable":true,"href":"https:\/\/toysplusshop.com\/index.php?rest_route=%2Fwp%2Fv2%2Fproduct_cat&post=33705"},{"taxonomy":"product_tag","embeddable":true,"href":"https:\/\/toysplusshop.com\/index.php?rest_route=%2Fwp%2Fv2%2Fproduct_tag&post=33705"}],"curies":[{"name":"wp","href":"https:\/\/api.w.org\/{rel}","templated":true}]}}