{"id":33708,"date":"2024-05-30T11:21:08","date_gmt":"2024-05-30T11:21:08","guid":{"rendered":"https:\/\/toysplusshop.com\/?post_type=product&#038;p=33708"},"modified":"2024-05-30T11:21:09","modified_gmt":"2024-05-30T11:21:09","slug":"yuka-dikkat-gelistirme-seti-5-yas","status":"publish","type":"product","link":"https:\/\/toysplusshop.com\/?product=yuka-dikkat-gelistirme-seti-5-yas","title":{"rendered":"YUKA D\u0130KKAT GEL\u0130\u015eT\u0130RME SET\u0130 (5 YA\u015e)"},"content":{"rendered":"<p>3 kitaptan olu\u015fan bir set.\u00a0Toplam 456 sayfa. 1. Hamur<\/p>\n<p>Bu set, normal geli\u015fim g\u00f6steren \u00e7ocuklar i\u00e7in haz\u0131rland\u0131.<\/p>\n<p>\u00c7ocu\u011fun geli\u015fim s\u00fcrecinde, bu setle elde edilebilecek kazan\u0131mlar\u0131 \u015f\u00f6yle s\u0131ralayabiliriz.<\/p>\n<p>Varl\u0131klar\u0131 ve i\u015flevlerini tan\u0131yarak \u00e7evresiyle ilgili fark\u0131ndal\u0131k d\u00fczeyi artar.<\/p>\n<p>Dikkat s\u00fcresi artar ve b\u00f6ylece akademik \u00e7al\u0131\u015fmalarda dikkatini devam ettirir.<\/p>\n<p>Benzerlik ve farkl\u0131l\u0131klar\u0131 ay\u0131rt eder.<\/p>\n<p>Par\u00e7a b\u00fct\u00fcn ili\u015fkisini kavrar.<\/p>\n<p>Varl\u0131klar\u0131 bi\u00e7imlerine ve i\u015flevlerine g\u00f6re s\u0131n\u0131fland\u0131r\u0131r.<\/p>\n<p>Muhakeme ve ili\u015fkilendirme yetisi geli\u015fir.<\/p>\n<p>G\u00f6rsel haf\u0131zas\u0131 ve alg\u0131s\u0131 geli\u015fir.<\/p>\n<p>Dinleme becerisi artar.<\/p>\n<p>El g\u00f6z koordinasyonu desteklenir.<\/p>\n<p>G\u00f6rme alan\u0131n\u0131 daha etkin kullan\u0131r.<\/p>\n<p>Ayr\u0131nt\u0131lara dikkat eder.<\/p>\n<p>Yarat\u0131c\u0131l\u0131\u011f\u0131 geli\u015fir, \u00f6zg\u00fcveni y\u00fckselir.<\/p>\n<p>\u0130nce motor becerileri geli\u015fir.<\/p>\n<p>Genel olarak bili\u015fsel geli\u015fimi desteklenir ve ba\u015far\u0131ya giden yolda e\u011flenerek ilerler.<\/p>\n","protected":false},"excerpt":{"rendered":"<p>3 kitaptan olu\u015fan bir set.\u00a0Toplam 456 sayfa. 1. Hamur Bu set, normal geli\u015fim g\u00f6steren \u00e7ocuklar i\u00e7in haz\u0131rland\u0131. \u00c7ocu\u011fun geli\u015fim s\u00fcrecinde, bu setle elde edilebilecek kazan\u0131mlar\u0131 \u015f\u00f6yle s\u0131ralayabiliriz. Varl\u0131klar\u0131 ve i\u015flevlerini tan\u0131yarak \u00e7evresiyle ilgili fark\u0131ndal\u0131k d\u00fczeyi artar. Dikkat s\u00fcresi artar ve b\u00f6ylece akademik \u00e7al\u0131\u015fmalarda dikkatini devam ettirir. Benzerlik ve farkl\u0131l\u0131klar\u0131 ay\u0131rt eder. Par\u00e7a b\u00fct\u00fcn ili\u015fkisini kavrar. Varl\u0131klar\u0131 bi\u00e7imlerine ve i\u015flevlerine g\u00f6re s\u0131n\u0131fland\u0131r\u0131r. Muhakeme ve ili\u015fkilendirme yetisi geli\u015fir. G\u00f6rsel haf\u0131zas\u0131 ve alg\u0131s\u0131 geli\u015fir. Dinleme becerisi artar. El g\u00f6z koordinasyonu desteklenir. G\u00f6rme alan\u0131n\u0131 daha etkin kullan\u0131r. Ayr\u0131nt\u0131lara dikkat eder. Yarat\u0131c\u0131l\u0131\u011f\u0131 geli\u015fir, \u00f6zg\u00fcveni y\u00fckselir. \u0130nce motor becerileri geli\u015fir. Genel olarak bili\u015fsel geli\u015fimi desteklenir ve ba\u015far\u0131ya giden yolda e\u011flenerek ilerler.<\/p>\n","protected":false},"featured_media":33709,"comment_status":"open","ping_status":"closed","template":"","meta":[],"product_brand":[],"product_cat":[553],"product_tag":[2364],"class_list":{"0":"post-33708","1":"product","2":"type-product","3":"status-publish","4":"has-post-thumbnail","6":"product_cat-egitici-materyaller","7":"product_tag-yuka-dikkat-gelistirme-seti-5-yas","9":"first","10":"instock","11":"shipping-taxable","12":"purchasable","13":"product-type-simple"},"_links":{"self":[{"href":"https:\/\/toysplusshop.com\/index.php?rest_route=\/wp\/v2\/product\/33708","targetHints":{"allow":["GET"]}}],"collection":[{"href":"https:\/\/toysplusshop.com\/index.php?rest_route=\/wp\/v2\/product"}],"about":[{"href":"https:\/\/toysplusshop.com\/index.php?rest_route=\/wp\/v2\/types\/product"}],"replies":[{"embeddable":true,"href":"https:\/\/toysplusshop.com\/index.php?rest_route=%2Fwp%2Fv2%2Fcomments&post=33708"}],"version-history":[{"count":1,"href":"https:\/\/toysplusshop.com\/index.php?rest_route=\/wp\/v2\/product\/33708\/revisions"}],"predecessor-version":[{"id":33713,"href":"https:\/\/toysplusshop.com\/index.php?rest_route=\/wp\/v2\/product\/33708\/revisions\/33713"}],"wp:featuredmedia":[{"embeddable":true,"href":"https:\/\/toysplusshop.com\/index.php?rest_route=\/wp\/v2\/media\/33709"}],"wp:attachment":[{"href":"https:\/\/toysplusshop.com\/index.php?rest_route=%2Fwp%2Fv2%2Fmedia&parent=33708"}],"wp:term":[{"taxonomy":"product_brand","embeddable":true,"href":"https:\/\/toysplusshop.com\/index.php?rest_route=%2Fwp%2Fv2%2Fproduct_brand&post=33708"},{"taxonomy":"product_cat","embeddable":true,"href":"https:\/\/toysplusshop.com\/index.php?rest_route=%2Fwp%2Fv2%2Fproduct_cat&post=33708"},{"taxonomy":"product_tag","embeddable":true,"href":"https:\/\/toysplusshop.com\/index.php?rest_route=%2Fwp%2Fv2%2Fproduct_tag&post=33708"}],"curies":[{"name":"wp","href":"https:\/\/api.w.org\/{rel}","templated":true}]}}