{"id":33726,"date":"2024-05-30T11:53:35","date_gmt":"2024-05-30T11:53:35","guid":{"rendered":"https:\/\/toysplusshop.com\/?post_type=product&#038;p=33726"},"modified":"2024-05-30T11:53:36","modified_gmt":"2024-05-30T11:53:36","slug":"yuka-yazmaya-hazirlaniyorum","status":"publish","type":"product","link":"https:\/\/toysplusshop.com\/?product=yuka-yazmaya-hazirlaniyorum","title":{"rendered":"YUKA YAZMAYA HAZIRLANIYORUM"},"content":{"rendered":"<p>12 kart, 24 \u00e7al\u0131\u015fma sayfas\u0131 ve silinebilir kalemden olu\u015fan bir set. \u00c7ocuk, silinebilir \u00f6zeli\u011fi olan m\u00fcrekkepli kalemle ayn\u0131 \u00e7izgilerin \u00fczerinden defalarca ge\u00e7ebilir. B\u00f6ylece hem hatalar\u0131n\u0131 kolayca d\u00fczelterek kontrol alt\u0131na alabilir hem de keyifle el kas becerielrini geli\u015ftirir. Kartlar, kolay \u00e7izgilerden zor \u00e7izgilere, ilk harflerden son harflere do\u011fru bir s\u0131ralamaya sahiptir.<br \/>\nKart \u00f6zelli\u011fi: 350+350 gram bristol, parlak selefonlu.<\/p>\n","protected":false},"excerpt":{"rendered":"<p>12 kart, 24 \u00e7al\u0131\u015fma sayfas\u0131 ve silinebilir kalemden olu\u015fan bir set. \u00c7ocuk, silinebilir \u00f6zeli\u011fi olan m\u00fcrekkepli kalemle ayn\u0131 \u00e7izgilerin \u00fczerinden defalarca ge\u00e7ebilir. B\u00f6ylece hem hatalar\u0131n\u0131 kolayca d\u00fczelterek kontrol alt\u0131na alabilir hem de keyifle el kas becerielrini geli\u015ftirir. Kartlar, kolay \u00e7izgilerden zor \u00e7izgilere, ilk harflerden son harflere do\u011fru bir s\u0131ralamaya sahiptir. Kart \u00f6zelli\u011fi: 350+350 gram bristol, parlak selefonlu.<\/p>\n","protected":false},"featured_media":33727,"comment_status":"open","ping_status":"closed","template":"","meta":[],"product_brand":[],"product_cat":[553],"product_tag":[2369],"class_list":{"0":"post-33726","1":"product","2":"type-product","3":"status-publish","4":"has-post-thumbnail","6":"product_cat-egitici-materyaller","7":"product_tag-yuka-yazmaya-hazirlaniyorum","9":"first","10":"instock","11":"shipping-taxable","12":"purchasable","13":"product-type-simple"},"_links":{"self":[{"href":"https:\/\/toysplusshop.com\/index.php?rest_route=\/wp\/v2\/product\/33726","targetHints":{"allow":["GET"]}}],"collection":[{"href":"https:\/\/toysplusshop.com\/index.php?rest_route=\/wp\/v2\/product"}],"about":[{"href":"https:\/\/toysplusshop.com\/index.php?rest_route=\/wp\/v2\/types\/product"}],"replies":[{"embeddable":true,"href":"https:\/\/toysplusshop.com\/index.php?rest_route=%2Fwp%2Fv2%2Fcomments&post=33726"}],"version-history":[{"count":1,"href":"https:\/\/toysplusshop.com\/index.php?rest_route=\/wp\/v2\/product\/33726\/revisions"}],"predecessor-version":[{"id":33728,"href":"https:\/\/toysplusshop.com\/index.php?rest_route=\/wp\/v2\/product\/33726\/revisions\/33728"}],"wp:featuredmedia":[{"embeddable":true,"href":"https:\/\/toysplusshop.com\/index.php?rest_route=\/wp\/v2\/media\/33727"}],"wp:attachment":[{"href":"https:\/\/toysplusshop.com\/index.php?rest_route=%2Fwp%2Fv2%2Fmedia&parent=33726"}],"wp:term":[{"taxonomy":"product_brand","embeddable":true,"href":"https:\/\/toysplusshop.com\/index.php?rest_route=%2Fwp%2Fv2%2Fproduct_brand&post=33726"},{"taxonomy":"product_cat","embeddable":true,"href":"https:\/\/toysplusshop.com\/index.php?rest_route=%2Fwp%2Fv2%2Fproduct_cat&post=33726"},{"taxonomy":"product_tag","embeddable":true,"href":"https:\/\/toysplusshop.com\/index.php?rest_route=%2Fwp%2Fv2%2Fproduct_tag&post=33726"}],"curies":[{"name":"wp","href":"https:\/\/api.w.org\/{rel}","templated":true}]}}