{"id":33729,"date":"2024-05-30T12:00:39","date_gmt":"2024-05-30T12:00:39","guid":{"rendered":"https:\/\/toysplusshop.com\/?post_type=product&#038;p=33729"},"modified":"2024-05-30T12:00:40","modified_gmt":"2024-05-30T12:00:40","slug":"yuka-memory-bellek-guclendirici-oyun","status":"publish","type":"product","link":"https:\/\/toysplusshop.com\/?product=yuka-memory-bellek-guclendirici-oyun","title":{"rendered":"YUKA MEMORY BELLEK G\u00dc\u00c7LEND\u0130R\u0130C\u0130 OYUN"},"content":{"rendered":"<div>Memory oyunu, \u00e7ocuklar\u0131n dikkat, odaklanma, alg\u0131 ve bellek yeteneklerini destekleyerek g\u00fc\u00e7lenmesini sa\u011fl\u0131yor. Bu ve benzeri oyunlarda beyindeki milyarlarca n\u00f6ron, aktif hale gelerek zihinsel s\u00fcre\u00e7lerin geli\u015fip g\u00fc\u00e7lenmesine yol a\u00e7\u0131yor, ayn\u0131 zamanda var olan\u00a0bili\u015fsel potansiyelin\u00a0en \u00fcst d\u00fczeyde kullanILmas\u0131n\u0131 sa\u011fl\u0131yor. Oyun hem bireysel hem de grup olarak oynanabilir. \u0130lk \u00f6nce 4 \u00e7ift (8 kart)\u2019la\u00a0oynan\u0131r. \u00c7ocuk(lar) oyunda ustala\u015ft\u0131k\u00e7a kart say\u0131s\u0131 artt\u0131r\u0131l\u0131r.\u00a0 Kartlar\u0131n resimli taraflar\u0131 yere bakacak \u015fekilde iki\u015ferli s\u0131ra halinde yan yana dizilir. Birinci \u00e7ocuk, rastgele veya s\u0131rayla iki kart a\u00e7ar, e\u011fer kartlar birbirinin e\u015fiyse kartlar\u0131 al\u0131r ve tekrar di\u011fer kartlar\u0131 a\u00e7ma hakk\u0131 kazan\u0131r. Farkl\u0131 kartlar \u00e7\u0131karsa, iki kart\u0131 kapat\u0131r ve s\u0131ra di\u011fer \u00e7ocu\u011fa ge\u00e7er. B\u00fct\u00fcn kartlar\u0131n e\u015fi bulununcaya kadar oyuna devam edilir. Oyun bittikten sonra en \u00e7ok kart\u0131 toplayan \u00e7ocuk oyunu kazan\u0131r.<\/div>\n<p>56 kart<\/p>\n","protected":false},"excerpt":{"rendered":"<p>Memory oyunu, \u00e7ocuklar\u0131n dikkat, odaklanma, alg\u0131 ve bellek yeteneklerini destekleyerek g\u00fc\u00e7lenmesini sa\u011fl\u0131yor. Bu ve benzeri oyunlarda beyindeki milyarlarca n\u00f6ron, aktif hale gelerek zihinsel s\u00fcre\u00e7lerin geli\u015fip g\u00fc\u00e7lenmesine yol a\u00e7\u0131yor, ayn\u0131 zamanda var olan\u00a0bili\u015fsel potansiyelin\u00a0en \u00fcst d\u00fczeyde kullanILmas\u0131n\u0131 sa\u011fl\u0131yor. Oyun hem bireysel hem de grup olarak oynanabilir. \u0130lk \u00f6nce 4 \u00e7ift (8 kart)\u2019la\u00a0oynan\u0131r. \u00c7ocuk(lar) oyunda ustala\u015ft\u0131k\u00e7a kart say\u0131s\u0131 artt\u0131r\u0131l\u0131r.\u00a0 Kartlar\u0131n resimli taraflar\u0131 yere bakacak \u015fekilde iki\u015ferli s\u0131ra halinde yan yana dizilir. Birinci \u00e7ocuk, rastgele veya s\u0131rayla iki kart a\u00e7ar, e\u011fer kartlar birbirinin e\u015fiyse kartlar\u0131 al\u0131r ve tekrar di\u011fer kartlar\u0131 a\u00e7ma hakk\u0131 kazan\u0131r. Farkl\u0131 kartlar \u00e7\u0131karsa, iki kart\u0131 kapat\u0131r ve s\u0131ra di\u011fer \u00e7ocu\u011fa ge\u00e7er. B\u00fct\u00fcn kartlar\u0131n e\u015fi bulununcaya kadar oyuna devam edilir. Oyun bittikten sonra en \u00e7ok kart\u0131 toplayan \u00e7ocuk oyunu kazan\u0131r. 56 kart<\/p>\n","protected":false},"featured_media":33730,"comment_status":"open","ping_status":"closed","template":"","meta":[],"product_brand":[],"product_cat":[553],"product_tag":[2370],"class_list":{"0":"post-33729","1":"product","2":"type-product","3":"status-publish","4":"has-post-thumbnail","6":"product_cat-egitici-materyaller","7":"product_tag-yuka-memory-bellek-guclendirici-oyun","9":"first","10":"instock","11":"shipping-taxable","12":"purchasable","13":"product-type-simple"},"_links":{"self":[{"href":"https:\/\/toysplusshop.com\/index.php?rest_route=\/wp\/v2\/product\/33729","targetHints":{"allow":["GET"]}}],"collection":[{"href":"https:\/\/toysplusshop.com\/index.php?rest_route=\/wp\/v2\/product"}],"about":[{"href":"https:\/\/toysplusshop.com\/index.php?rest_route=\/wp\/v2\/types\/product"}],"replies":[{"embeddable":true,"href":"https:\/\/toysplusshop.com\/index.php?rest_route=%2Fwp%2Fv2%2Fcomments&post=33729"}],"version-history":[{"count":1,"href":"https:\/\/toysplusshop.com\/index.php?rest_route=\/wp\/v2\/product\/33729\/revisions"}],"predecessor-version":[{"id":33731,"href":"https:\/\/toysplusshop.com\/index.php?rest_route=\/wp\/v2\/product\/33729\/revisions\/33731"}],"wp:featuredmedia":[{"embeddable":true,"href":"https:\/\/toysplusshop.com\/index.php?rest_route=\/wp\/v2\/media\/33730"}],"wp:attachment":[{"href":"https:\/\/toysplusshop.com\/index.php?rest_route=%2Fwp%2Fv2%2Fmedia&parent=33729"}],"wp:term":[{"taxonomy":"product_brand","embeddable":true,"href":"https:\/\/toysplusshop.com\/index.php?rest_route=%2Fwp%2Fv2%2Fproduct_brand&post=33729"},{"taxonomy":"product_cat","embeddable":true,"href":"https:\/\/toysplusshop.com\/index.php?rest_route=%2Fwp%2Fv2%2Fproduct_cat&post=33729"},{"taxonomy":"product_tag","embeddable":true,"href":"https:\/\/toysplusshop.com\/index.php?rest_route=%2Fwp%2Fv2%2Fproduct_tag&post=33729"}],"curies":[{"name":"wp","href":"https:\/\/api.w.org\/{rel}","templated":true}]}}