{"id":33741,"date":"2024-05-30T12:53:07","date_gmt":"2024-05-30T12:53:07","guid":{"rendered":"https:\/\/toysplusshop.com\/?post_type=product&#038;p=33741"},"modified":"2024-05-30T12:53:08","modified_gmt":"2024-05-30T12:53:08","slug":"yuka-isitsel-dikkat-karisik-sesli-tombala","status":"publish","type":"product","link":"https:\/\/toysplusshop.com\/?product=yuka-isitsel-dikkat-karisik-sesli-tombala","title":{"rendered":"YUKA \u0130\u015e\u0130TSEL D\u0130KKAT (KARI\u015eIK SESL\u0130 TOMBALA)"},"content":{"rendered":"<p>3-7 Ya\u015f Aras\u0131 \u00c7ocuklar \u0130\u00e7in E\u011fitici ve Dikkat Oyunu.<\/p>\n<p>1 veya 6 \u00e7ocuk ayn\u0131 anda oynayabilir. Oyun iki a\u015famal\u0131 olarak tasarlanm\u0131\u015ft\u0131r. \u0130lk a\u015famada iki ses aras\u0131ndaki s\u00fcre ortalama 15 saniyedir. Bu da \u00e7ocu\u011fun sesi tan\u0131mas\u0131 ve sesin g\u00f6rselini kart\u0131nda bulmas\u0131 i\u00e7in yeterli bir s\u00fcredir. \u00a0\u0130kinci a\u015famada sesler aras\u0131ndaki s\u00fcre k\u0131salt\u0131lm\u0131\u015ft\u0131r. Bu a\u015famadaki sesler, ilk a\u015famadaki seslerin devam\u0131nda geliyor ve sesler aras\u0131ndaki s\u00fcre ortalama 7 saniyeye d\u00fc\u015f\u00fcr\u00fclm\u00fc\u015ft\u00fcr. \u00a0Bu da \u00e7ocu\u011fun sesleri daha dikkatli dinlemesini ve daha h\u0131zl\u0131 davranmas\u0131n\u0131 gerektirir. Pratik kullan\u0131m i\u00e7in sesler MP3 format\u0131nda verilmi\u015ftir. Bundan dolay\u0131 sesler CD\u2019den bilgisayar ve telefon gibi cihazlara kolayca kopyalanabilir.<\/p>\n<p>UYGULAMA:\u00a0Oyuna ba\u015flamadan \u00f6nce \u00e7ocuklara g\u00f6rselleriyle birlikte sesler tan\u0131t\u0131l\u0131r ve taklitleri yapt\u0131r\u0131l\u0131r. Sonra her \u00e7ocu\u011fa bir kart verilir, pullar ise ortaya konulur. \u00c7ocuklar CD&#8217;deki sesleri dikkatlice dinler. S\u0131rayla duydu\u011fu sesin kart\u0131ndaki g\u00f6rsellerden birine ait olup olmad\u0131\u011f\u0131n\u0131 kontrol eder. \u00a0E\u011fer kart\u0131nda duydu\u011fu sesin g\u00f6rseli varsa, bir pul al\u0131r ve g\u00f6rselin \u00fczerine koyar. B\u00f6ylece kart\u0131ndaki b\u00fct\u00fcn g\u00f6rsellerin \u00fczerine pul koyup ilk bitiren \u00e7ocuk oyunu kazan\u0131r. \u00c7ocuk, ses ile g\u00f6rselini e\u015flemekte g\u00fc\u00e7l\u00fck ya\u015farsa ipucu verilerek desteklenebilir.<\/p>\n","protected":false},"excerpt":{"rendered":"<p>3-7 Ya\u015f Aras\u0131 \u00c7ocuklar \u0130\u00e7in E\u011fitici ve Dikkat Oyunu. 1 veya 6 \u00e7ocuk ayn\u0131 anda oynayabilir. Oyun iki a\u015famal\u0131 olarak tasarlanm\u0131\u015ft\u0131r. \u0130lk a\u015famada iki ses aras\u0131ndaki s\u00fcre ortalama 15 saniyedir. Bu da \u00e7ocu\u011fun sesi tan\u0131mas\u0131 ve sesin g\u00f6rselini kart\u0131nda bulmas\u0131 i\u00e7in yeterli bir s\u00fcredir. \u00a0\u0130kinci a\u015famada sesler aras\u0131ndaki s\u00fcre k\u0131salt\u0131lm\u0131\u015ft\u0131r. Bu a\u015famadaki sesler, ilk a\u015famadaki seslerin devam\u0131nda geliyor ve sesler aras\u0131ndaki s\u00fcre ortalama 7 saniyeye d\u00fc\u015f\u00fcr\u00fclm\u00fc\u015ft\u00fcr. \u00a0Bu da \u00e7ocu\u011fun sesleri daha dikkatli dinlemesini ve daha h\u0131zl\u0131 davranmas\u0131n\u0131 gerektirir. Pratik kullan\u0131m i\u00e7in sesler MP3 format\u0131nda verilmi\u015ftir. Bundan dolay\u0131 sesler CD\u2019den bilgisayar ve telefon gibi cihazlara kolayca kopyalanabilir. UYGULAMA:\u00a0Oyuna ba\u015flamadan \u00f6nce \u00e7ocuklara g\u00f6rselleriyle birlikte sesler tan\u0131t\u0131l\u0131r ve taklitleri yapt\u0131r\u0131l\u0131r. Sonra her \u00e7ocu\u011fa bir kart verilir, pullar ise ortaya konulur. \u00c7ocuklar CD&#8217;deki sesleri dikkatlice dinler. S\u0131rayla duydu\u011fu sesin kart\u0131ndaki g\u00f6rsellerden birine ait olup olmad\u0131\u011f\u0131n\u0131 kontrol eder. \u00a0E\u011fer kart\u0131nda duydu\u011fu sesin g\u00f6rseli varsa, bir pul al\u0131r ve g\u00f6rselin \u00fczerine koyar. B\u00f6ylece kart\u0131ndaki b\u00fct\u00fcn g\u00f6rsellerin \u00fczerine pul koyup ilk bitiren \u00e7ocuk oyunu kazan\u0131r. \u00c7ocuk, ses ile g\u00f6rselini e\u015flemekte g\u00fc\u00e7l\u00fck ya\u015farsa ipucu verilerek desteklenebilir.<\/p>\n","protected":false},"featured_media":33742,"comment_status":"open","ping_status":"closed","template":"","meta":[],"product_brand":[],"product_cat":[553],"product_tag":[2374],"class_list":{"0":"post-33741","1":"product","2":"type-product","3":"status-publish","4":"has-post-thumbnail","6":"product_cat-egitici-materyaller","7":"product_tag-yuka-isitsel-dikkat-karisik-sesli-tombala","9":"first","10":"instock","11":"shipping-taxable","12":"purchasable","13":"product-type-simple"},"_links":{"self":[{"href":"https:\/\/toysplusshop.com\/index.php?rest_route=\/wp\/v2\/product\/33741","targetHints":{"allow":["GET"]}}],"collection":[{"href":"https:\/\/toysplusshop.com\/index.php?rest_route=\/wp\/v2\/product"}],"about":[{"href":"https:\/\/toysplusshop.com\/index.php?rest_route=\/wp\/v2\/types\/product"}],"replies":[{"embeddable":true,"href":"https:\/\/toysplusshop.com\/index.php?rest_route=%2Fwp%2Fv2%2Fcomments&post=33741"}],"version-history":[{"count":1,"href":"https:\/\/toysplusshop.com\/index.php?rest_route=\/wp\/v2\/product\/33741\/revisions"}],"predecessor-version":[{"id":33743,"href":"https:\/\/toysplusshop.com\/index.php?rest_route=\/wp\/v2\/product\/33741\/revisions\/33743"}],"wp:featuredmedia":[{"embeddable":true,"href":"https:\/\/toysplusshop.com\/index.php?rest_route=\/wp\/v2\/media\/33742"}],"wp:attachment":[{"href":"https:\/\/toysplusshop.com\/index.php?rest_route=%2Fwp%2Fv2%2Fmedia&parent=33741"}],"wp:term":[{"taxonomy":"product_brand","embeddable":true,"href":"https:\/\/toysplusshop.com\/index.php?rest_route=%2Fwp%2Fv2%2Fproduct_brand&post=33741"},{"taxonomy":"product_cat","embeddable":true,"href":"https:\/\/toysplusshop.com\/index.php?rest_route=%2Fwp%2Fv2%2Fproduct_cat&post=33741"},{"taxonomy":"product_tag","embeddable":true,"href":"https:\/\/toysplusshop.com\/index.php?rest_route=%2Fwp%2Fv2%2Fproduct_tag&post=33741"}],"curies":[{"name":"wp","href":"https:\/\/api.w.org\/{rel}","templated":true}]}}