{"id":33773,"date":"2024-05-30T13:44:55","date_gmt":"2024-05-30T13:44:55","guid":{"rendered":"https:\/\/toysplusshop.com\/?post_type=product&#038;p=33773"},"modified":"2024-05-30T13:44:56","modified_gmt":"2024-05-30T13:44:56","slug":"yuka-konusma-kartlari-dort-sozcuklu-cumleler","status":"publish","type":"product","link":"https:\/\/toysplusshop.com\/?product=yuka-konusma-kartlari-dort-sozcuklu-cumleler","title":{"rendered":"YUKA KONU\u015eMA KARTLARI (D\u00d6RT S\u00d6ZC\u00dcKL\u00dc C\u00dcMLELER)"},"content":{"rendered":"<div>Nesne Eylem \u0130li\u015fkisini konu alan konu\u015fma kartlar\u0131\u00a0ileti\u015fim\u00a0s\u00fcrecini g\u00f6rselle\u015ftirerek dil\u00a0geli\u015fimini art\u0131r\u0131r.<\/div>\n<div>50 adet mukavva s\u0131vamal\u0131 kal\u0131n karttan olu\u015fmaktad\u0131r<\/div>\n<div>Kart boyutu: 6&#215;8 cm<\/div>\n<div>\n<p>18+ aydan itibaren kullan\u0131labilir.<\/p>\n<p>Bu setle, tek s\u00f6zc\u00fck ve daha fazla s\u00f6zc\u00fck kullanabilen \u00e7ocuklar\u0131n dil ve konu\u015fma becerilerinin geli\u015ftirilip artt\u0131r\u0131lmas\u0131 ve s\u00fcrd\u00fcr\u00fclmesi ama\u00e7lanm\u0131\u015ft\u0131r.<\/p>\n<p>\u00c7ocu\u011fa a\u015fa\u011f\u0131da \u00f6rnek olarak verilen kombinasyonlar s\u0131rayla g\u00f6sterilerek tekrar etmesi sa\u011flan\u0131r. 5 denemeden sonra resimler h\u0131zla g\u00f6sterilerek her iki resmi ifade eden s\u00f6zc\u00fckleri art arda tekrarlama egzersizleri yap\u0131l\u0131r. Sonra 5N &#8211; 1K sorular\u0131ndan \u00e7ocu\u011fun yan\u0131tlayabilecekleri sorulur. B\u00f6ylece hem konu\u015fmas\u0131, hem de alg\u0131s\u0131 geli\u015fir. Olaylar\u0131n sebep-sonu\u00e7 ili\u015fkisini, \u00f6nce-sonra ve di\u011fer ileri d\u00fczeydeki kavramlar\u0131 \u00f6\u011frenmesi sa\u011flan\u0131r.<\/p>\n<\/div>\n","protected":false},"excerpt":{"rendered":"<p>Nesne Eylem \u0130li\u015fkisini konu alan konu\u015fma kartlar\u0131\u00a0ileti\u015fim\u00a0s\u00fcrecini g\u00f6rselle\u015ftirerek dil\u00a0geli\u015fimini art\u0131r\u0131r. 50 adet mukavva s\u0131vamal\u0131 kal\u0131n karttan olu\u015fmaktad\u0131r Kart boyutu: 6&#215;8 cm 18+ aydan itibaren kullan\u0131labilir. Bu setle, tek s\u00f6zc\u00fck ve daha fazla s\u00f6zc\u00fck kullanabilen \u00e7ocuklar\u0131n dil ve konu\u015fma becerilerinin geli\u015ftirilip artt\u0131r\u0131lmas\u0131 ve s\u00fcrd\u00fcr\u00fclmesi ama\u00e7lanm\u0131\u015ft\u0131r. \u00c7ocu\u011fa a\u015fa\u011f\u0131da \u00f6rnek olarak verilen kombinasyonlar s\u0131rayla g\u00f6sterilerek tekrar etmesi sa\u011flan\u0131r. 5 denemeden sonra resimler h\u0131zla g\u00f6sterilerek her iki resmi ifade eden s\u00f6zc\u00fckleri art arda tekrarlama egzersizleri yap\u0131l\u0131r. Sonra 5N &#8211; 1K sorular\u0131ndan \u00e7ocu\u011fun yan\u0131tlayabilecekleri sorulur. B\u00f6ylece hem konu\u015fmas\u0131, hem de alg\u0131s\u0131 geli\u015fir. Olaylar\u0131n sebep-sonu\u00e7 ili\u015fkisini, \u00f6nce-sonra ve di\u011fer ileri d\u00fczeydeki kavramlar\u0131 \u00f6\u011frenmesi sa\u011flan\u0131r.<\/p>\n","protected":false},"featured_media":33774,"comment_status":"open","ping_status":"closed","template":"","meta":[],"product_brand":[],"product_cat":[553],"product_tag":[2382],"class_list":{"0":"post-33773","1":"product","2":"type-product","3":"status-publish","4":"has-post-thumbnail","6":"product_cat-egitici-materyaller","7":"product_tag-yuka-konusma-kartlari-dort-sozcuklu-cumleler","9":"first","10":"instock","11":"shipping-taxable","12":"purchasable","13":"product-type-simple"},"_links":{"self":[{"href":"https:\/\/toysplusshop.com\/index.php?rest_route=\/wp\/v2\/product\/33773","targetHints":{"allow":["GET"]}}],"collection":[{"href":"https:\/\/toysplusshop.com\/index.php?rest_route=\/wp\/v2\/product"}],"about":[{"href":"https:\/\/toysplusshop.com\/index.php?rest_route=\/wp\/v2\/types\/product"}],"replies":[{"embeddable":true,"href":"https:\/\/toysplusshop.com\/index.php?rest_route=%2Fwp%2Fv2%2Fcomments&post=33773"}],"version-history":[{"count":1,"href":"https:\/\/toysplusshop.com\/index.php?rest_route=\/wp\/v2\/product\/33773\/revisions"}],"predecessor-version":[{"id":33775,"href":"https:\/\/toysplusshop.com\/index.php?rest_route=\/wp\/v2\/product\/33773\/revisions\/33775"}],"wp:featuredmedia":[{"embeddable":true,"href":"https:\/\/toysplusshop.com\/index.php?rest_route=\/wp\/v2\/media\/33774"}],"wp:attachment":[{"href":"https:\/\/toysplusshop.com\/index.php?rest_route=%2Fwp%2Fv2%2Fmedia&parent=33773"}],"wp:term":[{"taxonomy":"product_brand","embeddable":true,"href":"https:\/\/toysplusshop.com\/index.php?rest_route=%2Fwp%2Fv2%2Fproduct_brand&post=33773"},{"taxonomy":"product_cat","embeddable":true,"href":"https:\/\/toysplusshop.com\/index.php?rest_route=%2Fwp%2Fv2%2Fproduct_cat&post=33773"},{"taxonomy":"product_tag","embeddable":true,"href":"https:\/\/toysplusshop.com\/index.php?rest_route=%2Fwp%2Fv2%2Fproduct_tag&post=33773"}],"curies":[{"name":"wp","href":"https:\/\/api.w.org\/{rel}","templated":true}]}}