{"id":33862,"date":"2024-06-03T08:48:59","date_gmt":"2024-06-03T08:48:59","guid":{"rendered":"https:\/\/toysplusshop.com\/?post_type=product&#038;p=33862"},"modified":"2024-06-03T08:49:01","modified_gmt":"2024-06-03T08:49:01","slug":"yuka-bak-diz-boz-disk","status":"publish","type":"product","link":"https:\/\/toysplusshop.com\/?product=yuka-bak-diz-boz-disk","title":{"rendered":"YUKA BAK D\u0130Z BOZ D\u0130SK"},"content":{"rendered":"<div>3-6 ya\u015f<\/div>\n<div>36 adet 20 mm ebad\u0131nda boncuk.<\/div>\n<div>32 adet model kart\u0131<\/div>\n<div>\u0130ki adet tekli boncuk dizme aparat\u0131.<\/div>\n<div>Boncuklar \u00a0kaliteli olup T\u00fcrkiye&#8217;de imal edilmi\u015ftir.<\/div>\n","protected":false},"excerpt":{"rendered":"<p>3-6 ya\u015f 36 adet 20 mm ebad\u0131nda boncuk. 32 adet model kart\u0131 \u0130ki adet tekli boncuk dizme aparat\u0131. Boncuklar \u00a0kaliteli olup T\u00fcrkiye&#8217;de imal edilmi\u015ftir.<\/p>\n","protected":false},"featured_media":33863,"comment_status":"open","ping_status":"closed","template":"","meta":[],"product_brand":[],"product_cat":[553],"product_tag":[2413],"class_list":{"0":"post-33862","1":"product","2":"type-product","3":"status-publish","4":"has-post-thumbnail","6":"product_cat-egitici-materyaller","7":"product_tag-yuka-bak-diz-boz-disk","9":"first","10":"instock","11":"shipping-taxable","12":"purchasable","13":"product-type-simple"},"_links":{"self":[{"href":"https:\/\/toysplusshop.com\/index.php?rest_route=\/wp\/v2\/product\/33862","targetHints":{"allow":["GET"]}}],"collection":[{"href":"https:\/\/toysplusshop.com\/index.php?rest_route=\/wp\/v2\/product"}],"about":[{"href":"https:\/\/toysplusshop.com\/index.php?rest_route=\/wp\/v2\/types\/product"}],"replies":[{"embeddable":true,"href":"https:\/\/toysplusshop.com\/index.php?rest_route=%2Fwp%2Fv2%2Fcomments&post=33862"}],"version-history":[{"count":1,"href":"https:\/\/toysplusshop.com\/index.php?rest_route=\/wp\/v2\/product\/33862\/revisions"}],"predecessor-version":[{"id":33864,"href":"https:\/\/toysplusshop.com\/index.php?rest_route=\/wp\/v2\/product\/33862\/revisions\/33864"}],"wp:featuredmedia":[{"embeddable":true,"href":"https:\/\/toysplusshop.com\/index.php?rest_route=\/wp\/v2\/media\/33863"}],"wp:attachment":[{"href":"https:\/\/toysplusshop.com\/index.php?rest_route=%2Fwp%2Fv2%2Fmedia&parent=33862"}],"wp:term":[{"taxonomy":"product_brand","embeddable":true,"href":"https:\/\/toysplusshop.com\/index.php?rest_route=%2Fwp%2Fv2%2Fproduct_brand&post=33862"},{"taxonomy":"product_cat","embeddable":true,"href":"https:\/\/toysplusshop.com\/index.php?rest_route=%2Fwp%2Fv2%2Fproduct_cat&post=33862"},{"taxonomy":"product_tag","embeddable":true,"href":"https:\/\/toysplusshop.com\/index.php?rest_route=%2Fwp%2Fv2%2Fproduct_tag&post=33862"}],"curies":[{"name":"wp","href":"https:\/\/api.w.org\/{rel}","templated":true}]}}