{"id":34355,"date":"2024-07-18T13:29:42","date_gmt":"2024-07-18T13:29:42","guid":{"rendered":"https:\/\/toysplusshop.com\/?post_type=product&#038;p=34355"},"modified":"2025-12-25T09:39:56","modified_gmt":"2025-12-25T09:39:56","slug":"lego-76245-marvel-ghost-rider-robotu-ve-motosikleti","status":"publish","type":"product","link":"https:\/\/toysplusshop.com\/?product=lego-76245-marvel-ghost-rider-robotu-ve-motosikleti","title":{"rendered":"LEGO 76245 MARVEL GHOST RIDER ROBOTU VE MOTOS\u0130KLET\u0130"},"content":{"rendered":"<p>B\u00fcy\u00fck boyutlu LEGO\u00ae Marvel Ghost Rider Robotu ve Motosikleti (76245) ile 7 ya\u015f ve \u00fczeri S\u00fcper Kahraman hayranlar\u0131n\u0131 \u00f6d\u00fcllendirin. Tekerlekler \u00fczerinde g\u00fc\u00e7l\u00fc robot aksiyonu! \u00c7ocuklar, Ghost Rider LEGO minifig\u00fcr\u00fcn\u00fc Ghost Rider robotunun a\u00e7\u0131lan kokpitine yerle\u015ftirir. Eklemli robot, hareketli kollara, bacaklara ve ellere sahiptir ve b\u00f6ylece s\u0131n\u0131rs\u0131z oyun ve sergileme olas\u0131l\u0131\u011f\u0131 i\u00e7in poz verdirilebilir. \u00c7ocuklar, s\u00fcper boyutlu robota binip k\u00f6t\u00fc adamlar\u0131 ararken, tak\u0131labilen zinciri yarat\u0131c\u0131 aksiyonu te\u015fvik eder. Tek ba\u015f\u0131na dik bir \u015fekilde durabilen motosiklet, alevli bir egzoza ve hareket halindeyken robotun d\u00fc\u015fmemesini sa\u011flayan bir koltu\u011fa sahiptir. Ekstra dijital e\u011flence i\u00e7in LEGO Builder uygulamas\u0131, \u00e7ocuklar\u0131n modeli yaparken g\u00f6rselle\u015ftirmelerine olanak tan\u0131yan sezgisel yak\u0131nla\u015ft\u0131rma ve d\u00f6nd\u00fcrme ara\u00e7lar\u0131na sahiptir.;<br \/>\nRobot ve motosiklet \u2013 Gen\u00e7 S\u00fcper Kahramanlar, tekerlekler \u00fczerinde hareket eden mega robot LEGO\u00ae Marvel Ghost Rider Robotu ve Motosikleti (76245) ile s\u0131n\u0131rs\u0131z hayali oyunlar\u0131n keyfini \u00e7\u0131karacak;<br \/>\nSimgele\u015fmi\u015f bir karakter \u2013 Bir Ghost Rider minifig\u00fcr\u00fc, tam eklemli kollara, bacaklara ve parmaklara sahip in\u015fa edilebilen bir Ghost Rider robotu ve robotun tak\u0131labildi\u011fi b\u00fcy\u00fck boyutlu bir motosiklet i\u00e7erir;<br \/>\n\u00c7\u0131lg\u0131n bir yolculuk \u2013 Motosiklete binmi\u015f bu robotun hareketli kollar\u0131, bacaklar\u0131, ezici elleri ve ruh yakalayan zinciriyle k\u00f6t\u00fc adamlar\u0131n hi\u00e7 \u015fans\u0131 yok;<br \/>\n\u00c7ocuklar i\u00e7in hediye \u2013 7 ya\u015f ve \u00fczeri robot, motosiklet veya Marvel hayranlar\u0131, bu in\u015fa edilebilen oyunca\u011f\u0131 do\u011fum g\u00fcnlerinde, y\u0131lba\u015f\u0131nda ya da herhangi bir zaman hediye olarak almaya bay\u0131lacak;<br \/>\nB\u00fcy\u00fck oyun ve sergileme modeli \u2013 Motosikletin y\u00fcksekli\u011fi 10 cm, uzunlu\u011fu 30 cm, geni\u015fli\u011fi 7 cm\u2019dir;<br \/>\n\u0130nteraktif dijital yap\u0131m \u2013 LEGO\u00ae Builder uygulamas\u0131, \u00e7ocuklar\u0131n modeli yaparken g\u00f6rselle\u015ftirmelerini sa\u011flayan sezgisel yak\u0131nla\u015ft\u0131rma ve d\u00f6nd\u00fcrme ara\u00e7lar\u0131na sahiptir;<br \/>\nE\u011flenceyi geni\u015fletin \u2013 Koleksiyon yap\u0131l\u0131p birle\u015ftirilebilen devasa LEGO\u00ae Marvel yap\u0131m oyuncaklar\u0131, yenilik\u00e7i \u00f6zellikleri ve s\u0131n\u0131rs\u0131z yap\u0131m ve oyun olanaklar\u0131yla gen\u00e7 hayal g\u00fc\u00e7lerine ilham verir;<br \/>\nKalite garantili \u2013 Dayan\u0131kl\u0131, birbiriyle uyumlu ve her seferinde rahat\u00e7a tak\u0131labilen LEGO\u00ae par\u00e7alar\u0131, sekt\u00f6r\u00fcn kat\u0131 kalite standartlar\u0131na uygundur;<br \/>\nG\u00fcvenlik garantili \u2013 LEGO\u00ae par\u00e7alar\u0131, kat\u0131 global g\u00fcvenlik standartlar\u0131n\u0131 kar\u015f\u0131lad\u0131\u011f\u0131ndan emin olmak i\u00e7in d\u00fc\u015f\u00fcr\u00fcl\u00fcr, \u0131s\u0131t\u0131l\u0131r, ezilir, b\u00fck\u00fcl\u00fcr ve analiz edilir;<\/p>\n","protected":false},"excerpt":{"rendered":"<p>B\u00fcy\u00fck boyutlu LEGO\u00ae Marvel Ghost Rider Robotu ve Motosikleti (76245) ile 7 ya\u015f ve \u00fczeri S\u00fcper Kahraman hayranlar\u0131n\u0131 \u00f6d\u00fcllendirin. Tekerlekler \u00fczerinde g\u00fc\u00e7l\u00fc robot aksiyonu! \u00c7ocuklar, Ghost Rider LEGO minifig\u00fcr\u00fcn\u00fc Ghost Rider robotunun a\u00e7\u0131lan kokpitine yerle\u015ftirir. Eklemli robot, hareketli kollara, bacaklara ve ellere sahiptir ve b\u00f6ylece s\u0131n\u0131rs\u0131z oyun ve sergileme olas\u0131l\u0131\u011f\u0131 i\u00e7in poz verdirilebilir. \u00c7ocuklar, s\u00fcper boyutlu robota binip k\u00f6t\u00fc adamlar\u0131 ararken, tak\u0131labilen zinciri yarat\u0131c\u0131 aksiyonu te\u015fvik eder. Tek ba\u015f\u0131na dik bir \u015fekilde durabilen motosiklet, alevli bir egzoza ve hareket halindeyken robotun d\u00fc\u015fmemesini sa\u011flayan bir koltu\u011fa sahiptir. Ekstra dijital e\u011flence i\u00e7in LEGO Builder uygulamas\u0131, \u00e7ocuklar\u0131n modeli yaparken g\u00f6rselle\u015ftirmelerine olanak tan\u0131yan sezgisel yak\u0131nla\u015ft\u0131rma ve d\u00f6nd\u00fcrme ara\u00e7lar\u0131na sahiptir.; Robot ve motosiklet \u2013 Gen\u00e7 S\u00fcper Kahramanlar, tekerlekler \u00fczerinde hareket eden mega robot LEGO\u00ae Marvel Ghost Rider Robotu ve Motosikleti (76245) ile s\u0131n\u0131rs\u0131z hayali oyunlar\u0131n keyfini \u00e7\u0131karacak; Simgele\u015fmi\u015f bir karakter \u2013 Bir Ghost Rider minifig\u00fcr\u00fc, tam eklemli kollara, bacaklara ve parmaklara sahip in\u015fa edilebilen bir Ghost Rider robotu ve robotun tak\u0131labildi\u011fi b\u00fcy\u00fck boyutlu bir motosiklet i\u00e7erir; \u00c7\u0131lg\u0131n bir yolculuk \u2013 Motosiklete binmi\u015f bu robotun hareketli kollar\u0131, bacaklar\u0131, ezici elleri ve ruh yakalayan zinciriyle k\u00f6t\u00fc adamlar\u0131n hi\u00e7 \u015fans\u0131 yok; \u00c7ocuklar i\u00e7in hediye \u2013 7 ya\u015f ve \u00fczeri robot, motosiklet veya Marvel hayranlar\u0131, bu in\u015fa edilebilen oyunca\u011f\u0131 do\u011fum g\u00fcnlerinde, y\u0131lba\u015f\u0131nda ya da herhangi bir zaman hediye olarak almaya bay\u0131lacak; B\u00fcy\u00fck oyun ve sergileme modeli \u2013 Motosikletin y\u00fcksekli\u011fi 10 cm, uzunlu\u011fu 30 cm, geni\u015fli\u011fi 7 cm\u2019dir; \u0130nteraktif dijital yap\u0131m \u2013 LEGO\u00ae Builder uygulamas\u0131, \u00e7ocuklar\u0131n modeli yaparken g\u00f6rselle\u015ftirmelerini sa\u011flayan sezgisel yak\u0131nla\u015ft\u0131rma ve d\u00f6nd\u00fcrme ara\u00e7lar\u0131na sahiptir; E\u011flenceyi geni\u015fletin \u2013 Koleksiyon yap\u0131l\u0131p birle\u015ftirilebilen devasa LEGO\u00ae Marvel yap\u0131m oyuncaklar\u0131, yenilik\u00e7i \u00f6zellikleri ve s\u0131n\u0131rs\u0131z yap\u0131m ve oyun olanaklar\u0131yla gen\u00e7 hayal g\u00fc\u00e7lerine ilham verir; Kalite garantili \u2013 Dayan\u0131kl\u0131, birbiriyle uyumlu ve her seferinde rahat\u00e7a tak\u0131labilen LEGO\u00ae par\u00e7alar\u0131, sekt\u00f6r\u00fcn kat\u0131 kalite standartlar\u0131na uygundur; G\u00fcvenlik garantili \u2013 LEGO\u00ae par\u00e7alar\u0131, kat\u0131 global g\u00fcvenlik standartlar\u0131n\u0131 kar\u015f\u0131lad\u0131\u011f\u0131ndan emin olmak i\u00e7in d\u00fc\u015f\u00fcr\u00fcl\u00fcr, \u0131s\u0131t\u0131l\u0131r, ezilir, b\u00fck\u00fcl\u00fcr ve analiz edilir;<\/p>\n","protected":false},"featured_media":34356,"comment_status":"open","ping_status":"closed","template":"","meta":[],"product_brand":[],"product_cat":[555,855],"product_tag":[3642],"class_list":{"0":"post-34355","1":"product","2":"type-product","3":"status-publish","4":"has-post-thumbnail","6":"product_cat-lego","7":"product_cat-marvel","8":"product_tag-lego-76245-marvel-ghost-rider-robotu-ve-motosikleti","10":"first","11":"instock","12":"shipping-taxable","13":"purchasable","14":"product-type-simple"},"_links":{"self":[{"href":"https:\/\/toysplusshop.com\/index.php?rest_route=\/wp\/v2\/product\/34355","targetHints":{"allow":["GET"]}}],"collection":[{"href":"https:\/\/toysplusshop.com\/index.php?rest_route=\/wp\/v2\/product"}],"about":[{"href":"https:\/\/toysplusshop.com\/index.php?rest_route=\/wp\/v2\/types\/product"}],"replies":[{"embeddable":true,"href":"https:\/\/toysplusshop.com\/index.php?rest_route=%2Fwp%2Fv2%2Fcomments&post=34355"}],"version-history":[{"count":2,"href":"https:\/\/toysplusshop.com\/index.php?rest_route=\/wp\/v2\/product\/34355\/revisions"}],"predecessor-version":[{"id":42544,"href":"https:\/\/toysplusshop.com\/index.php?rest_route=\/wp\/v2\/product\/34355\/revisions\/42544"}],"wp:featuredmedia":[{"embeddable":true,"href":"https:\/\/toysplusshop.com\/index.php?rest_route=\/wp\/v2\/media\/34356"}],"wp:attachment":[{"href":"https:\/\/toysplusshop.com\/index.php?rest_route=%2Fwp%2Fv2%2Fmedia&parent=34355"}],"wp:term":[{"taxonomy":"product_brand","embeddable":true,"href":"https:\/\/toysplusshop.com\/index.php?rest_route=%2Fwp%2Fv2%2Fproduct_brand&post=34355"},{"taxonomy":"product_cat","embeddable":true,"href":"https:\/\/toysplusshop.com\/index.php?rest_route=%2Fwp%2Fv2%2Fproduct_cat&post=34355"},{"taxonomy":"product_tag","embeddable":true,"href":"https:\/\/toysplusshop.com\/index.php?rest_route=%2Fwp%2Fv2%2Fproduct_tag&post=34355"}],"curies":[{"name":"wp","href":"https:\/\/api.w.org\/{rel}","templated":true}]}}