{"id":34366,"date":"2024-07-18T13:34:14","date_gmt":"2024-07-18T13:34:14","guid":{"rendered":"https:\/\/toysplusshop.com\/?post_type=product&#038;p=34366"},"modified":"2026-03-28T14:22:26","modified_gmt":"2026-03-28T14:22:26","slug":"lego-76226-marvel-orumcek-adam-figuru","status":"publish","type":"product","link":"https:\/\/toysplusshop.com\/?product=lego-76226-marvel-orumcek-adam-figuru","title":{"rendered":"LEGO 76226 MARVEL \u00d6R\u00dcMCEK ADAM F\u0130G\u00dcR\u00dc"},"content":{"rendered":"<p>LEGO\u00ae Marvel \u00d6r\u00fcmcek Adam Fig\u00fcr\u00fc (76226) ile \u00d6r\u00fcmcek Adam aksiyonunu 8 ya\u015f ve \u00fczeri hayranlar\u0131n ellerine verin. 24 cm boyundaki bu in\u015fa edilebilen, her yere g\u00f6t\u00fcr\u00fclebilen oyuncak, \u00e7ocuklar\u0131n S\u00fcper Kahraman maceralar\u0131na Marvel filmlerinin orijinalli\u011fini katar. Kendilerine ait bir Spidey! Marvel Evreni\u2019nden \u00d6r\u00fcmcek Adam\u2019a dayal\u0131 bu tam eklemli fig\u00fcr, t\u0131pk\u0131 ger\u00e7e\u011fi gibidir. \u00c7ocuklar, a\u011f aksesuarlar\u0131n\u0131 kullanarak s\u0131n\u0131rs\u0131z heyecan verici g\u00f6revde sava\u015f\u0131rken \u00d6r\u00fcmcek Adam fig\u00fcrlerini hareket ettirebilir ve konumland\u0131rabilir. O g\u00fcnk\u00fc sallanma aksiyonu bitti\u011finde, bu esnek fig\u00fcr sergilenirken harika g\u00f6r\u00fcn\u00fcr. \u00dccretsiz LEGO Yap\u0131m Talimatlar\u0131 uygulamas\u0131, \u00e7ocuklar\u0131n modeli yaparken g\u00f6rselle\u015ftirmelerine, yak\u0131nla\u015ft\u0131rmalar\u0131na ve d\u00f6nd\u00fcrmelerine olanak tan\u0131yarak kendilerini inan\u0131lmaz bir \u015fekilde yap\u0131m s\u00fcrecine kapt\u0131rmalar\u0131n\u0131 ve etkile\u015fime girmelerini sa\u011flar.;<\/p>\n","protected":false},"excerpt":{"rendered":"<p>LEGO\u00ae Marvel \u00d6r\u00fcmcek Adam Fig\u00fcr\u00fc (76226) ile \u00d6r\u00fcmcek Adam aksiyonunu 8 ya\u015f ve \u00fczeri hayranlar\u0131n ellerine verin. 24 cm boyundaki bu in\u015fa edilebilen, her yere g\u00f6t\u00fcr\u00fclebilen oyuncak, \u00e7ocuklar\u0131n S\u00fcper Kahraman maceralar\u0131na Marvel filmlerinin orijinalli\u011fini katar. Kendilerine ait bir Spidey! Marvel Evreni\u2019nden \u00d6r\u00fcmcek Adam\u2019a dayal\u0131 bu tam eklemli fig\u00fcr, t\u0131pk\u0131 ger\u00e7e\u011fi gibidir. \u00c7ocuklar, a\u011f aksesuarlar\u0131n\u0131 kullanarak s\u0131n\u0131rs\u0131z heyecan verici g\u00f6revde sava\u015f\u0131rken \u00d6r\u00fcmcek Adam fig\u00fcrlerini hareket ettirebilir ve konumland\u0131rabilir. O g\u00fcnk\u00fc sallanma aksiyonu bitti\u011finde, bu esnek fig\u00fcr sergilenirken harika g\u00f6r\u00fcn\u00fcr. \u00dccretsiz LEGO Yap\u0131m Talimatlar\u0131 uygulamas\u0131, \u00e7ocuklar\u0131n modeli yaparken g\u00f6rselle\u015ftirmelerine, yak\u0131nla\u015ft\u0131rmalar\u0131na ve d\u00f6nd\u00fcrmelerine olanak tan\u0131yarak kendilerini inan\u0131lmaz bir \u015fekilde yap\u0131m s\u00fcrecine kapt\u0131rmalar\u0131n\u0131 ve etkile\u015fime girmelerini sa\u011flar.;<\/p>\n","protected":false},"featured_media":34367,"comment_status":"open","ping_status":"closed","template":"","meta":[],"product_brand":[],"product_cat":[555,855],"product_tag":[2554,2553,1395],"class_list":{"0":"post-34366","1":"product","2":"type-product","3":"status-publish","4":"has-post-thumbnail","6":"product_cat-lego","7":"product_cat-marvel","8":"product_tag-lego-76226","9":"product_tag-lego-76226-marvel-orumcek-adam-figuru","10":"product_tag-lego-spiderman","12":"first","13":"outofstock","14":"shipping-taxable","15":"purchasable","16":"product-type-simple"},"_links":{"self":[{"href":"https:\/\/toysplusshop.com\/index.php?rest_route=\/wp\/v2\/product\/34366","targetHints":{"allow":["GET"]}}],"collection":[{"href":"https:\/\/toysplusshop.com\/index.php?rest_route=\/wp\/v2\/product"}],"about":[{"href":"https:\/\/toysplusshop.com\/index.php?rest_route=\/wp\/v2\/types\/product"}],"replies":[{"embeddable":true,"href":"https:\/\/toysplusshop.com\/index.php?rest_route=%2Fwp%2Fv2%2Fcomments&post=34366"}],"version-history":[{"count":1,"href":"https:\/\/toysplusshop.com\/index.php?rest_route=\/wp\/v2\/product\/34366\/revisions"}],"predecessor-version":[{"id":34374,"href":"https:\/\/toysplusshop.com\/index.php?rest_route=\/wp\/v2\/product\/34366\/revisions\/34374"}],"wp:featuredmedia":[{"embeddable":true,"href":"https:\/\/toysplusshop.com\/index.php?rest_route=\/wp\/v2\/media\/34367"}],"wp:attachment":[{"href":"https:\/\/toysplusshop.com\/index.php?rest_route=%2Fwp%2Fv2%2Fmedia&parent=34366"}],"wp:term":[{"taxonomy":"product_brand","embeddable":true,"href":"https:\/\/toysplusshop.com\/index.php?rest_route=%2Fwp%2Fv2%2Fproduct_brand&post=34366"},{"taxonomy":"product_cat","embeddable":true,"href":"https:\/\/toysplusshop.com\/index.php?rest_route=%2Fwp%2Fv2%2Fproduct_cat&post=34366"},{"taxonomy":"product_tag","embeddable":true,"href":"https:\/\/toysplusshop.com\/index.php?rest_route=%2Fwp%2Fv2%2Fproduct_tag&post=34366"}],"curies":[{"name":"wp","href":"https:\/\/api.w.org\/{rel}","templated":true}]}}