{"id":34444,"date":"2024-07-18T14:18:16","date_gmt":"2024-07-18T14:18:16","guid":{"rendered":"https:\/\/toysplusshop.com\/?post_type=product&#038;p=34444"},"modified":"2024-12-05T12:48:55","modified_gmt":"2024-12-05T12:48:55","slug":"lego-76434-harry-potter-aragog-yasak-ormanda","status":"publish","type":"product","link":"https:\/\/toysplusshop.com\/?product=lego-76434-harry-potter-aragog-yasak-ormanda","title":{"rendered":"LEGO 76434 HARRY POTTER ARAGOG YASAK ORMANDA"},"content":{"rendered":"<p>Gen\u00e7 b\u00fcy\u00fcc\u00fcn\u00fcz, cad\u0131n\u0131z veya Muggle\u2122\u2019\u0131n\u0131z, bu Aragog \u00f6r\u00fcmcekli oyun setiyle (76434) LEGO\u00ae Harry Potter\u2122 Yasak Orman\u2019da sihirli maceralar\u0131 canland\u0131rs\u0131n. 7 ya\u015f ve \u00fczeri erkek ve k\u0131z \u00e7ocuklarla Harry Potter hayranlar\u0131 i\u00e7in sihirli bir hediye olan bu sette, duru\u015fu ayarlanabilir bacaklar\u0131, di\u015fleri ve pedipalpleriyle \u015fimdiye kadarki en b\u00fcy\u00fck ve en ger\u00e7ek\u00e7i LEGO Aragog oyuncak fig\u00fcr\u00fc, ayr\u0131ca her biri mutlu veya korkmu\u015f y\u00fcz ifadeleriyle Harry Potter ve Ron Weasley\u2122 minifig\u00fcrleri, asalar ve bir fener bulunur. Bu set ayr\u0131ca b\u00fcy\u00fcl\u00fc oyun olanaklar\u0131n\u0131 art\u0131rmak i\u00e7in k\u00fc\u00e7\u00fck bir in\u015fa edilebilen Yasak Orman sahnesi, 2 yavru \u00f6r\u00fcmcek fig\u00fcr\u00fc ve bir \u00f6r\u00fcmcek a\u011f\u0131 i\u00e7erir. \u00c7ocuklar\u0131n modeli in\u015fa ederken 3 boyutlu dijital bir versiyonunu yak\u0131nla\u015ft\u0131rabilece\u011fi ve d\u00f6nd\u00fcrebilece\u011fi, ilerlemelerini takip edebilece\u011fi ve setleri kaydedebilece\u011fi LEGO Builder uygulamas\u0131yla yarat\u0131c\u0131 deneyimi ekstra e\u011flenceli hale getirin. Bu koleksiyonluk oyun seti, hayranlara kendi b\u00fcy\u00fcleyici hikayelerini yaratman\u0131n s\u0131n\u0131rs\u0131z yolunu sunan geni\u015f LEGO Harry Potter setleri (ayr\u0131 sat\u0131l\u0131r) serisinin bir par\u00e7as\u0131d\u0131r.;<\/p>\n<p>Sihirli maceralar i\u00e7in koleksiyonluk Aragog oyunca\u011f\u0131 \u2013 \u00c7ocuklar i\u00e7in Yasak Orman&#8217;daki dev \u00f6r\u00fcmcek Aragog&#8217;un \u015fimdiye kadarki en b\u00fcy\u00fck LEGO\u00ae Harry Potter\u2122 fig\u00fcr\u00fcn\u00fc i\u00e7eren hediye seti;<\/p>\n<p>2 LEGO\u00ae Harry Potter oyuncak karakteri \u2013 Bu sette mutlu ya da korkmu\u015f y\u00fcz se\u00e7enekleriyle Harry Potter\u2122 ve Ron Weasley\u2122 minifig\u00fcrleri, ayr\u0131ca 2 asa ve bir fener bulunur;<\/p>\n<p>Sihirli yarat\u0131k fig\u00fcr\u00fc \u2013 Aragog&#8217;un bacaklar\u0131n\u0131, di\u015flerini ve pedipalplerini ayarlay\u0131n ve Yasak Orman\u2019daki dramatik Harry Potter\u2122 sahnelerini canland\u0131r\u0131n;<\/p>\n<p>LEGO\u00ae Harry Potter\u2122 Yasak Orman sahnesi \u2013 \u0130n\u015fa edilebilen bitkiler ve \u00f6r\u00fcmcek a\u011f\u0131, ayr\u0131ca 2 yavru \u00f6r\u00fcmcek fig\u00fcr\u00fc i\u00e7eren bu k\u00fc\u00e7\u00fck Yasak Orman modeliyle oynarken \u00e7ocuklar\u0131n hayal g\u00fc\u00e7leri geli\u015fsin;<\/p>\n<p>\u00c7ocuklar i\u00e7in LEGO\u00ae Harry Potter hediyesi \u2013 Bu \u00f6r\u00fcmcek oyun setini 7 ya\u015f ve \u00fczeri k\u0131z ve erkek \u00e7ocuklara ve t\u00fcm Harry Potter\u2122 hayranlar\u0131na hediye edebilirsiniz;<\/p>\n<p>Model yapman\u0131n e\u011flenceli bir yolu \u2013 LEGO\u00ae Builder uygulamas\u0131, setleri kaydedebilecekleri, ilerlemeyi takip edebilecekleri ve modelleri yaparken 3 boyutlu olarak yak\u0131nla\u015ft\u0131r\u0131p d\u00f6nd\u00fcrebilecekleri sezgisel bir yap\u0131m yolculu\u011funda \u00e7ocuklara yol g\u00f6stersin;<\/p>\n<p>Geni\u015f bir serinin bir par\u00e7as\u0131 \u2013 LEGO\u00ae Harry Potter\u2122 oyuncak setleri, gen\u00e7 b\u00fcy\u00fcc\u00fclerin, cad\u0131lar\u0131n ve Muggle\u2122\u2019lar\u0131n unutulmaz sahneleri canland\u0131rmalar\u0131na, kendi hikayelerini olu\u015fturmalar\u0131na ya da sadece modelleri sergilemelerine olanak tan\u0131r;<\/p>\n<p>\u0130n\u015fa edin ve sergileyin \u2013 Bu 195 par\u00e7al\u0131 Aragog LEGO\u00ae setindeki oyuncak \u00f6r\u00fcmcek fig\u00fcr\u00fcn\u00fcn y\u00fcksekli\u011fi 7 cm, uzunlu\u011fu 16 cm, geni\u015fli\u011fi 18 cm\u2019dir;<\/p>\n","protected":false},"excerpt":{"rendered":"<p>Gen\u00e7 b\u00fcy\u00fcc\u00fcn\u00fcz, cad\u0131n\u0131z veya Muggle\u2122\u2019\u0131n\u0131z, bu Aragog \u00f6r\u00fcmcekli oyun setiyle (76434) LEGO\u00ae Harry Potter\u2122 Yasak Orman\u2019da sihirli maceralar\u0131 canland\u0131rs\u0131n. 7 ya\u015f ve \u00fczeri erkek ve k\u0131z \u00e7ocuklarla Harry Potter hayranlar\u0131 i\u00e7in sihirli bir hediye olan bu sette, duru\u015fu ayarlanabilir bacaklar\u0131, di\u015fleri ve pedipalpleriyle \u015fimdiye kadarki en b\u00fcy\u00fck ve en ger\u00e7ek\u00e7i LEGO Aragog oyuncak fig\u00fcr\u00fc, ayr\u0131ca her biri mutlu veya korkmu\u015f y\u00fcz ifadeleriyle Harry Potter ve Ron Weasley\u2122 minifig\u00fcrleri, asalar ve bir fener bulunur. Bu set ayr\u0131ca b\u00fcy\u00fcl\u00fc oyun olanaklar\u0131n\u0131 art\u0131rmak i\u00e7in k\u00fc\u00e7\u00fck bir in\u015fa edilebilen Yasak Orman sahnesi, 2 yavru \u00f6r\u00fcmcek fig\u00fcr\u00fc ve bir \u00f6r\u00fcmcek a\u011f\u0131 i\u00e7erir. \u00c7ocuklar\u0131n modeli in\u015fa ederken 3 boyutlu dijital bir versiyonunu yak\u0131nla\u015ft\u0131rabilece\u011fi ve d\u00f6nd\u00fcrebilece\u011fi, ilerlemelerini takip edebilece\u011fi ve setleri kaydedebilece\u011fi LEGO Builder uygulamas\u0131yla yarat\u0131c\u0131 deneyimi ekstra e\u011flenceli hale getirin. Bu koleksiyonluk oyun seti, hayranlara kendi b\u00fcy\u00fcleyici hikayelerini yaratman\u0131n s\u0131n\u0131rs\u0131z yolunu sunan geni\u015f LEGO Harry Potter setleri (ayr\u0131 sat\u0131l\u0131r) serisinin bir par\u00e7as\u0131d\u0131r.; Sihirli maceralar i\u00e7in koleksiyonluk Aragog oyunca\u011f\u0131 \u2013 \u00c7ocuklar i\u00e7in Yasak Orman&#8217;daki dev \u00f6r\u00fcmcek Aragog&#8217;un \u015fimdiye kadarki en b\u00fcy\u00fck LEGO\u00ae Harry Potter\u2122 fig\u00fcr\u00fcn\u00fc i\u00e7eren hediye seti; 2 LEGO\u00ae Harry Potter oyuncak karakteri \u2013 Bu sette mutlu ya da korkmu\u015f y\u00fcz se\u00e7enekleriyle Harry Potter\u2122 ve Ron Weasley\u2122 minifig\u00fcrleri, ayr\u0131ca 2 asa ve bir fener bulunur; Sihirli yarat\u0131k fig\u00fcr\u00fc \u2013 Aragog&#8217;un bacaklar\u0131n\u0131, di\u015flerini ve pedipalplerini ayarlay\u0131n ve Yasak Orman\u2019daki dramatik Harry Potter\u2122 sahnelerini canland\u0131r\u0131n; LEGO\u00ae Harry Potter\u2122 Yasak Orman sahnesi \u2013 \u0130n\u015fa edilebilen bitkiler ve \u00f6r\u00fcmcek a\u011f\u0131, ayr\u0131ca 2 yavru \u00f6r\u00fcmcek fig\u00fcr\u00fc i\u00e7eren bu k\u00fc\u00e7\u00fck Yasak Orman modeliyle oynarken \u00e7ocuklar\u0131n hayal g\u00fc\u00e7leri geli\u015fsin; \u00c7ocuklar i\u00e7in LEGO\u00ae Harry Potter hediyesi \u2013 Bu \u00f6r\u00fcmcek oyun setini 7 ya\u015f ve \u00fczeri k\u0131z ve erkek \u00e7ocuklara ve t\u00fcm Harry Potter\u2122 hayranlar\u0131na hediye edebilirsiniz; Model yapman\u0131n e\u011flenceli bir yolu \u2013 LEGO\u00ae Builder uygulamas\u0131, setleri kaydedebilecekleri, ilerlemeyi takip edebilecekleri ve modelleri yaparken 3 boyutlu olarak yak\u0131nla\u015ft\u0131r\u0131p d\u00f6nd\u00fcrebilecekleri sezgisel bir yap\u0131m yolculu\u011funda \u00e7ocuklara yol g\u00f6stersin; Geni\u015f bir serinin bir par\u00e7as\u0131 \u2013 LEGO\u00ae Harry Potter\u2122 oyuncak setleri, gen\u00e7 b\u00fcy\u00fcc\u00fclerin, cad\u0131lar\u0131n ve Muggle\u2122\u2019lar\u0131n unutulmaz sahneleri canland\u0131rmalar\u0131na, kendi hikayelerini olu\u015fturmalar\u0131na ya da sadece modelleri sergilemelerine olanak tan\u0131r; \u0130n\u015fa edin ve sergileyin \u2013 Bu 195 par\u00e7al\u0131 Aragog LEGO\u00ae setindeki oyuncak \u00f6r\u00fcmcek fig\u00fcr\u00fcn\u00fcn y\u00fcksekli\u011fi 7 cm, uzunlu\u011fu 16 cm, geni\u015fli\u011fi 18 cm\u2019dir;<\/p>\n","protected":false},"featured_media":34445,"comment_status":"open","ping_status":"closed","template":"","meta":[],"product_brand":[],"product_cat":[841,555],"product_tag":[2567,2566,2568,1458],"class_list":{"0":"post-34444","1":"product","2":"type-product","3":"status-publish","4":"has-post-thumbnail","6":"product_cat-harry-potter","7":"product_cat-lego","8":"product_tag-lego-76434","9":"product_tag-lego-76434-harry-potter-aragog-yasak-ormanda","10":"product_tag-lego-aragog","11":"product_tag-lego-harry-potter","13":"first","14":"outofstock","15":"shipping-taxable","16":"purchasable","17":"product-type-simple"},"_links":{"self":[{"href":"https:\/\/toysplusshop.com\/index.php?rest_route=\/wp\/v2\/product\/34444","targetHints":{"allow":["GET"]}}],"collection":[{"href":"https:\/\/toysplusshop.com\/index.php?rest_route=\/wp\/v2\/product"}],"about":[{"href":"https:\/\/toysplusshop.com\/index.php?rest_route=\/wp\/v2\/types\/product"}],"replies":[{"embeddable":true,"href":"https:\/\/toysplusshop.com\/index.php?rest_route=%2Fwp%2Fv2%2Fcomments&post=34444"}],"version-history":[{"count":1,"href":"https:\/\/toysplusshop.com\/index.php?rest_route=\/wp\/v2\/product\/34444\/revisions"}],"predecessor-version":[{"id":34454,"href":"https:\/\/toysplusshop.com\/index.php?rest_route=\/wp\/v2\/product\/34444\/revisions\/34454"}],"wp:featuredmedia":[{"embeddable":true,"href":"https:\/\/toysplusshop.com\/index.php?rest_route=\/wp\/v2\/media\/34445"}],"wp:attachment":[{"href":"https:\/\/toysplusshop.com\/index.php?rest_route=%2Fwp%2Fv2%2Fmedia&parent=34444"}],"wp:term":[{"taxonomy":"product_brand","embeddable":true,"href":"https:\/\/toysplusshop.com\/index.php?rest_route=%2Fwp%2Fv2%2Fproduct_brand&post=34444"},{"taxonomy":"product_cat","embeddable":true,"href":"https:\/\/toysplusshop.com\/index.php?rest_route=%2Fwp%2Fv2%2Fproduct_cat&post=34444"},{"taxonomy":"product_tag","embeddable":true,"href":"https:\/\/toysplusshop.com\/index.php?rest_route=%2Fwp%2Fv2%2Fproduct_tag&post=34444"}],"curies":[{"name":"wp","href":"https:\/\/api.w.org\/{rel}","templated":true}]}}