{"id":35104,"date":"2024-07-23T08:50:16","date_gmt":"2024-07-23T08:50:16","guid":{"rendered":"https:\/\/toysplusshop.com\/?post_type=product&#038;p=35104"},"modified":"2025-03-06T13:57:11","modified_gmt":"2025-03-06T13:57:11","slug":"scrabble-orijinal-turkce-hxv98","status":"publish","type":"product","link":"https:\/\/toysplusshop.com\/?product=scrabble-orijinal-turkce-hxv98","title":{"rendered":"SCRABBLE OR\u0130J\u0130NAL T\u00dcRK\u00c7E HXV98"},"content":{"rendered":"<p>Kelimelerin birbiri ile yar\u0131\u015ft\u0131\u011f\u0131, d\u00fcnyan\u0131n en \u00fcnl\u00fc kelime oyunu Scrabble! \u015eimdi tek bir kutuda iki oyun i\u00e7eren Scrabble kutu oyunuyla kelimelerin \u00f6tesine ge\u00e7en e\u011flencenin tad\u0131n\u0131 \u00e7\u0131kar\u0131n. Oyuncular, bilip sevdikleri klasik Scrabble kelime oyununu oynay\u0131p Harfin \u0130ki Kat\u0131 ve Kelimenin \u00dc\u00e7 Kat\u0131 puanlar\u0131 elde etmeye \u00e7al\u0131\u015fabilir. Alternatif olarak, oyuncular tahtay\u0131 ters \u00e7evirip yard\u0131mla\u015farak kelimeleri tamamlamaya \u00e7al\u0131\u015ft\u0131klar\u0131 h\u0131zl\u0131 ve e\u011flenceli bir oyun oynayabilir. Bu iki oyun hem ustalar hem de yeni oyuncular i\u00e7in \u00e7ok e\u011flencelidir. \u0130kisi bir arada oyun severek oynad\u0131\u011f\u0131n\u0131z klasik Scrabble! Dilerseniz \u00e7ift tarafl\u0131 tahtay\u0131 ters \u00e7evirerek Scrabble Together oyununu deneyin. Bu, yard\u0131mla\u015farak daha h\u0131zl\u0131, rahat ve kolay bir \u015fekilde puan kazan\u0131labilen bir oyundur. Scrabble Together oyununda Scrabble oyununun temellerini \u00f6\u011freten 50 hedef kart\u0131n\u0131 tamamlamak i\u00e7in tak\u0131m olarak oynay\u0131n. Bir kart \u00e7ekip &#8216;5 harfli bir kelime yaz&#8217; gibi g\u00f6revleri tamamlay\u0131n. Hedefi tamamlay\u0131p puan kazanmak i\u00e7in kart\u0131 al\u0131n. Puanlar\u0131 hesaplamak \u00e7ok basittir. Hedef kartlar\u0131 aras\u0131nda 20 adet ba\u015flang\u0131\u00e7 seviyesi hedef kart\u0131, 30 adet standart hedef kart\u0131 ve 6 adet yard\u0131mc\u0131 kart yer al\u0131r. Kazanmak i\u00e7in 20 hedefi tamamlay\u0131n! Bir oyundan \u00e7ok daha fazlas\u0131 olan Scrabble oyunuyla hem e\u011flenir, hem de oyunu her oynad\u0131\u011f\u0131nda yeni kelimeler \u00f6\u011frenir, kelime hazineni geli\u015ftirebilirsin! Kutu i\u00e7erisinde; 1 adet kuma\u015f ta\u015f kesesi, 4 ta\u015f tahtas\u0131, 100 harf ta\u015f\u0131, 56 kart, \u00e7ift tarafl\u0131 oyun tahtas\u0131, kurallar bulunmaktad\u0131r.<\/p>\n","protected":false},"excerpt":{"rendered":"<p>Kelimelerin birbiri ile yar\u0131\u015ft\u0131\u011f\u0131, d\u00fcnyan\u0131n en \u00fcnl\u00fc kelime oyunu Scrabble! \u015eimdi tek bir kutuda iki oyun i\u00e7eren Scrabble kutu oyunuyla kelimelerin \u00f6tesine ge\u00e7en e\u011flencenin tad\u0131n\u0131 \u00e7\u0131kar\u0131n. Oyuncular, bilip sevdikleri klasik Scrabble kelime oyununu oynay\u0131p Harfin \u0130ki Kat\u0131 ve Kelimenin \u00dc\u00e7 Kat\u0131 puanlar\u0131 elde etmeye \u00e7al\u0131\u015fabilir. Alternatif olarak, oyuncular tahtay\u0131 ters \u00e7evirip yard\u0131mla\u015farak kelimeleri tamamlamaya \u00e7al\u0131\u015ft\u0131klar\u0131 h\u0131zl\u0131 ve e\u011flenceli bir oyun oynayabilir. Bu iki oyun hem ustalar hem de yeni oyuncular i\u00e7in \u00e7ok e\u011flencelidir. \u0130kisi bir arada oyun severek oynad\u0131\u011f\u0131n\u0131z klasik Scrabble! Dilerseniz \u00e7ift tarafl\u0131 tahtay\u0131 ters \u00e7evirerek Scrabble Together oyununu deneyin. Bu, yard\u0131mla\u015farak daha h\u0131zl\u0131, rahat ve kolay bir \u015fekilde puan kazan\u0131labilen bir oyundur. Scrabble Together oyununda Scrabble oyununun temellerini \u00f6\u011freten 50 hedef kart\u0131n\u0131 tamamlamak i\u00e7in tak\u0131m olarak oynay\u0131n. Bir kart \u00e7ekip &#8216;5 harfli bir kelime yaz&#8217; gibi g\u00f6revleri tamamlay\u0131n. Hedefi tamamlay\u0131p puan kazanmak i\u00e7in kart\u0131 al\u0131n. Puanlar\u0131 hesaplamak \u00e7ok basittir. Hedef kartlar\u0131 aras\u0131nda 20 adet ba\u015flang\u0131\u00e7 seviyesi hedef kart\u0131, 30 adet standart hedef kart\u0131 ve 6 adet yard\u0131mc\u0131 kart yer al\u0131r. Kazanmak i\u00e7in 20 hedefi tamamlay\u0131n! Bir oyundan \u00e7ok daha fazlas\u0131 olan Scrabble oyunuyla hem e\u011flenir, hem de oyunu her oynad\u0131\u011f\u0131nda yeni kelimeler \u00f6\u011frenir, kelime hazineni geli\u015ftirebilirsin! Kutu i\u00e7erisinde; 1 adet kuma\u015f ta\u015f kesesi, 4 ta\u015f tahtas\u0131, 100 harf ta\u015f\u0131, 56 kart, \u00e7ift tarafl\u0131 oyun tahtas\u0131, kurallar bulunmaktad\u0131r.<\/p>\n","protected":false},"featured_media":35106,"comment_status":"open","ping_status":"closed","template":"","meta":[],"product_brand":[],"product_cat":[1055],"product_tag":[2707,2708,2706,2705,2709],"class_list":{"0":"post-35104","1":"product","2":"type-product","3":"status-publish","4":"has-post-thumbnail","6":"product_cat-kutu-oyunlari","7":"product_tag-mattel-hxv98","8":"product_tag-scrabble","9":"product_tag-scrabble-hxv98","10":"product_tag-scrabble-orijinal-turkce-hxv98","11":"product_tag-scrabble-turkce","13":"first","14":"instock","15":"shipping-taxable","16":"purchasable","17":"product-type-simple"},"_links":{"self":[{"href":"https:\/\/toysplusshop.com\/index.php?rest_route=\/wp\/v2\/product\/35104","targetHints":{"allow":["GET"]}}],"collection":[{"href":"https:\/\/toysplusshop.com\/index.php?rest_route=\/wp\/v2\/product"}],"about":[{"href":"https:\/\/toysplusshop.com\/index.php?rest_route=\/wp\/v2\/types\/product"}],"replies":[{"embeddable":true,"href":"https:\/\/toysplusshop.com\/index.php?rest_route=%2Fwp%2Fv2%2Fcomments&post=35104"}],"version-history":[{"count":1,"href":"https:\/\/toysplusshop.com\/index.php?rest_route=\/wp\/v2\/product\/35104\/revisions"}],"predecessor-version":[{"id":35111,"href":"https:\/\/toysplusshop.com\/index.php?rest_route=\/wp\/v2\/product\/35104\/revisions\/35111"}],"wp:featuredmedia":[{"embeddable":true,"href":"https:\/\/toysplusshop.com\/index.php?rest_route=\/wp\/v2\/media\/35106"}],"wp:attachment":[{"href":"https:\/\/toysplusshop.com\/index.php?rest_route=%2Fwp%2Fv2%2Fmedia&parent=35104"}],"wp:term":[{"taxonomy":"product_brand","embeddable":true,"href":"https:\/\/toysplusshop.com\/index.php?rest_route=%2Fwp%2Fv2%2Fproduct_brand&post=35104"},{"taxonomy":"product_cat","embeddable":true,"href":"https:\/\/toysplusshop.com\/index.php?rest_route=%2Fwp%2Fv2%2Fproduct_cat&post=35104"},{"taxonomy":"product_tag","embeddable":true,"href":"https:\/\/toysplusshop.com\/index.php?rest_route=%2Fwp%2Fv2%2Fproduct_tag&post=35104"}],"curies":[{"name":"wp","href":"https:\/\/api.w.org\/{rel}","templated":true}]}}