{"id":35112,"date":"2024-07-23T08:56:41","date_gmt":"2024-07-23T08:56:41","guid":{"rendered":"https:\/\/toysplusshop.com\/?post_type=product&#038;p=35112"},"modified":"2026-04-04T09:43:52","modified_gmt":"2026-04-04T09:43:52","slug":"play-doh-hayal-gucu-istasyonu-baslangic-seti-f6927","status":"publish","type":"product","link":"https:\/\/toysplusshop.com\/?product=play-doh-hayal-gucu-istasyonu-baslangic-seti-f6927","title":{"rendered":"PLAY-DOH HAYAL G\u00dcC\u00dc \u0130STASYONU BA\u015eLANGI\u00c7 SET\u0130 F6927"},"content":{"rendered":"<p>Play-Doh Hayal G\u00fcc\u00fc \u0130stasyonu Ba\u015flang\u0131\u00e7 Seti ile \u00e7ocuklara hayal g\u00fc\u00e7lerini harekete ge\u00e7irmeleri i\u00e7in kendi oyun alanlar\u0131n\u0131 verin! 15 Play-Doh aksesuar\u0131 ve 6 modelleme bile\u015fik rengiyle oynaman\u0131n pek \u00e7ok yolunu i\u00e7eren bu Play-Doh aktivite masas\u0131yla \u00e7ocuklar i\u00e7in sanat ve el i\u015fleri art\u0131k daha da yarat\u0131c\u0131! Ke\u015ffedilecek \u00e7ok \u015fey i\u00e7in \u00e7ocuk aktivite masas\u0131n\u0131 2 mod aras\u0131nda \u00e7evirin! D\u00fcz taraf, oyun mat\u0131 \u00fczerinde yarat\u0131c\u0131l\u0131klar\u0131n\u0131 ke\u015ffetmeleri i\u00e7in harika bir yer sa\u011flarken, 3D taraf, \u015felale yap\u0131c\u0131, ara\u00e7 ve hayvan ara\u00e7lar\u0131yla her t\u00fcrl\u00fc maceray\u0131 hayal etmelerini sa\u011flar. Kolay saklama ve temizleme, bunu yeti\u015fkinlerin de kesinlikle sevece\u011fi harika bir \u00e7ocuk oyunca\u011f\u0131 yapar. Bu ba\u015flang\u0131\u00e7 Play-Doh oyun seti gibi okul \u00f6ncesi oyuncaklar, 3 ya\u015f ve \u00fczeri erkek ve k\u0131z \u00e7ocuklar i\u00e7in harika hediyelerdir.<\/p>\n<p>HEPS\u0130 B\u0130R ARADA HAYAL MERKEZ\u0130:\u00a0\u00c7ocuklar k\u00fc\u00e7\u00fckken ve hala \u00f6\u011frenirken, bu Play-Doh aktivite masas\u0131 gibi oyuncaklar onlara hayal g\u00fc\u00e7lerini kendi y\u00f6ntemleriyle ifade etmeleri i\u00e7in kendi alanlar\u0131n\u0131 sunar.<\/p>\n<p>DAHA YARATICI E\u011eLENCE \u0130\u00c7\u0130N \u00c7EV\u0130R\u0130N: Masan\u0131n d\u00fcz taraf\u0131, \u00e7ocuklar\u0131n oyun mat\u0131 ve Play-Doh ara\u00e7lar\u0131yla 2 boyutlu oyunlar oynamas\u0131n\u0131 sa\u011flar. Daha yarat\u0131c\u0131 maceralar i\u00e7in 3 boyutlu taraf\u0131 \u00e7evirebilirsiniz.<\/p>\n<p>D\u0130\u011eER SANATLAR VE EL \u0130\u015eLER\u0130 \u0130\u00c7\u0130N HAR\u0130KA:\u00a0Bu Play-Doh masas\u0131, di\u011fer favori okul \u00f6ncesi el i\u015fi malzemeleri ve halihaz\u0131rda evinizde bulunan yarat\u0131c\u0131 oyuncaklarla birlikte kullanmak i\u00e7in de harikad\u0131r.<\/p>\n<p>M\u00dcKEMMEL B\u0130R BA\u015eLANGI\u00c7 PLAY-DOH SET\u0130:\u00a0\u00c7ocuklar i\u00e7in damgalama, kal\u0131plama ve kesme gibi kullan\u0131m\u0131 kolay okul \u00f6ncesi sanat ve el i\u015fi etkinlikleriyle 3 ya\u015f\u0131ndaki k\u0131z ve erkek \u00e7ocuklar\u0131n geli\u015fimine katk\u0131 sa\u011flay\u0131n!<\/p>\n<p>KOLAY SAKLAMA VE TEM\u0130ZL\u0130K:\u00a0\u00dcr\u00fcn aksesuarlar\u0131n\u0131 saklan\u0131m\u0131 ve masan\u0131n kolay s\u00f6k\u00fclebilir olmas\u0131yla yeti\u015fkinler d\u00fc\u015f\u00fcn\u00fclerek tasarlanm\u0131\u015f Play-Doh setlerinden biridir.<\/p>\n<p>PLAYMAT, AKSESUARLAR VE RENKLER:\u00a0Okul \u00f6ncesi \u00e7ocuklar i\u00e7in \u00e7e\u015fitli manip\u00fclatifler, kendi hikayelerini yaratmak i\u00e7in \u00e7ift tarafl\u0131 oyun mat\u0131ndaki 15 Play-Doh aksesuar\u0131n\u0131 ve 6 modelleme bile\u015fik rengini kullanmalar\u0131na olanak tan\u0131r.<\/p>\n<p>MONTAJ BOYUTLARI:\u00a056,57 U x 38,98 G x 40,64 Y<\/p>\n<p>\u0130\u00e7indekiler: Rayl\u0131 balina arac\u0131, ara\u00e7, k\u00f6pr\u00fc, 5 damga, karakter arac\u0131, silindir, d\u00f6ner kesici, pres aleti, makas, b\u0131\u00e7ak ve 6 kutu Play-Doh Hamuru i\u00e7erir (256 gram).<\/p>\n<p>Ebeveynlerin Dikkatine:\u00a0Bu\u011fday \u0130\u00e7erir. Yeti\u015fkin montaj\u0131 gereklidir. Yenmek ama\u00e7l\u0131 de\u011fildir. Toksik Olmayan \u015euna uygundur: ASTM D-4236. \u00dcr\u00fcn ve renkler farkl\u0131l\u0131k g\u00f6sterecektir.<\/p>\n","protected":false},"excerpt":{"rendered":"<p>Play-Doh Hayal G\u00fcc\u00fc \u0130stasyonu Ba\u015flang\u0131\u00e7 Seti ile \u00e7ocuklara hayal g\u00fc\u00e7lerini harekete ge\u00e7irmeleri i\u00e7in kendi oyun alanlar\u0131n\u0131 verin! 15 Play-Doh aksesuar\u0131 ve 6 modelleme bile\u015fik rengiyle oynaman\u0131n pek \u00e7ok yolunu i\u00e7eren bu Play-Doh aktivite masas\u0131yla \u00e7ocuklar i\u00e7in sanat ve el i\u015fleri art\u0131k daha da yarat\u0131c\u0131! Ke\u015ffedilecek \u00e7ok \u015fey i\u00e7in \u00e7ocuk aktivite masas\u0131n\u0131 2 mod aras\u0131nda \u00e7evirin! D\u00fcz taraf, oyun mat\u0131 \u00fczerinde yarat\u0131c\u0131l\u0131klar\u0131n\u0131 ke\u015ffetmeleri i\u00e7in harika bir yer sa\u011flarken, 3D taraf, \u015felale yap\u0131c\u0131, ara\u00e7 ve hayvan ara\u00e7lar\u0131yla her t\u00fcrl\u00fc maceray\u0131 hayal etmelerini sa\u011flar. Kolay saklama ve temizleme, bunu yeti\u015fkinlerin de kesinlikle sevece\u011fi harika bir \u00e7ocuk oyunca\u011f\u0131 yapar. Bu ba\u015flang\u0131\u00e7 Play-Doh oyun seti gibi okul \u00f6ncesi oyuncaklar, 3 ya\u015f ve \u00fczeri erkek ve k\u0131z \u00e7ocuklar i\u00e7in harika hediyelerdir. HEPS\u0130 B\u0130R ARADA HAYAL MERKEZ\u0130:\u00a0\u00c7ocuklar k\u00fc\u00e7\u00fckken ve hala \u00f6\u011frenirken, bu Play-Doh aktivite masas\u0131 gibi oyuncaklar onlara hayal g\u00fc\u00e7lerini kendi y\u00f6ntemleriyle ifade etmeleri i\u00e7in kendi alanlar\u0131n\u0131 sunar. DAHA YARATICI E\u011eLENCE \u0130\u00c7\u0130N \u00c7EV\u0130R\u0130N: Masan\u0131n d\u00fcz taraf\u0131, \u00e7ocuklar\u0131n oyun mat\u0131 ve Play-Doh ara\u00e7lar\u0131yla 2 boyutlu oyunlar oynamas\u0131n\u0131 sa\u011flar. Daha yarat\u0131c\u0131 maceralar i\u00e7in 3 boyutlu taraf\u0131 \u00e7evirebilirsiniz. D\u0130\u011eER SANATLAR VE EL \u0130\u015eLER\u0130 \u0130\u00c7\u0130N HAR\u0130KA:\u00a0Bu Play-Doh masas\u0131, di\u011fer favori okul \u00f6ncesi el i\u015fi malzemeleri ve halihaz\u0131rda evinizde bulunan yarat\u0131c\u0131 oyuncaklarla birlikte kullanmak i\u00e7in de harikad\u0131r. M\u00dcKEMMEL B\u0130R BA\u015eLANGI\u00c7 PLAY-DOH SET\u0130:\u00a0\u00c7ocuklar i\u00e7in damgalama, kal\u0131plama ve kesme gibi kullan\u0131m\u0131 kolay okul \u00f6ncesi sanat ve el i\u015fi etkinlikleriyle 3 ya\u015f\u0131ndaki k\u0131z ve erkek \u00e7ocuklar\u0131n geli\u015fimine katk\u0131 sa\u011flay\u0131n! KOLAY SAKLAMA VE TEM\u0130ZL\u0130K:\u00a0\u00dcr\u00fcn aksesuarlar\u0131n\u0131 saklan\u0131m\u0131 ve masan\u0131n kolay s\u00f6k\u00fclebilir olmas\u0131yla yeti\u015fkinler d\u00fc\u015f\u00fcn\u00fclerek tasarlanm\u0131\u015f Play-Doh setlerinden biridir. PLAYMAT, AKSESUARLAR VE RENKLER:\u00a0Okul \u00f6ncesi \u00e7ocuklar i\u00e7in \u00e7e\u015fitli manip\u00fclatifler, kendi hikayelerini yaratmak i\u00e7in \u00e7ift tarafl\u0131 oyun mat\u0131ndaki 15 Play-Doh aksesuar\u0131n\u0131 ve 6 modelleme bile\u015fik rengini kullanmalar\u0131na olanak tan\u0131r. MONTAJ BOYUTLARI:\u00a056,57 U x 38,98 G x 40,64 Y \u0130\u00e7indekiler: Rayl\u0131 balina arac\u0131, ara\u00e7, k\u00f6pr\u00fc, 5 damga, karakter arac\u0131, silindir, d\u00f6ner kesici, pres aleti, makas, b\u0131\u00e7ak ve 6 kutu Play-Doh Hamuru i\u00e7erir (256 gram). Ebeveynlerin Dikkatine:\u00a0Bu\u011fday \u0130\u00e7erir. Yeti\u015fkin montaj\u0131 gereklidir. Yenmek ama\u00e7l\u0131 de\u011fildir. Toksik Olmayan \u015euna uygundur: ASTM D-4236. \u00dcr\u00fcn ve renkler farkl\u0131l\u0131k g\u00f6sterecektir.<\/p>\n","protected":false},"featured_media":35113,"comment_status":"open","ping_status":"closed","template":"","meta":[],"product_brand":[],"product_cat":[551,550],"product_tag":[2712,2711,2710],"class_list":{"0":"post-35112","1":"product","2":"type-product","3":"status-publish","4":"has-post-thumbnail","6":"product_cat-erkek-oyuncaklari","7":"product_cat-kiz-oyuncaklari","8":"product_tag-hasbro-f6927","9":"product_tag-play-doh-f6927","10":"product_tag-play-doh-hayal-gucu-istasyonu-baslangic-seti-f6927","12":"first","13":"outofstock","14":"shipping-taxable","15":"purchasable","16":"product-type-simple"},"_links":{"self":[{"href":"https:\/\/toysplusshop.com\/index.php?rest_route=\/wp\/v2\/product\/35112","targetHints":{"allow":["GET"]}}],"collection":[{"href":"https:\/\/toysplusshop.com\/index.php?rest_route=\/wp\/v2\/product"}],"about":[{"href":"https:\/\/toysplusshop.com\/index.php?rest_route=\/wp\/v2\/types\/product"}],"replies":[{"embeddable":true,"href":"https:\/\/toysplusshop.com\/index.php?rest_route=%2Fwp%2Fv2%2Fcomments&post=35112"}],"version-history":[{"count":1,"href":"https:\/\/toysplusshop.com\/index.php?rest_route=\/wp\/v2\/product\/35112\/revisions"}],"predecessor-version":[{"id":35121,"href":"https:\/\/toysplusshop.com\/index.php?rest_route=\/wp\/v2\/product\/35112\/revisions\/35121"}],"wp:featuredmedia":[{"embeddable":true,"href":"https:\/\/toysplusshop.com\/index.php?rest_route=\/wp\/v2\/media\/35113"}],"wp:attachment":[{"href":"https:\/\/toysplusshop.com\/index.php?rest_route=%2Fwp%2Fv2%2Fmedia&parent=35112"}],"wp:term":[{"taxonomy":"product_brand","embeddable":true,"href":"https:\/\/toysplusshop.com\/index.php?rest_route=%2Fwp%2Fv2%2Fproduct_brand&post=35112"},{"taxonomy":"product_cat","embeddable":true,"href":"https:\/\/toysplusshop.com\/index.php?rest_route=%2Fwp%2Fv2%2Fproduct_cat&post=35112"},{"taxonomy":"product_tag","embeddable":true,"href":"https:\/\/toysplusshop.com\/index.php?rest_route=%2Fwp%2Fv2%2Fproduct_tag&post=35112"}],"curies":[{"name":"wp","href":"https:\/\/api.w.org\/{rel}","templated":true}]}}