{"id":35137,"date":"2024-07-23T09:27:51","date_gmt":"2024-07-23T09:27:51","guid":{"rendered":"https:\/\/toysplusshop.com\/?post_type=product&#038;p=35137"},"modified":"2025-09-17T13:18:24","modified_gmt":"2025-09-17T13:18:24","slug":"cluedo-escape-dedektif-oyunu-f5699","status":"publish","type":"product","link":"https:\/\/toysplusshop.com\/?product=cluedo-escape-dedektif-oyunu-f5699","title":{"rendered":"CLUEDO ESCAPE (DEDEKT\u0130F OYUNU) HASBRO F5699"},"content":{"rendered":"<p>Bay Boddy&#8217;nin malikanesinde misafirsiniz, aniden bir \u00e7\u0131\u011fl\u0131k duyars\u0131n\u0131z, \u0131\u015f\u0131klar s\u00f6ner ve Bay Boddy&#8217;yi \u00f6l\u00fc bulursunuz!<\/p>\n<p>Daha sonra siz ve oyuncu arkada\u015flar\u0131n\u0131z nihai bir s\u0131nava tabi tutulursunuz: Malikaneden ka\u00e7mak i\u00e7in birlikte \u00e7al\u0131\u015f\u0131n, ard\u0131ndan Bay Boddy&#8217;yi kimin, nerede ve hangi silahla \u00f6ld\u00fcrd\u00fc\u011f\u00fcn\u00fc belirleyin.<\/p>\n<p>Tudor Malikanesi&#8217;ndeki Clue Treachery Escape &amp; Solve Mystery masa oyunu, oyuncular\u0131n s\u0131n\u0131rl\u0131 kurulumla hemen oynamas\u0131na olanak tan\u0131yan bir ka\u00e7\u0131\u015f odas\u0131 oyununda klasik Clue karakterleri ve hikayesi sunuyor.<\/p>\n<p>Oyuncular kona\u011f\u0131 ke\u015ffederken, kartlar \u00e7ekerken, bulmacalar\u0131 \u00e7\u00f6zerken, yeni odalar\u0131n kilidini a\u00e7arken ve ipu\u00e7lar\u0131n\u0131 ortaya \u00e7\u0131kar\u0131rken piyonlar\u0131n\u0131 oda oda in\u015fa edilmi\u015f bir oyun tahtas\u0131nda hareket ettirir.<\/p>\n<p>Oyuncular malikaneden ka\u00e7t\u0131ktan sonra toplad\u0131klar\u0131 ipu\u00e7lar\u0131n\u0131 g\u00f6zden ge\u00e7irir ve do\u011fru bir su\u00e7lama yapmak ve kazanmak i\u00e7in kesinti kullan\u0131r!<\/p>\n<p>Kendilerini sinematik, tek oyunlu bir deneyime kapt\u0131r\u0131rken unutamayacaklar\u0131 bir oyun gecesi i\u00e7in arkada\u015flar\u0131n\u0131z\u0131 ve ailenizi bir araya toplay\u0131n.<\/p>\n<p>Bu ka\u00e7\u0131\u015f odas\u0131 oyunu, 10 ya\u015f ve \u00fczeri 1-6 oyuncu i\u00e7indir ve orijinal Clue oyununun ve cinayet gizemi oyunlar\u0131n\u0131n hayranlar\u0131 i\u00e7in harika bir hediyedir.<\/p>\n<p><strong>Oyuncu Say\u0131s\u0131 |\u00a0<\/strong>1 &#8211; 6.<\/p>\n<p><strong>Ya\u015f Grubu |\u00a0<\/strong>+10.<\/p>\n","protected":false},"excerpt":{"rendered":"<p>Bay Boddy&#8217;nin malikanesinde misafirsiniz, aniden bir \u00e7\u0131\u011fl\u0131k duyars\u0131n\u0131z, \u0131\u015f\u0131klar s\u00f6ner ve Bay Boddy&#8217;yi \u00f6l\u00fc bulursunuz! Daha sonra siz ve oyuncu arkada\u015flar\u0131n\u0131z nihai bir s\u0131nava tabi tutulursunuz: Malikaneden ka\u00e7mak i\u00e7in birlikte \u00e7al\u0131\u015f\u0131n, ard\u0131ndan Bay Boddy&#8217;yi kimin, nerede ve hangi silahla \u00f6ld\u00fcrd\u00fc\u011f\u00fcn\u00fc belirleyin. Tudor Malikanesi&#8217;ndeki Clue Treachery Escape &amp; Solve Mystery masa oyunu, oyuncular\u0131n s\u0131n\u0131rl\u0131 kurulumla hemen oynamas\u0131na olanak tan\u0131yan bir ka\u00e7\u0131\u015f odas\u0131 oyununda klasik Clue karakterleri ve hikayesi sunuyor. Oyuncular kona\u011f\u0131 ke\u015ffederken, kartlar \u00e7ekerken, bulmacalar\u0131 \u00e7\u00f6zerken, yeni odalar\u0131n kilidini a\u00e7arken ve ipu\u00e7lar\u0131n\u0131 ortaya \u00e7\u0131kar\u0131rken piyonlar\u0131n\u0131 oda oda in\u015fa edilmi\u015f bir oyun tahtas\u0131nda hareket ettirir. Oyuncular malikaneden ka\u00e7t\u0131ktan sonra toplad\u0131klar\u0131 ipu\u00e7lar\u0131n\u0131 g\u00f6zden ge\u00e7irir ve do\u011fru bir su\u00e7lama yapmak ve kazanmak i\u00e7in kesinti kullan\u0131r! Kendilerini sinematik, tek oyunlu bir deneyime kapt\u0131r\u0131rken unutamayacaklar\u0131 bir oyun gecesi i\u00e7in arkada\u015flar\u0131n\u0131z\u0131 ve ailenizi bir araya toplay\u0131n. Bu ka\u00e7\u0131\u015f odas\u0131 oyunu, 10 ya\u015f ve \u00fczeri 1-6 oyuncu i\u00e7indir ve orijinal Clue oyununun ve cinayet gizemi oyunlar\u0131n\u0131n hayranlar\u0131 i\u00e7in harika bir hediyedir. Oyuncu Say\u0131s\u0131 |\u00a01 &#8211; 6. Ya\u015f Grubu |\u00a0+10.<\/p>\n","protected":false},"featured_media":35138,"comment_status":"open","ping_status":"closed","template":"","meta":[],"product_brand":[],"product_cat":[1055],"product_tag":[2721,2722,2724,2723],"class_list":{"0":"post-35137","1":"product","2":"type-product","3":"status-publish","4":"has-post-thumbnail","6":"product_cat-kutu-oyunlari","7":"product_tag-cluedo-escape-dedektif-oyunu-f5699","8":"product_tag-cluedo-escape-f5699","9":"product_tag-hasbro-cluedo-escape","10":"product_tag-hasbro-f5699","12":"first","13":"outofstock","14":"shipping-taxable","15":"purchasable","16":"product-type-simple"},"_links":{"self":[{"href":"https:\/\/toysplusshop.com\/index.php?rest_route=\/wp\/v2\/product\/35137","targetHints":{"allow":["GET"]}}],"collection":[{"href":"https:\/\/toysplusshop.com\/index.php?rest_route=\/wp\/v2\/product"}],"about":[{"href":"https:\/\/toysplusshop.com\/index.php?rest_route=\/wp\/v2\/types\/product"}],"replies":[{"embeddable":true,"href":"https:\/\/toysplusshop.com\/index.php?rest_route=%2Fwp%2Fv2%2Fcomments&post=35137"}],"version-history":[{"count":3,"href":"https:\/\/toysplusshop.com\/index.php?rest_route=\/wp\/v2\/product\/35137\/revisions"}],"predecessor-version":[{"id":38055,"href":"https:\/\/toysplusshop.com\/index.php?rest_route=\/wp\/v2\/product\/35137\/revisions\/38055"}],"wp:featuredmedia":[{"embeddable":true,"href":"https:\/\/toysplusshop.com\/index.php?rest_route=\/wp\/v2\/media\/35138"}],"wp:attachment":[{"href":"https:\/\/toysplusshop.com\/index.php?rest_route=%2Fwp%2Fv2%2Fmedia&parent=35137"}],"wp:term":[{"taxonomy":"product_brand","embeddable":true,"href":"https:\/\/toysplusshop.com\/index.php?rest_route=%2Fwp%2Fv2%2Fproduct_brand&post=35137"},{"taxonomy":"product_cat","embeddable":true,"href":"https:\/\/toysplusshop.com\/index.php?rest_route=%2Fwp%2Fv2%2Fproduct_cat&post=35137"},{"taxonomy":"product_tag","embeddable":true,"href":"https:\/\/toysplusshop.com\/index.php?rest_route=%2Fwp%2Fv2%2Fproduct_tag&post=35137"}],"curies":[{"name":"wp","href":"https:\/\/api.w.org\/{rel}","templated":true}]}}