{"id":35719,"date":"2024-10-12T14:23:00","date_gmt":"2024-10-12T14:23:00","guid":{"rendered":"https:\/\/toysplusshop.com\/?post_type=product&#038;p=35719"},"modified":"2025-10-13T14:49:39","modified_gmt":"2025-10-13T14:49:39","slug":"halloween-cadi-kostumu-mor-renk","status":"publish","type":"product","link":"https:\/\/toysplusshop.com\/?product=halloween-cadi-kostumu-mor-renk","title":{"rendered":"HALLOWEEN CADI KOST\u00dcM\u00dc MOR RENK"},"content":{"rendered":"<div>Kaliteli Kuma\u015flardan \u0130mal Edilmi\u015ftir<\/div>\n<div>\u00c7ocuk Cad\u0131 Boy Elbisesi T\u00fcll\u00fc<\/div>\n<div>\u00c7ocuk Cad\u0131 \u015eapkas\u0131<\/div>\n<div>\n<div>Y\u0131kama :\u00a0\u00dcr\u00fcnlerimiz kaliteli yerli kuma\u015flardan imal edilmi\u015f olup kanserojen madde i\u00e7ermemektedir.<\/div>\n<div>Kost\u00fcmlerin maksimum 30 derecede ve elle y\u0131kanmas\u0131 \u00f6nerilir.<\/div>\n<p>Not :\u00a0\u00dcr\u00fcn i\u00e7eri\u011fi b\u00f6l\u00fcm\u00fcndeki belirtilen detaylar d\u0131\u015f\u0131ndaki resimde g\u00f6r\u00fcnen aksesuarlar fiyata dahil de\u011fildir.<\/p>\n<\/div>\n","protected":false},"excerpt":{"rendered":"<p>Kaliteli Kuma\u015flardan \u0130mal Edilmi\u015ftir \u00c7ocuk Cad\u0131 Boy Elbisesi T\u00fcll\u00fc \u00c7ocuk Cad\u0131 \u015eapkas\u0131 Y\u0131kama :\u00a0\u00dcr\u00fcnlerimiz kaliteli yerli kuma\u015flardan imal edilmi\u015f olup kanserojen madde i\u00e7ermemektedir. Kost\u00fcmlerin maksimum 30 derecede ve elle y\u0131kanmas\u0131 \u00f6nerilir. Not :\u00a0\u00dcr\u00fcn i\u00e7eri\u011fi b\u00f6l\u00fcm\u00fcndeki belirtilen detaylar d\u0131\u015f\u0131ndaki resimde g\u00f6r\u00fcnen aksesuarlar fiyata dahil de\u011fildir.<\/p>\n","protected":false},"featured_media":35720,"comment_status":"open","ping_status":"closed","template":"","meta":[],"product_brand":[],"product_cat":[549],"product_tag":[2837],"class_list":{"0":"post-35719","1":"product","2":"type-product","3":"status-publish","4":"has-post-thumbnail","6":"product_cat-kostum","7":"product_tag-halloween-cadi-kostumu-mor-renk","9":"first","10":"instock","11":"shipping-taxable","12":"purchasable","13":"product-type-simple"},"_links":{"self":[{"href":"https:\/\/toysplusshop.com\/index.php?rest_route=\/wp\/v2\/product\/35719","targetHints":{"allow":["GET"]}}],"collection":[{"href":"https:\/\/toysplusshop.com\/index.php?rest_route=\/wp\/v2\/product"}],"about":[{"href":"https:\/\/toysplusshop.com\/index.php?rest_route=\/wp\/v2\/types\/product"}],"replies":[{"embeddable":true,"href":"https:\/\/toysplusshop.com\/index.php?rest_route=%2Fwp%2Fv2%2Fcomments&post=35719"}],"version-history":[{"count":1,"href":"https:\/\/toysplusshop.com\/index.php?rest_route=\/wp\/v2\/product\/35719\/revisions"}],"predecessor-version":[{"id":35722,"href":"https:\/\/toysplusshop.com\/index.php?rest_route=\/wp\/v2\/product\/35719\/revisions\/35722"}],"wp:featuredmedia":[{"embeddable":true,"href":"https:\/\/toysplusshop.com\/index.php?rest_route=\/wp\/v2\/media\/35720"}],"wp:attachment":[{"href":"https:\/\/toysplusshop.com\/index.php?rest_route=%2Fwp%2Fv2%2Fmedia&parent=35719"}],"wp:term":[{"taxonomy":"product_brand","embeddable":true,"href":"https:\/\/toysplusshop.com\/index.php?rest_route=%2Fwp%2Fv2%2Fproduct_brand&post=35719"},{"taxonomy":"product_cat","embeddable":true,"href":"https:\/\/toysplusshop.com\/index.php?rest_route=%2Fwp%2Fv2%2Fproduct_cat&post=35719"},{"taxonomy":"product_tag","embeddable":true,"href":"https:\/\/toysplusshop.com\/index.php?rest_route=%2Fwp%2Fv2%2Fproduct_tag&post=35719"}],"curies":[{"name":"wp","href":"https:\/\/api.w.org\/{rel}","templated":true}]}}