{"id":35739,"date":"2024-10-12T14:55:15","date_gmt":"2024-10-12T14:55:15","guid":{"rendered":"https:\/\/toysplusshop.com\/?post_type=product&#038;p=35739"},"modified":"2025-10-29T11:56:25","modified_gmt":"2025-10-29T11:56:25","slug":"cadi-supurgesi-turuncu-renk","status":"publish","type":"product","link":"https:\/\/toysplusshop.com\/?product=cadi-supurgesi-turuncu-renk","title":{"rendered":"CADI S\u00dcP\u00dcRGES\u0130 TURUNCU RENK"},"content":{"rendered":"<div>Plastik Malzemeden\u00a0Ve T\u00fclden \u0130mal Edilmi\u015ftir<\/div>\n<div>Kurdele ile S\u00fcslenmi\u015ftir<\/div>\n<div>\u00dcr\u00fcn Tam Boy\u00a070 cm<\/div>\n","protected":false},"excerpt":{"rendered":"<p>Plastik Malzemeden\u00a0Ve T\u00fclden \u0130mal Edilmi\u015ftir Kurdele ile S\u00fcslenmi\u015ftir \u00dcr\u00fcn Tam Boy\u00a070 cm<\/p>\n","protected":false},"featured_media":35740,"comment_status":"open","ping_status":"closed","template":"","meta":[],"product_brand":[],"product_cat":[549],"product_tag":[2843],"class_list":{"0":"post-35739","1":"product","2":"type-product","3":"status-publish","4":"has-post-thumbnail","6":"product_cat-kostum","7":"product_tag-cadi-supurgesi-turuncu-renk","9":"first","10":"outofstock","11":"shipping-taxable","12":"purchasable","13":"product-type-simple"},"_links":{"self":[{"href":"https:\/\/toysplusshop.com\/index.php?rest_route=\/wp\/v2\/product\/35739","targetHints":{"allow":["GET"]}}],"collection":[{"href":"https:\/\/toysplusshop.com\/index.php?rest_route=\/wp\/v2\/product"}],"about":[{"href":"https:\/\/toysplusshop.com\/index.php?rest_route=\/wp\/v2\/types\/product"}],"replies":[{"embeddable":true,"href":"https:\/\/toysplusshop.com\/index.php?rest_route=%2Fwp%2Fv2%2Fcomments&post=35739"}],"version-history":[{"count":1,"href":"https:\/\/toysplusshop.com\/index.php?rest_route=\/wp\/v2\/product\/35739\/revisions"}],"predecessor-version":[{"id":35741,"href":"https:\/\/toysplusshop.com\/index.php?rest_route=\/wp\/v2\/product\/35739\/revisions\/35741"}],"wp:featuredmedia":[{"embeddable":true,"href":"https:\/\/toysplusshop.com\/index.php?rest_route=\/wp\/v2\/media\/35740"}],"wp:attachment":[{"href":"https:\/\/toysplusshop.com\/index.php?rest_route=%2Fwp%2Fv2%2Fmedia&parent=35739"}],"wp:term":[{"taxonomy":"product_brand","embeddable":true,"href":"https:\/\/toysplusshop.com\/index.php?rest_route=%2Fwp%2Fv2%2Fproduct_brand&post=35739"},{"taxonomy":"product_cat","embeddable":true,"href":"https:\/\/toysplusshop.com\/index.php?rest_route=%2Fwp%2Fv2%2Fproduct_cat&post=35739"},{"taxonomy":"product_tag","embeddable":true,"href":"https:\/\/toysplusshop.com\/index.php?rest_route=%2Fwp%2Fv2%2Fproduct_tag&post=35739"}],"curies":[{"name":"wp","href":"https:\/\/api.w.org\/{rel}","templated":true}]}}