{"id":36340,"date":"2024-11-09T14:52:11","date_gmt":"2024-11-09T14:52:11","guid":{"rendered":"https:\/\/toysplusshop.com\/?post_type=product&#038;p=36340"},"modified":"2025-09-17T13:18:17","modified_gmt":"2025-09-17T13:18:17","slug":"ca-games-kizma-birader","status":"publish","type":"product","link":"https:\/\/toysplusshop.com\/?product=ca-games-kizma-birader","title":{"rendered":"CA GAMES KIZMA B\u0130RADER"},"content":{"rendered":"<p>Zemini- \u015eans Kartlar\u0131- Piyon- Zar \u0130le B\u00fcy\u00fcklerin Ve K\u00fc\u00e7\u00fcklerin \u00c7ok Sevecegi Aile Oyunu.<\/p>\n<p>2 \u0130le 4 Kisi Aras\u0131nda Oynanabilen Oyun \u0130le \u00c7ok Eglenceli Zaman Ge\u00e7ireceksiniz.<\/p>\n<p>B\u00fcy\u00fckler \u0130\u00e7in Klasik Bir Oyun,<\/p>\n<p>K\u00fc\u00e7\u00fckler \u0130\u00e7in \u0130se \u00c7ok Zevkli Bir \u00c7ocuk Kutu Oyunlar\u0131 Serisinden K\u0131zma Birader \u0130le Eglence Hep S\u00fcrecek!<\/p>\n<p>+6 Ya\u015f \u00dcst\u00fc-<\/p>\n<p>2-4 Ki\u015filik<\/p>\n","protected":false},"excerpt":{"rendered":"<p>Zemini- \u015eans Kartlar\u0131- Piyon- Zar \u0130le B\u00fcy\u00fcklerin Ve K\u00fc\u00e7\u00fcklerin \u00c7ok Sevecegi Aile Oyunu. 2 \u0130le 4 Kisi Aras\u0131nda Oynanabilen Oyun \u0130le \u00c7ok Eglenceli Zaman Ge\u00e7ireceksiniz. B\u00fcy\u00fckler \u0130\u00e7in Klasik Bir Oyun, K\u00fc\u00e7\u00fckler \u0130\u00e7in \u0130se \u00c7ok Zevkli Bir \u00c7ocuk Kutu Oyunlar\u0131 Serisinden K\u0131zma Birader \u0130le Eglence Hep S\u00fcrecek! +6 Ya\u015f \u00dcst\u00fc- 2-4 Ki\u015filik<\/p>\n","protected":false},"featured_media":37359,"comment_status":"open","ping_status":"closed","template":"","meta":[],"product_brand":[],"product_cat":[1055],"product_tag":[2956],"class_list":{"0":"post-36340","1":"product","2":"type-product","3":"status-publish","4":"has-post-thumbnail","6":"product_cat-kutu-oyunlari","7":"product_tag-ca-games-kizma-birader","9":"first","10":"instock","11":"shipping-taxable","12":"purchasable","13":"product-type-simple"},"_links":{"self":[{"href":"https:\/\/toysplusshop.com\/index.php?rest_route=\/wp\/v2\/product\/36340","targetHints":{"allow":["GET"]}}],"collection":[{"href":"https:\/\/toysplusshop.com\/index.php?rest_route=\/wp\/v2\/product"}],"about":[{"href":"https:\/\/toysplusshop.com\/index.php?rest_route=\/wp\/v2\/types\/product"}],"replies":[{"embeddable":true,"href":"https:\/\/toysplusshop.com\/index.php?rest_route=%2Fwp%2Fv2%2Fcomments&post=36340"}],"version-history":[{"count":1,"href":"https:\/\/toysplusshop.com\/index.php?rest_route=\/wp\/v2\/product\/36340\/revisions"}],"predecessor-version":[{"id":36344,"href":"https:\/\/toysplusshop.com\/index.php?rest_route=\/wp\/v2\/product\/36340\/revisions\/36344"}],"wp:featuredmedia":[{"embeddable":true,"href":"https:\/\/toysplusshop.com\/index.php?rest_route=\/wp\/v2\/media\/37359"}],"wp:attachment":[{"href":"https:\/\/toysplusshop.com\/index.php?rest_route=%2Fwp%2Fv2%2Fmedia&parent=36340"}],"wp:term":[{"taxonomy":"product_brand","embeddable":true,"href":"https:\/\/toysplusshop.com\/index.php?rest_route=%2Fwp%2Fv2%2Fproduct_brand&post=36340"},{"taxonomy":"product_cat","embeddable":true,"href":"https:\/\/toysplusshop.com\/index.php?rest_route=%2Fwp%2Fv2%2Fproduct_cat&post=36340"},{"taxonomy":"product_tag","embeddable":true,"href":"https:\/\/toysplusshop.com\/index.php?rest_route=%2Fwp%2Fv2%2Fproduct_tag&post=36340"}],"curies":[{"name":"wp","href":"https:\/\/api.w.org\/{rel}","templated":true}]}}