{"id":36416,"date":"2024-11-11T14:30:37","date_gmt":"2024-11-11T14:30:37","guid":{"rendered":"https:\/\/toysplusshop.com\/?post_type=product&#038;p=36416"},"modified":"2025-05-19T12:31:30","modified_gmt":"2025-05-19T12:31:30","slug":"clementoni-bilim-ve-oyun-super-anatomi","status":"publish","type":"product","link":"https:\/\/toysplusshop.com\/?product=clementoni-bilim-ve-oyun-super-anatomi","title":{"rendered":"CLEMENTONI B\u0130L\u0130M VE OYUN &#8211; S\u00dcPER ANATOM\u0130"},"content":{"rendered":"<div class=\"descrizione\">\n<p class=\"descrizione_1\">Modern, interaktif ve e\u011flenceli bir \u015fekilde yeniden yorumlanan harika bir bilim klasi\u011fi. \u0130nsan v\u00fccudunun anatomisini basit ve h\u0131zl\u0131 bir \u015fekilde tan\u0131may\u0131 sa\u011flayan harika bir oyun.<\/p>\n<p class=\"descrizione_2\">Birle\u015ftirilecek iskelet ve organlar, ba\u015ftan yap\u0131lacak di\u015f kemerleri ve 5 duyuyu ke\u015ffetmek i\u00e7in bir\u00e7ok aktivite.<\/p>\n<p class=\"descrizione_3\">\u00d6zel bir interaktif uygulama sayesinde, ger\u00e7ekli\u011fi artt\u0131r\u0131lm\u0131\u015f olarak, insan v\u00fccudunun ana sistemlerini ke\u015ffedebilir ve bir\u00e7ok bilimsel ve enteresan bilgiyi edinebilirsiniz.<\/p>\n<p class=\"descrizione_4\">AR modu: oyun setinde bulunan QR kodlar\u0131n\u0131 kullan\u0131n ve art\u0131r\u0131lm\u0131\u015f ger\u00e7eklik sayesinde insan anatomisinin s\u0131rlar\u0131n\u0131 ke\u015ffedin.<\/p>\n<p class=\"descrizione_5\">Ke\u015ffet Modu: insan anatomisinin temel sistemlerinin 3D modellerini g\u00f6r\u00fcnt\u00fcleyin ve i\u015flevlerini daha iyi anlamak i\u00e7in onlar\u0131 b\u00fcy\u00fct\u00fcn ve d\u00f6nd\u00fcr\u00fcn.<\/p>\n<p class=\"descrizione_6\">Test Kartlar\u0131 ve Kar\u0131\u015ft\u0131r Kartlar\u0131: kendinizi test etmek ve bir anatomi dehas\u0131 olmak i\u00e7in interaktif oyunlar ve zaman limitli e\u011flenceli testler!<\/p>\n<\/div>\n<div class=\"o-layout__item u-1\/1 u-@tab\">\n<div><\/div>\n<\/div>\n","protected":false},"excerpt":{"rendered":"<p>Modern, interaktif ve e\u011flenceli bir \u015fekilde yeniden yorumlanan harika bir bilim klasi\u011fi. \u0130nsan v\u00fccudunun anatomisini basit ve h\u0131zl\u0131 bir \u015fekilde tan\u0131may\u0131 sa\u011flayan harika bir oyun. Birle\u015ftirilecek iskelet ve organlar, ba\u015ftan yap\u0131lacak di\u015f kemerleri ve 5 duyuyu ke\u015ffetmek i\u00e7in bir\u00e7ok aktivite. \u00d6zel bir interaktif uygulama sayesinde, ger\u00e7ekli\u011fi artt\u0131r\u0131lm\u0131\u015f olarak, insan v\u00fccudunun ana sistemlerini ke\u015ffedebilir ve bir\u00e7ok bilimsel ve enteresan bilgiyi edinebilirsiniz. AR modu: oyun setinde bulunan QR kodlar\u0131n\u0131 kullan\u0131n ve art\u0131r\u0131lm\u0131\u015f ger\u00e7eklik sayesinde insan anatomisinin s\u0131rlar\u0131n\u0131 ke\u015ffedin. Ke\u015ffet Modu: insan anatomisinin temel sistemlerinin 3D modellerini g\u00f6r\u00fcnt\u00fcleyin ve i\u015flevlerini daha iyi anlamak i\u00e7in onlar\u0131 b\u00fcy\u00fct\u00fcn ve d\u00f6nd\u00fcr\u00fcn. Test Kartlar\u0131 ve Kar\u0131\u015ft\u0131r Kartlar\u0131: kendinizi test etmek ve bir anatomi dehas\u0131 olmak i\u00e7in interaktif oyunlar ve zaman limitli e\u011flenceli testler!<\/p>\n","protected":false},"featured_media":37318,"comment_status":"open","ping_status":"closed","template":"","meta":[],"product_brand":[],"product_cat":[551,550],"product_tag":[2976],"class_list":{"0":"post-36416","1":"product","2":"type-product","3":"status-publish","4":"has-post-thumbnail","6":"product_cat-erkek-oyuncaklari","7":"product_cat-kiz-oyuncaklari","8":"product_tag-clementoni-bilim-ve-oyun-super-anatomi","10":"first","11":"instock","12":"shipping-taxable","13":"purchasable","14":"product-type-simple"},"_links":{"self":[{"href":"https:\/\/toysplusshop.com\/index.php?rest_route=\/wp\/v2\/product\/36416","targetHints":{"allow":["GET"]}}],"collection":[{"href":"https:\/\/toysplusshop.com\/index.php?rest_route=\/wp\/v2\/product"}],"about":[{"href":"https:\/\/toysplusshop.com\/index.php?rest_route=\/wp\/v2\/types\/product"}],"replies":[{"embeddable":true,"href":"https:\/\/toysplusshop.com\/index.php?rest_route=%2Fwp%2Fv2%2Fcomments&post=36416"}],"version-history":[{"count":1,"href":"https:\/\/toysplusshop.com\/index.php?rest_route=\/wp\/v2\/product\/36416\/revisions"}],"predecessor-version":[{"id":36422,"href":"https:\/\/toysplusshop.com\/index.php?rest_route=\/wp\/v2\/product\/36416\/revisions\/36422"}],"wp:featuredmedia":[{"embeddable":true,"href":"https:\/\/toysplusshop.com\/index.php?rest_route=\/wp\/v2\/media\/37318"}],"wp:attachment":[{"href":"https:\/\/toysplusshop.com\/index.php?rest_route=%2Fwp%2Fv2%2Fmedia&parent=36416"}],"wp:term":[{"taxonomy":"product_brand","embeddable":true,"href":"https:\/\/toysplusshop.com\/index.php?rest_route=%2Fwp%2Fv2%2Fproduct_brand&post=36416"},{"taxonomy":"product_cat","embeddable":true,"href":"https:\/\/toysplusshop.com\/index.php?rest_route=%2Fwp%2Fv2%2Fproduct_cat&post=36416"},{"taxonomy":"product_tag","embeddable":true,"href":"https:\/\/toysplusshop.com\/index.php?rest_route=%2Fwp%2Fv2%2Fproduct_tag&post=36416"}],"curies":[{"name":"wp","href":"https:\/\/api.w.org\/{rel}","templated":true}]}}