{"id":36885,"date":"2024-11-14T11:19:01","date_gmt":"2024-11-14T11:19:01","guid":{"rendered":"https:\/\/toysplusshop.com\/?post_type=product&#038;p=36885"},"modified":"2026-02-12T08:27:46","modified_gmt":"2026-02-12T08:27:46","slug":"lego-40638-icons-ikonik-kalp-susu","status":"publish","type":"product","link":"https:\/\/toysplusshop.com\/?product=lego-40638-icons-ikonik-kalp-susu","title":{"rendered":"LEGO 40638 \u0130KON\u0130K KALP S\u00dcS\u00dc"},"content":{"rendered":"<p><span class=\"Markup__StyledMarkup-sc-nc8x20-0 dbPAWk\">Bu g\u00fczel LEGO\u00ae Kalp S\u00fcs\u00fc (40638) setiyle 9 ya\u015f ve \u00fczeri \u00e7ocuklarda yarat\u0131c\u0131l\u0131\u011f\u0131 te\u015fvik edin. Yap\u0131l\u0131p ki\u015fiselle\u015ftirildikten sonra kalp s\u00fcs\u00fc, Sevgililer G\u00fcn\u00fc, Anneler G\u00fcn\u00fc, Babalar G\u00fcn\u00fc veya istedi\u011finiz zaman evi ya da ofisi s\u00fcslemek i\u00e7in kullan\u0131labilir. Bu set, asma par\u00e7as\u0131 ve kalbi ki\u015fiselle\u015ftirmek i\u00e7in ekstra aksesuarlar dahil 254 par\u00e7a i\u00e7erir. Yap\u0131m talimatlar\u0131 ve ambalajda, s\u00fcslemelere ilham vermek i\u00e7in 2 resim bulunur. Bu s\u00fcs, \u00e7ok \u00e7e\u015fitli \u00f6zel g\u00fcnlerde anlaml\u0131 bir hediye olacakt\u0131r.<\/span><\/p>\n<p>Sevginin kutlamas\u0131 \u2013 Anlaml\u0131 i\u00e7 mimariye ilgi duyan ya\u015f\u0131 b\u00fcy\u00fck \u00e7ocuklar, bir LEGO\u00ae Kalp S\u00fcs\u00fc (40638) yaparak pencereye, duvara ya da kap\u0131ya asabilir veya sevdikleri birine verebilir<\/p>\n<p>Son derece ki\u015fiselle\u015ftirilebilir \u2013 Bu kalp, Sevgililer G\u00fcn\u00fc veya ba\u015fka \u00f6zel bir g\u00fcn i\u00e7in sete dahil yap\u0131m par\u00e7alar\u0131yla s\u00fcslenebilir. \u00c7ocuklar\u0131n yarat\u0131c\u0131l\u0131\u011f\u0131n\u0131 harekete ge\u00e7irmek i\u00e7in ilham verici 2 resim bulunur<\/p>\n<p>Boyutlar \u2013 Ask\u0131s\u0131 dahil kalbin y\u00fcksekli\u011fi 19 cm, geni\u015fli\u011fi 20 cm\u2019dir ve Sevgililer G\u00fcn\u00fc, Anneler g\u00fcn\u00fc, Babalar G\u00fcn\u00fc ya da ba\u015fka herhangi bir zaman i\u00e7in yarat\u0131c\u0131 bir hediyedir<\/p>\n","protected":false},"excerpt":{"rendered":"<p>Bu g\u00fczel LEGO\u00ae Kalp S\u00fcs\u00fc (40638) setiyle 9 ya\u015f ve \u00fczeri \u00e7ocuklarda yarat\u0131c\u0131l\u0131\u011f\u0131 te\u015fvik edin. Yap\u0131l\u0131p ki\u015fiselle\u015ftirildikten sonra kalp s\u00fcs\u00fc, Sevgililer G\u00fcn\u00fc, Anneler G\u00fcn\u00fc, Babalar G\u00fcn\u00fc veya istedi\u011finiz zaman evi ya da ofisi s\u00fcslemek i\u00e7in kullan\u0131labilir. Bu set, asma par\u00e7as\u0131 ve kalbi ki\u015fiselle\u015ftirmek i\u00e7in ekstra aksesuarlar dahil 254 par\u00e7a i\u00e7erir. Yap\u0131m talimatlar\u0131 ve ambalajda, s\u00fcslemelere ilham vermek i\u00e7in 2 resim bulunur. Bu s\u00fcs, \u00e7ok \u00e7e\u015fitli \u00f6zel g\u00fcnlerde anlaml\u0131 bir hediye olacakt\u0131r. Sevginin kutlamas\u0131 \u2013 Anlaml\u0131 i\u00e7 mimariye ilgi duyan ya\u015f\u0131 b\u00fcy\u00fck \u00e7ocuklar, bir LEGO\u00ae Kalp S\u00fcs\u00fc (40638) yaparak pencereye, duvara ya da kap\u0131ya asabilir veya sevdikleri birine verebilir Son derece ki\u015fiselle\u015ftirilebilir \u2013 Bu kalp, Sevgililer G\u00fcn\u00fc veya ba\u015fka \u00f6zel bir g\u00fcn i\u00e7in sete dahil yap\u0131m par\u00e7alar\u0131yla s\u00fcslenebilir. \u00c7ocuklar\u0131n yarat\u0131c\u0131l\u0131\u011f\u0131n\u0131 harekete ge\u00e7irmek i\u00e7in ilham verici 2 resim bulunur Boyutlar \u2013 Ask\u0131s\u0131 dahil kalbin y\u00fcksekli\u011fi 19 cm, geni\u015fli\u011fi 20 cm\u2019dir ve Sevgililer G\u00fcn\u00fc, Anneler g\u00fcn\u00fc, Babalar G\u00fcn\u00fc ya da ba\u015fka herhangi bir zaman i\u00e7in yarat\u0131c\u0131 bir hediyedir<\/p>\n","protected":false},"featured_media":37141,"comment_status":"open","ping_status":"closed","template":"","meta":[],"product_brand":[],"product_cat":[2335,3628,555],"product_tag":[3069,3068],"class_list":{"0":"post-36885","1":"product","2":"type-product","3":"status-publish","4":"has-post-thumbnail","6":"product_cat-botanik","7":"product_cat-iconic","8":"product_cat-lego","9":"product_tag-lego-40638","10":"product_tag-lego-40638-icons-ikonik-kalp-susu","12":"first","13":"outofstock","14":"shipping-taxable","15":"purchasable","16":"product-type-simple"},"_links":{"self":[{"href":"https:\/\/toysplusshop.com\/index.php?rest_route=\/wp\/v2\/product\/36885","targetHints":{"allow":["GET"]}}],"collection":[{"href":"https:\/\/toysplusshop.com\/index.php?rest_route=\/wp\/v2\/product"}],"about":[{"href":"https:\/\/toysplusshop.com\/index.php?rest_route=\/wp\/v2\/types\/product"}],"replies":[{"embeddable":true,"href":"https:\/\/toysplusshop.com\/index.php?rest_route=%2Fwp%2Fv2%2Fcomments&post=36885"}],"version-history":[{"count":2,"href":"https:\/\/toysplusshop.com\/index.php?rest_route=\/wp\/v2\/product\/36885\/revisions"}],"predecessor-version":[{"id":42862,"href":"https:\/\/toysplusshop.com\/index.php?rest_route=\/wp\/v2\/product\/36885\/revisions\/42862"}],"wp:featuredmedia":[{"embeddable":true,"href":"https:\/\/toysplusshop.com\/index.php?rest_route=\/wp\/v2\/media\/37141"}],"wp:attachment":[{"href":"https:\/\/toysplusshop.com\/index.php?rest_route=%2Fwp%2Fv2%2Fmedia&parent=36885"}],"wp:term":[{"taxonomy":"product_brand","embeddable":true,"href":"https:\/\/toysplusshop.com\/index.php?rest_route=%2Fwp%2Fv2%2Fproduct_brand&post=36885"},{"taxonomy":"product_cat","embeddable":true,"href":"https:\/\/toysplusshop.com\/index.php?rest_route=%2Fwp%2Fv2%2Fproduct_cat&post=36885"},{"taxonomy":"product_tag","embeddable":true,"href":"https:\/\/toysplusshop.com\/index.php?rest_route=%2Fwp%2Fv2%2Fproduct_tag&post=36885"}],"curies":[{"name":"wp","href":"https:\/\/api.w.org\/{rel}","templated":true}]}}