{"id":37955,"date":"2024-12-04T10:59:42","date_gmt":"2024-12-04T10:59:42","guid":{"rendered":"https:\/\/toysplusshop.com\/?post_type=product&#038;p=37955"},"modified":"2025-02-03T13:37:24","modified_gmt":"2025-02-03T13:37:24","slug":"acaba-neyim","status":"publish","type":"product","link":"https:\/\/toysplusshop.com\/?product=acaba-neyim","title":{"rendered":"ACABA NEY\u0130M?"},"content":{"rendered":"<div class=\"product__description-text\" data-variantid=\"1527318776\">\n<div class=\"js-clear-inline-styles\">\n<p>Acaba sen nesin Kafandaki kartta ne var<\/p>\n<p>Di\u011fer oyunculara sorular sor ne oldu\u011funu bul<\/p>\n<p>Bir hayvan yiyecek belki de bir e\u015fya<\/p>\n<p>Cevab\u0131 sen hari\u00e7 herkes biliyor<\/p>\n<p>Ya\u015f Grubu7 Ya\u015f<\/p>\n<p>&nbsp;<\/p>\n<p>&nbsp;<\/p>\n<\/div>\n<\/div>\n<div class=\"product__description-extra\" data-variantid=\"1527318776\"><\/div>\n<div id=\"product__code\" class=\"product__code\" data-code=\"kcm40761769\"><strong>\u00dcr\u00fcn Kodu:\u00a0<\/strong>kcm40761769<\/div>\n","protected":false},"excerpt":{"rendered":"<p>Acaba sen nesin Kafandaki kartta ne var Di\u011fer oyunculara sorular sor ne oldu\u011funu bul Bir hayvan yiyecek belki de bir e\u015fya Cevab\u0131 sen hari\u00e7 herkes biliyor Ya\u015f Grubu7 Ya\u015f &nbsp; &nbsp; \u00dcr\u00fcn Kodu:\u00a0kcm40761769<\/p>\n","protected":false},"featured_media":37956,"comment_status":"open","ping_status":"closed","template":"","meta":[],"product_brand":[],"product_cat":[551,550,1055],"product_tag":[3159],"class_list":{"0":"post-37955","1":"product","2":"type-product","3":"status-publish","4":"has-post-thumbnail","6":"product_cat-erkek-oyuncaklari","7":"product_cat-kiz-oyuncaklari","8":"product_cat-kutu-oyunlari","9":"product_tag-acaba-neyim","11":"first","12":"outofstock","13":"shipping-taxable","14":"purchasable","15":"product-type-simple"},"_links":{"self":[{"href":"https:\/\/toysplusshop.com\/index.php?rest_route=\/wp\/v2\/product\/37955","targetHints":{"allow":["GET"]}}],"collection":[{"href":"https:\/\/toysplusshop.com\/index.php?rest_route=\/wp\/v2\/product"}],"about":[{"href":"https:\/\/toysplusshop.com\/index.php?rest_route=\/wp\/v2\/types\/product"}],"replies":[{"embeddable":true,"href":"https:\/\/toysplusshop.com\/index.php?rest_route=%2Fwp%2Fv2%2Fcomments&post=37955"}],"version-history":[{"count":1,"href":"https:\/\/toysplusshop.com\/index.php?rest_route=\/wp\/v2\/product\/37955\/revisions"}],"predecessor-version":[{"id":37960,"href":"https:\/\/toysplusshop.com\/index.php?rest_route=\/wp\/v2\/product\/37955\/revisions\/37960"}],"wp:featuredmedia":[{"embeddable":true,"href":"https:\/\/toysplusshop.com\/index.php?rest_route=\/wp\/v2\/media\/37956"}],"wp:attachment":[{"href":"https:\/\/toysplusshop.com\/index.php?rest_route=%2Fwp%2Fv2%2Fmedia&parent=37955"}],"wp:term":[{"taxonomy":"product_brand","embeddable":true,"href":"https:\/\/toysplusshop.com\/index.php?rest_route=%2Fwp%2Fv2%2Fproduct_brand&post=37955"},{"taxonomy":"product_cat","embeddable":true,"href":"https:\/\/toysplusshop.com\/index.php?rest_route=%2Fwp%2Fv2%2Fproduct_cat&post=37955"},{"taxonomy":"product_tag","embeddable":true,"href":"https:\/\/toysplusshop.com\/index.php?rest_route=%2Fwp%2Fv2%2Fproduct_tag&post=37955"}],"curies":[{"name":"wp","href":"https:\/\/api.w.org\/{rel}","templated":true}]}}