{"id":38618,"date":"2025-03-03T14:18:12","date_gmt":"2025-03-03T14:18:12","guid":{"rendered":"https:\/\/toysplusshop.com\/?post_type=product&#038;p=38618"},"modified":"2025-03-03T14:19:20","modified_gmt":"2025-03-03T14:19:20","slug":"lego-71488-dreamzzz-bunchu-hayvan-macerasi","status":"publish","type":"product","link":"https:\/\/toysplusshop.com\/?product=lego-71488-dreamzzz-bunchu-hayvan-macerasi","title":{"rendered":"LEGO 71488 DREAMZZZ BUNCHU&#8217;NUN YARATICI HAYVAN MACERASI"},"content":{"rendered":"<p>K\u0131z ve erkek \u00e7ocuklar i\u00e7in LEGO\u00ae DREAMZzz\u2122 Bunchu&#8217;nun Yarat\u0131c\u0131 Hayvan Maceralar\u0131 (71488) yap\u0131m setiyle \u00e7ocuklar hayali oyunlara h\u0131zl\u0131 bir giri\u015f yapacak. Oyun potansiyeliyle dolu bu muhte\u015fem tav\u015fan oyunca\u011f\u0131yla 7 ya\u015f ve \u00fczeri k\u00fc\u00e7\u00fck d\u00fc\u015f\u00e7\u00fcler, Bunchu&#8217;yu yapman\u0131n 20 heyecan verici yolunu ke\u015ffedebilir. \u00c7ocuklar, duru\u015fu ayarlanabilir bacaklar\u0131, kollar\u0131, ayaklar\u0131, kuyru\u011fu ve kulaklar\u0131 olan sevimli bir tav\u015fan Bunchu fig\u00fcr\u00fc yapt\u0131ktan sonra 19 heyecan verici oyuncak hayvana d\u00f6n\u00fc\u015ft\u00fcr\u00fcrken yarat\u0131c\u0131l\u0131klar\u0131 u\u00e7u\u015fa ge\u00e7ecek. Aslan, kaplumba\u011fa, geyik, kelebek, yusuf\u00e7uk gibi pek \u00e7ok yap\u0131m se\u00e7ene\u011fi var! Yeni bir k\u0131yafet giymi\u015f ve pel\u00fc\u015f oyuncak aksesuarl\u0131 Izzie minifig\u00fcr\u00fcyle canlanan bu fantastik hayvan oyun seti, \u00e7ocuklar LEGO DREAMZzz kahraman\u0131 ve tav\u015fan yard\u0131mc\u0131s\u0131 i\u00e7in yeni maceralar hayal ederken yarat\u0131c\u0131 rol oyunlar\u0131n\u0131 te\u015fvik eder. \u00c7ocuklar ve LEGO DREAMZzz dizisinin hayranlar\u0131 i\u00e7in harika bir hediye olan bu yeniden in\u015fa edilebilen oyunca\u011f\u0131n hikayeye dayal\u0131 yap\u0131m talimatlar\u0131 sayesinde k\u00fc\u00e7\u00fck d\u00fc\u015f\u00e7\u00fcler, saatlerce s\u00fcren yap\u0131m e\u011flencesinin keyfini \u00e7\u0131kar\u0131rken kendilerini r\u00fcya d\u00fcnyas\u0131n\u0131n b\u00fcy\u00fcs\u00fcne kapt\u0131rabilir.;<\/p>\n<p>\u00c7ocuklar\u0131n hayal g\u00fcc\u00fcne dayal\u0131 oyunlar\u0131n\u0131 ortaya \u00e7\u0131kar\u0131n \u2013 7 ya\u015f ve \u00fczeri k\u0131z ve erkek \u00e7ocuklar i\u00e7in LEGO\u00ae DREAMZzz\u2122 Bunchu&#8217;nun Yarat\u0131c\u0131 Hayvan Maceralar\u0131 yap\u0131m setiyle d\u00fc\u015f d\u00fcnyas\u0131na ad\u0131m at\u0131n<\/p>\n<p>Oyuncak tav\u015fan \u2013 Ana model, duru\u015fu ayarlanabilir bacaklar\u0131, kollar\u0131, ayaklar\u0131, kuyru\u011fu ve kulaklar\u0131 olan bir tav\u015fan Bunchu fig\u00fcr\u00fcd\u00fcr<\/p>\n<p>20&#8217;si 1 arada yap\u0131m seti \u2013 Aralar\u0131ndan se\u00e7im yapabilece\u011finiz 19 alternatif yap\u0131m se\u00e7ene\u011fiyle k\u00fc\u00e7\u00fck d\u00fc\u015f\u00e7\u00fcler bu d\u00f6n\u00fc\u015fen oyunca\u011f\u0131 tekrar tekrar yaparken yarat\u0131c\u0131l\u0131klar\u0131 geli\u015fecek<\/p>\n<p>Di\u011fer yap\u0131m se\u00e7enekleri \u2013 Fil, salyangoz, k\u00f6pek bal\u0131\u011f\u0131, yenge\u00e7, ku\u015f, yavru ku\u015f, balina, kaplumba\u011fa, z\u00fcrafa, kedi, oyuncak ay\u0131, sincap, aslan, kelebek, geyik, bukalemun, yusuf\u00e7uk, fok ve m\u00fcrekkep bal\u0131\u011f\u0131<\/p>\n<p>LEGO\u00ae minifig\u00fcr\u00fc \u2013 Setteki yeni k\u0131yafet giymi\u015f ve pel\u00fc\u015f oyuncak aksesuarl\u0131 birlikte gelen LEGO DREAMZzz\u2122 kahraman\u0131 Izzie, yarat\u0131c\u0131 rol oyunlar\u0131n\u0131 te\u015fvik eder<\/p>\n<p>Fantastik hediye \u2013 Bu yap\u0131m setini, LEGO\u00ae DREAMZzz\u2122 TV dizisini veya hayvan oyuncaklar\u0131n\u0131 seven \u00e7ocuklara hayvan hediyesi olarak verin<\/p>\n<p>Aksiyonun bir par\u00e7as\u0131 olun \u2013 Bu set, \u00e7ocuklar\u0131 d\u00fc\u015f d\u00fcnyas\u0131 maceras\u0131na kendilerini kapt\u0131rmaya te\u015fvik eden hikayeye dayal\u0131 yap\u0131m talimatlar\u0131 i\u00e7erir<\/p>\n<p>Boyutlar \u2013 Bu set 143 par\u00e7a i\u00e7erir ve ana Bunchu modelinin y\u00fcksekli\u011fi 12 cm, geni\u015fli\u011fi 6 cm, derinli\u011fi 8 cm\u2019dir<\/p>\n","protected":false},"excerpt":{"rendered":"<p>K\u0131z ve erkek \u00e7ocuklar i\u00e7in LEGO\u00ae DREAMZzz\u2122 Bunchu&#8217;nun Yarat\u0131c\u0131 Hayvan Maceralar\u0131 (71488) yap\u0131m setiyle \u00e7ocuklar hayali oyunlara h\u0131zl\u0131 bir giri\u015f yapacak. Oyun potansiyeliyle dolu bu muhte\u015fem tav\u015fan oyunca\u011f\u0131yla 7 ya\u015f ve \u00fczeri k\u00fc\u00e7\u00fck d\u00fc\u015f\u00e7\u00fcler, Bunchu&#8217;yu yapman\u0131n 20 heyecan verici yolunu ke\u015ffedebilir. \u00c7ocuklar, duru\u015fu ayarlanabilir bacaklar\u0131, kollar\u0131, ayaklar\u0131, kuyru\u011fu ve kulaklar\u0131 olan sevimli bir tav\u015fan Bunchu fig\u00fcr\u00fc yapt\u0131ktan sonra 19 heyecan verici oyuncak hayvana d\u00f6n\u00fc\u015ft\u00fcr\u00fcrken yarat\u0131c\u0131l\u0131klar\u0131 u\u00e7u\u015fa ge\u00e7ecek. Aslan, kaplumba\u011fa, geyik, kelebek, yusuf\u00e7uk gibi pek \u00e7ok yap\u0131m se\u00e7ene\u011fi var! Yeni bir k\u0131yafet giymi\u015f ve pel\u00fc\u015f oyuncak aksesuarl\u0131 Izzie minifig\u00fcr\u00fcyle canlanan bu fantastik hayvan oyun seti, \u00e7ocuklar LEGO DREAMZzz kahraman\u0131 ve tav\u015fan yard\u0131mc\u0131s\u0131 i\u00e7in yeni maceralar hayal ederken yarat\u0131c\u0131 rol oyunlar\u0131n\u0131 te\u015fvik eder. \u00c7ocuklar ve LEGO DREAMZzz dizisinin hayranlar\u0131 i\u00e7in harika bir hediye olan bu yeniden in\u015fa edilebilen oyunca\u011f\u0131n hikayeye dayal\u0131 yap\u0131m talimatlar\u0131 sayesinde k\u00fc\u00e7\u00fck d\u00fc\u015f\u00e7\u00fcler, saatlerce s\u00fcren yap\u0131m e\u011flencesinin keyfini \u00e7\u0131kar\u0131rken kendilerini r\u00fcya d\u00fcnyas\u0131n\u0131n b\u00fcy\u00fcs\u00fcne kapt\u0131rabilir.; \u00c7ocuklar\u0131n hayal g\u00fcc\u00fcne dayal\u0131 oyunlar\u0131n\u0131 ortaya \u00e7\u0131kar\u0131n \u2013 7 ya\u015f ve \u00fczeri k\u0131z ve erkek \u00e7ocuklar i\u00e7in LEGO\u00ae DREAMZzz\u2122 Bunchu&#8217;nun Yarat\u0131c\u0131 Hayvan Maceralar\u0131 yap\u0131m setiyle d\u00fc\u015f d\u00fcnyas\u0131na ad\u0131m at\u0131n Oyuncak tav\u015fan \u2013 Ana model, duru\u015fu ayarlanabilir bacaklar\u0131, kollar\u0131, ayaklar\u0131, kuyru\u011fu ve kulaklar\u0131 olan bir tav\u015fan Bunchu fig\u00fcr\u00fcd\u00fcr 20&#8217;si 1 arada yap\u0131m seti \u2013 Aralar\u0131ndan se\u00e7im yapabilece\u011finiz 19 alternatif yap\u0131m se\u00e7ene\u011fiyle k\u00fc\u00e7\u00fck d\u00fc\u015f\u00e7\u00fcler bu d\u00f6n\u00fc\u015fen oyunca\u011f\u0131 tekrar tekrar yaparken yarat\u0131c\u0131l\u0131klar\u0131 geli\u015fecek Di\u011fer yap\u0131m se\u00e7enekleri \u2013 Fil, salyangoz, k\u00f6pek bal\u0131\u011f\u0131, yenge\u00e7, ku\u015f, yavru ku\u015f, balina, kaplumba\u011fa, z\u00fcrafa, kedi, oyuncak ay\u0131, sincap, aslan, kelebek, geyik, bukalemun, yusuf\u00e7uk, fok ve m\u00fcrekkep bal\u0131\u011f\u0131 LEGO\u00ae minifig\u00fcr\u00fc \u2013 Setteki yeni k\u0131yafet giymi\u015f ve pel\u00fc\u015f oyuncak aksesuarl\u0131 birlikte gelen LEGO DREAMZzz\u2122 kahraman\u0131 Izzie, yarat\u0131c\u0131 rol oyunlar\u0131n\u0131 te\u015fvik eder Fantastik hediye \u2013 Bu yap\u0131m setini, LEGO\u00ae DREAMZzz\u2122 TV dizisini veya hayvan oyuncaklar\u0131n\u0131 seven \u00e7ocuklara hayvan hediyesi olarak verin Aksiyonun bir par\u00e7as\u0131 olun \u2013 Bu set, \u00e7ocuklar\u0131 d\u00fc\u015f d\u00fcnyas\u0131 maceras\u0131na kendilerini kapt\u0131rmaya te\u015fvik eden hikayeye dayal\u0131 yap\u0131m talimatlar\u0131 i\u00e7erir Boyutlar \u2013 Bu set 143 par\u00e7a i\u00e7erir ve ana Bunchu modelinin y\u00fcksekli\u011fi 12 cm, geni\u015fli\u011fi 6 cm, derinli\u011fi 8 cm\u2019dir<\/p>\n","protected":false},"featured_media":38619,"comment_status":"open","ping_status":"closed","template":"","meta":[],"product_brand":[],"product_cat":[848,555],"product_tag":[3230],"class_list":{"0":"post-38618","1":"product","2":"type-product","3":"status-publish","4":"has-post-thumbnail","6":"product_cat-dreamzzz","7":"product_cat-lego","8":"product_tag-lego-71488-dreamzzz-bunchu-hayvan-macerasi","10":"first","11":"instock","12":"shipping-taxable","13":"purchasable","14":"product-type-simple"},"_links":{"self":[{"href":"https:\/\/toysplusshop.com\/index.php?rest_route=\/wp\/v2\/product\/38618","targetHints":{"allow":["GET"]}}],"collection":[{"href":"https:\/\/toysplusshop.com\/index.php?rest_route=\/wp\/v2\/product"}],"about":[{"href":"https:\/\/toysplusshop.com\/index.php?rest_route=\/wp\/v2\/types\/product"}],"replies":[{"embeddable":true,"href":"https:\/\/toysplusshop.com\/index.php?rest_route=%2Fwp%2Fv2%2Fcomments&post=38618"}],"version-history":[{"count":2,"href":"https:\/\/toysplusshop.com\/index.php?rest_route=\/wp\/v2\/product\/38618\/revisions"}],"predecessor-version":[{"id":38628,"href":"https:\/\/toysplusshop.com\/index.php?rest_route=\/wp\/v2\/product\/38618\/revisions\/38628"}],"wp:featuredmedia":[{"embeddable":true,"href":"https:\/\/toysplusshop.com\/index.php?rest_route=\/wp\/v2\/media\/38619"}],"wp:attachment":[{"href":"https:\/\/toysplusshop.com\/index.php?rest_route=%2Fwp%2Fv2%2Fmedia&parent=38618"}],"wp:term":[{"taxonomy":"product_brand","embeddable":true,"href":"https:\/\/toysplusshop.com\/index.php?rest_route=%2Fwp%2Fv2%2Fproduct_brand&post=38618"},{"taxonomy":"product_cat","embeddable":true,"href":"https:\/\/toysplusshop.com\/index.php?rest_route=%2Fwp%2Fv2%2Fproduct_cat&post=38618"},{"taxonomy":"product_tag","embeddable":true,"href":"https:\/\/toysplusshop.com\/index.php?rest_route=%2Fwp%2Fv2%2Fproduct_tag&post=38618"}],"curies":[{"name":"wp","href":"https:\/\/api.w.org\/{rel}","templated":true}]}}