{"id":38837,"date":"2025-03-04T08:40:41","date_gmt":"2025-03-04T08:40:41","guid":{"rendered":"https:\/\/toysplusshop.com\/?post_type=product&#038;p=38837"},"modified":"2025-12-31T11:48:49","modified_gmt":"2025-12-31T11:48:49","slug":"lego-76426-harry-potter-hogwarts-satosu-kayikhanesi","status":"publish","type":"product","link":"https:\/\/toysplusshop.com\/?product=lego-76426-harry-potter-hogwarts-satosu-kayikhanesi","title":{"rendered":"LEGO 76426 HARRY POTTER HOGWARTS \u015eATOSU KAYIKHANES\u0130"},"content":{"rendered":"<p>\u00c7ocuklar i\u00e7in bu fantastik yap\u0131m oyunca\u011f\u0131yla Harry Potter\u2122 ve arkada\u015flar\u0131n\u0131n ilk kez Hogwarts\u2122 \u015eatosu Kay\u0131khanesi\u2019ne (76426) vard\u0131\u011f\u0131 unutulmaz Harry Potter ve Felsefe Ta\u015f\u0131 sahnesini yeniden ya\u015fay\u0131n. Her birinde 2 minifig\u00fcrl\u00fck yer olan 2 adet in\u015fa edilebilen kay\u0131k ve i\u00e7inde bir kay\u0131\u011f\u0131n yana\u015fabilece\u011fi bir yer, Neville Longbottom\u2019\u0131n kurba\u011fas\u0131 Trevor\u2019\u0131n saklanabilece\u011fi bir yer ve koleksiyonluk 14 Hogwarts portresinden birinin oldu\u011fu bir kay\u0131khane bulunur. 8 ya\u015f ve \u00fczeri \u00e7ocuklar i\u00e7in en iyi B\u00fcy\u00fcc\u00fcl\u00fck D\u00fcnyas\u0131 hediye fikri olan bu e\u011flenceli ve ilgi \u00e7ekici oyun seti, ayr\u0131ca rol yapma maceralar\u0131 i\u00e7in \u00f6zel kol bask\u0131l\u0131 Profes\u00f6r McGonagall\u2122 minifig\u00fcr\u00fc dahil 8 LEGO\u00ae Harry Potter karakteri i\u00e7erir. Bu set, birle\u015ftirilerek \u015fimdiye kadarki en detayl\u0131 LEGO Hogwarts \u015eatosu sahnesinin yarat\u0131labilece\u011fi yeni mod\u00fcler setler serisindeki (ayr\u0131 sat\u0131l\u0131r) ilk settir. LEGO Builder uygulamas\u0131yla \u00e7ocuklara kolay ve sezgisel bir yap\u0131m maceras\u0131 verin. Burada modelleri 3 boyutlu olarak yak\u0131nla\u015ft\u0131rabilir, d\u00f6nd\u00fcrebilir, setleri kaydedebilir ve ilerlemelerini takip edebilirler.;<\/p>\n<p>\u0130n\u015fa edilebilen maceralar i\u00e7in fantastik oyun seti \u2013 \u00c7ocuklar, Harry Potter\u2122 ve arkada\u015flar\u0131n\u0131n ilk kez Hogwarts\u2122 \u015eatosu Kay\u0131khanesi\u2019ne vard\u0131\u011f\u0131 unutulmaz Harry Potter ve Felsefe Ta\u015f\u0131 sahnesini canland\u0131rabilir;<\/p>\n<p>7 LEGO\u00ae Harry Potter\u2122 karakteri \u2013 Harry Potter, Neville Longbottom\u2122, Dean Thomas, Hermione Granger\u2122 ve Profes\u00f6r McGonagall\u2122 minifig\u00fcr\u00fc, ayr\u0131ca bayku\u015f Hedwig\u2122 ve kurba\u011fa Trevor fig\u00fcr\u00fc;<\/p>\n<p>Orta\u00e7a\u011f \u015fatosu kay\u0131khanesi ve 2 oyuncak kay\u0131k \u2013 Kay\u0131khanenin i\u00e7inde bir kay\u0131\u011f\u0131n yana\u015fabilece\u011fi bir yer, r\u00fczgar g\u00fcl\u00fc ve Trevor i\u00e7in saklanma yeri, 2 minifig\u00fcr\u00fcn oturabildi\u011fi kay\u0131klar\u0131n in\u015fa edilebilen birer lambas\u0131 var;<\/p>\n<p>14 koleksiyonluk Hogwarts\u2122 portresinden 1\u2019i \u2013 Bu \u00e7ocuk yap\u0131m oyunca\u011f\u0131, \u015fatonun kay\u0131khanesinde sergilemek i\u00e7in 14 rastgele Hogwarts\u2122 portresinden 1\u2019inin bas\u0131l\u0131 oldu\u011fu alt\u0131n renkli bir par\u00e7a i\u00e7erir;<\/p>\n<p>\u00c7ocuklar i\u00e7in hediye fikri \u2013 Bu set, 8 ya\u015f ve \u00fczeri, Harry Potter\u2122 hikayelerine yeni ilgi duymaya ba\u015flayan \u00e7ocuklar\u0131n ba\u011f\u0131ms\u0131z olarak ya da arkada\u015flar\u0131yla birlikte oynamalar\u0131 i\u00e7in e\u011flenceli bir g\u00fcnl\u00fck \u00f6d\u00fcl ya da do\u011fum g\u00fcn\u00fc hediyesidir;<\/p>\n<p>Model yapman\u0131n yeni yolu \u2013 LEGO\u00ae Builder uygulamas\u0131, \u00e7ocu\u011funuza modelleri 3 boyutlu olarak yak\u0131nla\u015ft\u0131rmas\u0131 ve d\u00f6nd\u00fcrmesi, Harry Potter\u2122 setlerini kaydetmesi ve ilerlemesini takip etmesi i\u00e7in ara\u00e7lar sa\u011flar;<\/p>\n<p>B\u00fcy\u00fcc\u00fcl\u00fck D\u00fcnyas\u0131 yap\u0131m oyuncaklar\u0131 \u2013 Bu set, birle\u015ftirilerek \u015fimdiye kadarki en detayl\u0131 LEGO Hogwarts\u2122 \u015eatosu sahnesinin yarat\u0131labilece\u011fi yeni mod\u00fcler setler serisinin (ayr\u0131 sat\u0131l\u0131r) bir par\u00e7as\u0131d\u0131r.;<\/p>\n<p>\u0130n\u015fa edin, oynay\u0131n ve sergileyin \u2013 Bu 350 par\u00e7al\u0131 yap\u0131m setindeki in\u015fa edilebilen kay\u0131khanenin y\u00fcksekli\u011fi 21 cm, geni\u015fli\u011fi 15 cm, derinli\u011fi 12 cm\u2019dir;<\/p>\n","protected":false},"excerpt":{"rendered":"<p>\u00c7ocuklar i\u00e7in bu fantastik yap\u0131m oyunca\u011f\u0131yla Harry Potter\u2122 ve arkada\u015flar\u0131n\u0131n ilk kez Hogwarts\u2122 \u015eatosu Kay\u0131khanesi\u2019ne (76426) vard\u0131\u011f\u0131 unutulmaz Harry Potter ve Felsefe Ta\u015f\u0131 sahnesini yeniden ya\u015fay\u0131n. Her birinde 2 minifig\u00fcrl\u00fck yer olan 2 adet in\u015fa edilebilen kay\u0131k ve i\u00e7inde bir kay\u0131\u011f\u0131n yana\u015fabilece\u011fi bir yer, Neville Longbottom\u2019\u0131n kurba\u011fas\u0131 Trevor\u2019\u0131n saklanabilece\u011fi bir yer ve koleksiyonluk 14 Hogwarts portresinden birinin oldu\u011fu bir kay\u0131khane bulunur. 8 ya\u015f ve \u00fczeri \u00e7ocuklar i\u00e7in en iyi B\u00fcy\u00fcc\u00fcl\u00fck D\u00fcnyas\u0131 hediye fikri olan bu e\u011flenceli ve ilgi \u00e7ekici oyun seti, ayr\u0131ca rol yapma maceralar\u0131 i\u00e7in \u00f6zel kol bask\u0131l\u0131 Profes\u00f6r McGonagall\u2122 minifig\u00fcr\u00fc dahil 8 LEGO\u00ae Harry Potter karakteri i\u00e7erir. Bu set, birle\u015ftirilerek \u015fimdiye kadarki en detayl\u0131 LEGO Hogwarts \u015eatosu sahnesinin yarat\u0131labilece\u011fi yeni mod\u00fcler setler serisindeki (ayr\u0131 sat\u0131l\u0131r) ilk settir. LEGO Builder uygulamas\u0131yla \u00e7ocuklara kolay ve sezgisel bir yap\u0131m maceras\u0131 verin. Burada modelleri 3 boyutlu olarak yak\u0131nla\u015ft\u0131rabilir, d\u00f6nd\u00fcrebilir, setleri kaydedebilir ve ilerlemelerini takip edebilirler.; \u0130n\u015fa edilebilen maceralar i\u00e7in fantastik oyun seti \u2013 \u00c7ocuklar, Harry Potter\u2122 ve arkada\u015flar\u0131n\u0131n ilk kez Hogwarts\u2122 \u015eatosu Kay\u0131khanesi\u2019ne vard\u0131\u011f\u0131 unutulmaz Harry Potter ve Felsefe Ta\u015f\u0131 sahnesini canland\u0131rabilir; 7 LEGO\u00ae Harry Potter\u2122 karakteri \u2013 Harry Potter, Neville Longbottom\u2122, Dean Thomas, Hermione Granger\u2122 ve Profes\u00f6r McGonagall\u2122 minifig\u00fcr\u00fc, ayr\u0131ca bayku\u015f Hedwig\u2122 ve kurba\u011fa Trevor fig\u00fcr\u00fc; Orta\u00e7a\u011f \u015fatosu kay\u0131khanesi ve 2 oyuncak kay\u0131k \u2013 Kay\u0131khanenin i\u00e7inde bir kay\u0131\u011f\u0131n yana\u015fabilece\u011fi bir yer, r\u00fczgar g\u00fcl\u00fc ve Trevor i\u00e7in saklanma yeri, 2 minifig\u00fcr\u00fcn oturabildi\u011fi kay\u0131klar\u0131n in\u015fa edilebilen birer lambas\u0131 var; 14 koleksiyonluk Hogwarts\u2122 portresinden 1\u2019i \u2013 Bu \u00e7ocuk yap\u0131m oyunca\u011f\u0131, \u015fatonun kay\u0131khanesinde sergilemek i\u00e7in 14 rastgele Hogwarts\u2122 portresinden 1\u2019inin bas\u0131l\u0131 oldu\u011fu alt\u0131n renkli bir par\u00e7a i\u00e7erir; \u00c7ocuklar i\u00e7in hediye fikri \u2013 Bu set, 8 ya\u015f ve \u00fczeri, Harry Potter\u2122 hikayelerine yeni ilgi duymaya ba\u015flayan \u00e7ocuklar\u0131n ba\u011f\u0131ms\u0131z olarak ya da arkada\u015flar\u0131yla birlikte oynamalar\u0131 i\u00e7in e\u011flenceli bir g\u00fcnl\u00fck \u00f6d\u00fcl ya da do\u011fum g\u00fcn\u00fc hediyesidir; Model yapman\u0131n yeni yolu \u2013 LEGO\u00ae Builder uygulamas\u0131, \u00e7ocu\u011funuza modelleri 3 boyutlu olarak yak\u0131nla\u015ft\u0131rmas\u0131 ve d\u00f6nd\u00fcrmesi, Harry Potter\u2122 setlerini kaydetmesi ve ilerlemesini takip etmesi i\u00e7in ara\u00e7lar sa\u011flar; B\u00fcy\u00fcc\u00fcl\u00fck D\u00fcnyas\u0131 yap\u0131m oyuncaklar\u0131 \u2013 Bu set, birle\u015ftirilerek \u015fimdiye kadarki en detayl\u0131 LEGO Hogwarts\u2122 \u015eatosu sahnesinin yarat\u0131labilece\u011fi yeni mod\u00fcler setler serisinin (ayr\u0131 sat\u0131l\u0131r) bir par\u00e7as\u0131d\u0131r.; \u0130n\u015fa edin, oynay\u0131n ve sergileyin \u2013 Bu 350 par\u00e7al\u0131 yap\u0131m setindeki in\u015fa edilebilen kay\u0131khanenin y\u00fcksekli\u011fi 21 cm, geni\u015fli\u011fi 15 cm, derinli\u011fi 12 cm\u2019dir;<\/p>\n","protected":false},"featured_media":38838,"comment_status":"open","ping_status":"closed","template":"","meta":[],"product_brand":[],"product_cat":[841,555],"product_tag":[3247],"class_list":{"0":"post-38837","1":"product","2":"type-product","3":"status-publish","4":"has-post-thumbnail","6":"product_cat-harry-potter","7":"product_cat-lego","8":"product_tag-lego-76426-harry-potter-hogwarts-satosu-kayikhanesi","10":"first","11":"outofstock","12":"shipping-taxable","13":"purchasable","14":"product-type-simple"},"_links":{"self":[{"href":"https:\/\/toysplusshop.com\/index.php?rest_route=\/wp\/v2\/product\/38837","targetHints":{"allow":["GET"]}}],"collection":[{"href":"https:\/\/toysplusshop.com\/index.php?rest_route=\/wp\/v2\/product"}],"about":[{"href":"https:\/\/toysplusshop.com\/index.php?rest_route=\/wp\/v2\/types\/product"}],"replies":[{"embeddable":true,"href":"https:\/\/toysplusshop.com\/index.php?rest_route=%2Fwp%2Fv2%2Fcomments&post=38837"}],"version-history":[{"count":1,"href":"https:\/\/toysplusshop.com\/index.php?rest_route=\/wp\/v2\/product\/38837\/revisions"}],"predecessor-version":[{"id":38847,"href":"https:\/\/toysplusshop.com\/index.php?rest_route=\/wp\/v2\/product\/38837\/revisions\/38847"}],"wp:featuredmedia":[{"embeddable":true,"href":"https:\/\/toysplusshop.com\/index.php?rest_route=\/wp\/v2\/media\/38838"}],"wp:attachment":[{"href":"https:\/\/toysplusshop.com\/index.php?rest_route=%2Fwp%2Fv2%2Fmedia&parent=38837"}],"wp:term":[{"taxonomy":"product_brand","embeddable":true,"href":"https:\/\/toysplusshop.com\/index.php?rest_route=%2Fwp%2Fv2%2Fproduct_brand&post=38837"},{"taxonomy":"product_cat","embeddable":true,"href":"https:\/\/toysplusshop.com\/index.php?rest_route=%2Fwp%2Fv2%2Fproduct_cat&post=38837"},{"taxonomy":"product_tag","embeddable":true,"href":"https:\/\/toysplusshop.com\/index.php?rest_route=%2Fwp%2Fv2%2Fproduct_tag&post=38837"}],"curies":[{"name":"wp","href":"https:\/\/api.w.org\/{rel}","templated":true}]}}