{"id":39007,"date":"2025-03-04T09:28:21","date_gmt":"2025-03-04T09:28:21","guid":{"rendered":"https:\/\/toysplusshop.com\/?post_type=product&#038;p=39007"},"modified":"2025-03-04T09:28:21","modified_gmt":"2025-03-04T09:28:21","slug":"lego-77001-sonic-sonic-kamp-atesi","status":"publish","type":"product","link":"https:\/\/toysplusshop.com\/?product=lego-77001-sonic-sonic-kamp-atesi","title":{"rendered":"LEGO 77001 SONIC SONIC KAMP ATE\u015e\u0130"},"content":{"rendered":"<p>Bu koleksiyonluk Sonic&#8217;in Kamp Ate\u015fi \u00c7arp\u0131\u015fmas\u0131 (77001) yap\u0131m setinde 7 ya\u015f ve \u00fczeri video oyunu hayranlar\u0131n\u0131 macera ve e\u011flence bekliyor. Bu LEGO\u00ae Sonic the Hedgehog\u2122 oyunca\u011f\u0131nda kamp ate\u015fi modeli, h\u0131z k\u00fcresi f\u0131rlat\u0131c\u0131 ve h\u0131z k\u00fcresi, ayr\u0131ca Kaos Z\u00fcmr\u00fcd\u00fc ve 3 Alt\u0131n Y\u00fcz\u00fck gibi aksesuarlar var. Bu video oyunu setinde ayr\u0131ca 4 oyuncak Sonic karakteri bulunur: Sonic minifig\u00fcr\u00fc, \u2018u\u00e7an\u2019 G.U.N. Beetle robot drone, duru\u015fu ayarlanabilir G.U.N. Hunter robot fig\u00fcr\u00fc ve Tocky. Erkek ve k\u0131z \u00e7ocuklara y\u00f6nelik bu interaktif, \u00f6zelliklerle dolu Sonic oyunca\u011f\u0131, \u00e7ocuklar\u0131 ve hayranlar\u0131 kamp ate\u015finin kar\u015f\u0131s\u0131nda dinlenmekten robotlarla sava\u015farak Tocky&#8217;yi kurtarmaya ve 3 Alt\u0131n Y\u00fcz\u00fck kazanmaya kadar \u00e7e\u015fitli yeni rol yapma hikayeleri olu\u015fturmaya te\u015fvik eden e\u011flenceli bir oyun setidir. Yarat\u0131c\u0131 ve h\u0131zl\u0131 aksiyonlu e\u011flence, serideki di\u011fer LEGO Sonic the Hedgehog oyuncaklar\u0131yla (setler ayr\u0131 sat\u0131l\u0131r) geni\u015fletilebilir. \u00c7ocuklar ayr\u0131ca modelleri yak\u0131nla\u015ft\u0131r\u0131p d\u00f6nd\u00fcrebilecekleri, setleri kaydedebilecekleri ve ilerlemelerini takip edebilecekleri LEGO Builder uygulamas\u0131yla sezgisel bir yap\u0131m maceras\u0131n\u0131n keyfini \u00e7\u0131karabilir.;<\/p>\n<p>\u00c7ocuklar i\u00e7in video oyunu oyunca\u011f\u0131 \u2013 7 ya\u015f ve \u00fczeri erkek ve k\u0131z \u00e7ocuklarla hayranlar\u0131, en sevdikleri Sonic karakterleriyle hikayeleri yeniden hayal etmeye te\u015fvik eden bu h\u0131zl\u0131, e\u011flence dolu Sonic&#8217;in Kamp Ate\u015fi \u00c7arp\u0131\u015fmas\u0131 setiyle \u00f6d\u00fcllendirin<\/p>\n<p>Koleksiyonluk Sonic oyun seti \u2013 \u00d6zelliklerle dolu bu oyuncakta bir h\u0131z k\u00fcresi f\u0131rlat\u0131c\u0131, h\u0131z k\u00fcresi, kamp ate\u015fi alan\u0131 ve 4 Sonic fig\u00fcr\u00fc bulunur: Sonic, G.U.N. Beetle robot drone, G.U.N. Hunter robotu ve Tocky<\/p>\n<p>Fonksiyonlu video oyunu seti \u2013 Bu LEGO\u00ae yap\u0131m seti oyunca\u011f\u0131, i\u00e7inde Sonic olan h\u0131z k\u00fcresini robot fig\u00fcrlerine do\u011fru f\u0131rlatarak aksiyonu ve e\u011flenceyi art\u0131r\u0131r<\/p>\n<p>Nostaljik oyuncak \u2013 Bu sette sopa ve marshmallow ile birlikte bir kamp ate\u015fi, 3 Alt\u0131n Y\u00fcz\u00fck ve G.U.N. Hunter robot fig\u00fcr\u00fcn\u00fcn Tocky&#8217;yi i\u00e7ine koyup ta\u015f\u0131mas\u0131 i\u00e7in s\u0131rt \u00e7antas\u0131 gibi pek \u00e7ok yarat\u0131c\u0131 detay bulunur<\/p>\n<p>Oyuncu hediyesi \u2013 Erkek ve k\u0131z \u00e7ocuklar i\u00e7in bu LEGO\u00ae Sonic oyunca\u011f\u0131, Sonic, robotlar ve Tocky ile s\u0131n\u0131rs\u0131z maceray\u0131 te\u015fvik eder. \u00c7ocuklar\u0131n ve hayranlar\u0131n arkada\u015flar\u0131na g\u00f6sterebilece\u011fi ve gezmeye giderken g\u00f6t\u00fcrebilece\u011fi e\u011flenceli bir hediyedir<\/p>\n<p>E\u011flenceyi geni\u015fletin \u2013 Di\u011fer birinci s\u0131n\u0131f LEGO\u00ae Sonic the Hedgehog\u2122 oyun setlerine g\u00f6z at\u0131n ve di\u011fer aksiyon dolu modellerle (ayr\u0131 sat\u0131l\u0131r) k\u00fc\u00e7\u00fck video oyunu merakl\u0131n\u0131z\u0131n tutkusunu besleyin<\/p>\n<p>LEGO\u00ae Sonic oyuncaklar\u0131 \u2013 T\u00fcm LEGO Sonic the Hedgehog\u2122 oyun setleri, farkl\u0131 karakterler ve hikaye olas\u0131l\u0131klar\u0131yla \u00e7ocuklar\u0131 h\u0131zl\u0131 aksiyon e\u011flencesi ve yarat\u0131c\u0131 oyunla tan\u0131\u015ft\u0131r\u0131r<\/p>\n<p>\u00d6l\u00e7\u00fcler \u2013 Bu 177 par\u00e7al\u0131 video oyunu LEGO\u00ae setinde y\u00fcksekli\u011fi 2 cm, geni\u015fli\u011fi 6 cm, derinli\u011fi 6 cm olan bir interaktif oyuncak kamp ate\u015fi alan\u0131 bulunur<\/p>\n","protected":false},"excerpt":{"rendered":"<p>Bu koleksiyonluk Sonic&#8217;in Kamp Ate\u015fi \u00c7arp\u0131\u015fmas\u0131 (77001) yap\u0131m setinde 7 ya\u015f ve \u00fczeri video oyunu hayranlar\u0131n\u0131 macera ve e\u011flence bekliyor. Bu LEGO\u00ae Sonic the Hedgehog\u2122 oyunca\u011f\u0131nda kamp ate\u015fi modeli, h\u0131z k\u00fcresi f\u0131rlat\u0131c\u0131 ve h\u0131z k\u00fcresi, ayr\u0131ca Kaos Z\u00fcmr\u00fcd\u00fc ve 3 Alt\u0131n Y\u00fcz\u00fck gibi aksesuarlar var. Bu video oyunu setinde ayr\u0131ca 4 oyuncak Sonic karakteri bulunur: Sonic minifig\u00fcr\u00fc, \u2018u\u00e7an\u2019 G.U.N. Beetle robot drone, duru\u015fu ayarlanabilir G.U.N. Hunter robot fig\u00fcr\u00fc ve Tocky. Erkek ve k\u0131z \u00e7ocuklara y\u00f6nelik bu interaktif, \u00f6zelliklerle dolu Sonic oyunca\u011f\u0131, \u00e7ocuklar\u0131 ve hayranlar\u0131 kamp ate\u015finin kar\u015f\u0131s\u0131nda dinlenmekten robotlarla sava\u015farak Tocky&#8217;yi kurtarmaya ve 3 Alt\u0131n Y\u00fcz\u00fck kazanmaya kadar \u00e7e\u015fitli yeni rol yapma hikayeleri olu\u015fturmaya te\u015fvik eden e\u011flenceli bir oyun setidir. Yarat\u0131c\u0131 ve h\u0131zl\u0131 aksiyonlu e\u011flence, serideki di\u011fer LEGO Sonic the Hedgehog oyuncaklar\u0131yla (setler ayr\u0131 sat\u0131l\u0131r) geni\u015fletilebilir. \u00c7ocuklar ayr\u0131ca modelleri yak\u0131nla\u015ft\u0131r\u0131p d\u00f6nd\u00fcrebilecekleri, setleri kaydedebilecekleri ve ilerlemelerini takip edebilecekleri LEGO Builder uygulamas\u0131yla sezgisel bir yap\u0131m maceras\u0131n\u0131n keyfini \u00e7\u0131karabilir.; \u00c7ocuklar i\u00e7in video oyunu oyunca\u011f\u0131 \u2013 7 ya\u015f ve \u00fczeri erkek ve k\u0131z \u00e7ocuklarla hayranlar\u0131, en sevdikleri Sonic karakterleriyle hikayeleri yeniden hayal etmeye te\u015fvik eden bu h\u0131zl\u0131, e\u011flence dolu Sonic&#8217;in Kamp Ate\u015fi \u00c7arp\u0131\u015fmas\u0131 setiyle \u00f6d\u00fcllendirin Koleksiyonluk Sonic oyun seti \u2013 \u00d6zelliklerle dolu bu oyuncakta bir h\u0131z k\u00fcresi f\u0131rlat\u0131c\u0131, h\u0131z k\u00fcresi, kamp ate\u015fi alan\u0131 ve 4 Sonic fig\u00fcr\u00fc bulunur: Sonic, G.U.N. Beetle robot drone, G.U.N. Hunter robotu ve Tocky Fonksiyonlu video oyunu seti \u2013 Bu LEGO\u00ae yap\u0131m seti oyunca\u011f\u0131, i\u00e7inde Sonic olan h\u0131z k\u00fcresini robot fig\u00fcrlerine do\u011fru f\u0131rlatarak aksiyonu ve e\u011flenceyi art\u0131r\u0131r Nostaljik oyuncak \u2013 Bu sette sopa ve marshmallow ile birlikte bir kamp ate\u015fi, 3 Alt\u0131n Y\u00fcz\u00fck ve G.U.N. Hunter robot fig\u00fcr\u00fcn\u00fcn Tocky&#8217;yi i\u00e7ine koyup ta\u015f\u0131mas\u0131 i\u00e7in s\u0131rt \u00e7antas\u0131 gibi pek \u00e7ok yarat\u0131c\u0131 detay bulunur Oyuncu hediyesi \u2013 Erkek ve k\u0131z \u00e7ocuklar i\u00e7in bu LEGO\u00ae Sonic oyunca\u011f\u0131, Sonic, robotlar ve Tocky ile s\u0131n\u0131rs\u0131z maceray\u0131 te\u015fvik eder. \u00c7ocuklar\u0131n ve hayranlar\u0131n arkada\u015flar\u0131na g\u00f6sterebilece\u011fi ve gezmeye giderken g\u00f6t\u00fcrebilece\u011fi e\u011flenceli bir hediyedir E\u011flenceyi geni\u015fletin \u2013 Di\u011fer birinci s\u0131n\u0131f LEGO\u00ae Sonic the Hedgehog\u2122 oyun setlerine g\u00f6z at\u0131n ve di\u011fer aksiyon dolu modellerle (ayr\u0131 sat\u0131l\u0131r) k\u00fc\u00e7\u00fck video oyunu merakl\u0131n\u0131z\u0131n tutkusunu besleyin LEGO\u00ae Sonic oyuncaklar\u0131 \u2013 T\u00fcm LEGO Sonic the Hedgehog\u2122 oyun setleri, farkl\u0131 karakterler ve hikaye olas\u0131l\u0131klar\u0131yla \u00e7ocuklar\u0131 h\u0131zl\u0131 aksiyon e\u011flencesi ve yarat\u0131c\u0131 oyunla tan\u0131\u015ft\u0131r\u0131r \u00d6l\u00e7\u00fcler \u2013 Bu 177 par\u00e7al\u0131 video oyunu LEGO\u00ae setinde y\u00fcksekli\u011fi 2 cm, geni\u015fli\u011fi 6 cm, derinli\u011fi 6 cm olan bir interaktif oyuncak kamp ate\u015fi alan\u0131 bulunur<\/p>\n","protected":false},"featured_media":39008,"comment_status":"open","ping_status":"closed","template":"","meta":[],"product_brand":[],"product_cat":[555,854],"product_tag":[3264],"class_list":{"0":"post-39007","1":"product","2":"type-product","3":"status-publish","4":"has-post-thumbnail","6":"product_cat-lego","7":"product_cat-sonic","8":"product_tag-lego-77001-sonic-sonic-kamp-atesi","10":"first","11":"instock","12":"shipping-taxable","13":"purchasable","14":"product-type-simple"},"_links":{"self":[{"href":"https:\/\/toysplusshop.com\/index.php?rest_route=\/wp\/v2\/product\/39007","targetHints":{"allow":["GET"]}}],"collection":[{"href":"https:\/\/toysplusshop.com\/index.php?rest_route=\/wp\/v2\/product"}],"about":[{"href":"https:\/\/toysplusshop.com\/index.php?rest_route=\/wp\/v2\/types\/product"}],"replies":[{"embeddable":true,"href":"https:\/\/toysplusshop.com\/index.php?rest_route=%2Fwp%2Fv2%2Fcomments&post=39007"}],"version-history":[{"count":1,"href":"https:\/\/toysplusshop.com\/index.php?rest_route=\/wp\/v2\/product\/39007\/revisions"}],"predecessor-version":[{"id":39017,"href":"https:\/\/toysplusshop.com\/index.php?rest_route=\/wp\/v2\/product\/39007\/revisions\/39017"}],"wp:featuredmedia":[{"embeddable":true,"href":"https:\/\/toysplusshop.com\/index.php?rest_route=\/wp\/v2\/media\/39008"}],"wp:attachment":[{"href":"https:\/\/toysplusshop.com\/index.php?rest_route=%2Fwp%2Fv2%2Fmedia&parent=39007"}],"wp:term":[{"taxonomy":"product_brand","embeddable":true,"href":"https:\/\/toysplusshop.com\/index.php?rest_route=%2Fwp%2Fv2%2Fproduct_brand&post=39007"},{"taxonomy":"product_cat","embeddable":true,"href":"https:\/\/toysplusshop.com\/index.php?rest_route=%2Fwp%2Fv2%2Fproduct_cat&post=39007"},{"taxonomy":"product_tag","embeddable":true,"href":"https:\/\/toysplusshop.com\/index.php?rest_route=%2Fwp%2Fv2%2Fproduct_tag&post=39007"}],"curies":[{"name":"wp","href":"https:\/\/api.w.org\/{rel}","templated":true}]}}