{"id":39128,"date":"2025-03-04T10:09:51","date_gmt":"2025-03-04T10:09:51","guid":{"rendered":"https:\/\/toysplusshop.com\/?post_type=product&#038;p=39128"},"modified":"2026-03-26T10:10:50","modified_gmt":"2026-03-26T10:10:50","slug":"lego-42198-technic-arazi-ucagi","status":"publish","type":"product","link":"https:\/\/toysplusshop.com\/?product=lego-42198-technic-arazi-ucagi","title":{"rendered":"LEGO 42198 TECHNIC ARAZ\u0130 U\u00c7A\u011eI"},"content":{"rendered":"<p>8 ya\u015f ve \u00fczeri \u00e7ocuklara y\u00f6nelik bu e\u011flenceli oyuncak u\u00e7akla hayal g\u00fc\u00e7leri u\u00e7u\u015fa ge\u00e7sin. Erkek ve k\u0131z \u00e7ocuklar, LEGO\u00ae Technic Arazi U\u00e7a\u011f\u0131&#8217;n\u0131 (42198) keyifle in\u015fa ettikten sonra heyecan verici \u00f6zelliklerini deneyebilir. Kolu iterek d\u00f6nen pervaneyi \u00e7al\u0131\u015ft\u0131r\u0131n. Yan kanatlardaki ve arka kanattaki kanat\u00e7\u0131klar\u0131 ayarlay\u0131n. Sonra motor kapa\u011f\u0131n\u0131 a\u00e7arak 4 silindirli pistonlu motoru hayranl\u0131kla inceleyin. \u00c7ocuklar i\u00e7in bu oyuncak u\u00e7ak, arazi u\u00e7aklar\u0131n\u0131n yaban hayat\u0131n\u0131 korumada oynad\u0131\u011f\u0131 rol\u00fc yans\u0131tan e\u011flenceli bir zebra desenli tasar\u0131ma sahiptir. LEGO Technic ara\u00e7 setleri, i\u00e7erdi\u011fi ger\u00e7ek\u00e7i hareketlerle gen\u00e7 LEGO severleri m\u00fchendislik evreniyle tan\u0131\u015ft\u0131r\u0131r. Bu set, oyuncak u\u00e7aklar\u0131 ve LEGO ara\u00e7lar\u0131n\u0131 seven \u00e7ocuklar i\u00e7in harika bir hediyedir. \u00c7ocuklar oyuncak arazi u\u00e7a\u011f\u0131yla oynarken, yap\u0131m becerilerini nas\u0131l geli\u015ftirdi\u011fini g\u00f6r\u00fcn. Modelleri 3 boyutlu yak\u0131nla\u015ft\u0131r\u0131p d\u00f6nd\u00fcrebilecekleri, setleri kaydedebilecekleri ve ilerlemelerini takip edebilecekleri LEGO Builder uygulamas\u0131yla \u00e7ocuklara kolay ve sezgisel bir yap\u0131m maceras\u0131 verin.;<\/p>\n<p>8 ya\u015f ve \u00fczeri \u00e7ocuklar i\u00e7in oyuncak u\u00e7ak \u2013 D\u00f6nen pervanesi, ayarlanabilir kanat\u00e7\u0131klar\u0131 ve 4 silindirli pistonlu motoru olan e\u011flenceli bir LEGO\u00ae Technic\u2122 Arazi U\u00e7a\u011f\u0131 in\u015fa edin ve ke\u015ffedin<\/p>\n<p>\u00c7al\u0131\u015fan \u00f6zelliklere sahip oyuncak u\u00e7ak \u2013 \u00c7ocuklar, LEGO\u00ae u\u00e7aklar\u0131n\u0131 u\u00e7urarak yarat\u0131c\u0131 bir \u015fekilde oynayabilir ve arazi u\u00e7aklar\u0131yla s\u0131n\u0131rs\u0131z do\u011fa koruma g\u00f6revleri hayal edebilir<\/p>\n<p>Zebra desenli tasar\u0131m \u2013 Bu LEGO\u00ae oyuncak u\u00e7ak, arazi u\u00e7aklar\u0131n\u0131n yaban hayat\u0131n\u0131 korumada oynad\u0131\u011f\u0131 rol\u00fc yans\u0131tan haval\u0131 bir zebra desenli tasar\u0131ma sahiptir<\/p>\n<p>\u00c7ocuklar i\u00e7in harika bir hediye \u2013 Gen\u00e7 pilotlar arazi u\u00e7a\u011f\u0131 modelini in\u015fa edip ke\u015ffederken b\u00fcy\u00fck oyun de\u011feri sunan bu k\u00fc\u00e7\u00fck hediyeyle \u00e7ocuklar\u0131n hayal g\u00fc\u00e7lerini g\u00f6ky\u00fcz\u00fcne u\u00e7urun<\/p>\n<p>M\u00fchendislik oyuncaklar\u0131na giri\u015f \u2013 LEGO\u00ae Technic in\u015fa edilebilen oyuncak ara\u00e7 setleri, gen\u00e7 LEGO severleri m\u00fchendislik evreniyle tan\u0131\u015ft\u0131ran ger\u00e7ek\u00e7i hareketlere ve mekanizmalara sahiptir<\/p>\n<p>\u00d6l\u00e7\u00fcler \u2013 333 par\u00e7al\u0131 LEGO\u00ae u\u00e7ak modelinin y\u00fcksekli\u011fi 14 cm, uzunlu\u011fu 25 cm, geni\u015fli\u011fi 29 cm\u2019dir<\/p>\n","protected":false},"excerpt":{"rendered":"<p>8 ya\u015f ve \u00fczeri \u00e7ocuklara y\u00f6nelik bu e\u011flenceli oyuncak u\u00e7akla hayal g\u00fc\u00e7leri u\u00e7u\u015fa ge\u00e7sin. Erkek ve k\u0131z \u00e7ocuklar, LEGO\u00ae Technic Arazi U\u00e7a\u011f\u0131&#8217;n\u0131 (42198) keyifle in\u015fa ettikten sonra heyecan verici \u00f6zelliklerini deneyebilir. Kolu iterek d\u00f6nen pervaneyi \u00e7al\u0131\u015ft\u0131r\u0131n. Yan kanatlardaki ve arka kanattaki kanat\u00e7\u0131klar\u0131 ayarlay\u0131n. Sonra motor kapa\u011f\u0131n\u0131 a\u00e7arak 4 silindirli pistonlu motoru hayranl\u0131kla inceleyin. \u00c7ocuklar i\u00e7in bu oyuncak u\u00e7ak, arazi u\u00e7aklar\u0131n\u0131n yaban hayat\u0131n\u0131 korumada oynad\u0131\u011f\u0131 rol\u00fc yans\u0131tan e\u011flenceli bir zebra desenli tasar\u0131ma sahiptir. LEGO Technic ara\u00e7 setleri, i\u00e7erdi\u011fi ger\u00e7ek\u00e7i hareketlerle gen\u00e7 LEGO severleri m\u00fchendislik evreniyle tan\u0131\u015ft\u0131r\u0131r. Bu set, oyuncak u\u00e7aklar\u0131 ve LEGO ara\u00e7lar\u0131n\u0131 seven \u00e7ocuklar i\u00e7in harika bir hediyedir. \u00c7ocuklar oyuncak arazi u\u00e7a\u011f\u0131yla oynarken, yap\u0131m becerilerini nas\u0131l geli\u015ftirdi\u011fini g\u00f6r\u00fcn. Modelleri 3 boyutlu yak\u0131nla\u015ft\u0131r\u0131p d\u00f6nd\u00fcrebilecekleri, setleri kaydedebilecekleri ve ilerlemelerini takip edebilecekleri LEGO Builder uygulamas\u0131yla \u00e7ocuklara kolay ve sezgisel bir yap\u0131m maceras\u0131 verin.; 8 ya\u015f ve \u00fczeri \u00e7ocuklar i\u00e7in oyuncak u\u00e7ak \u2013 D\u00f6nen pervanesi, ayarlanabilir kanat\u00e7\u0131klar\u0131 ve 4 silindirli pistonlu motoru olan e\u011flenceli bir LEGO\u00ae Technic\u2122 Arazi U\u00e7a\u011f\u0131 in\u015fa edin ve ke\u015ffedin \u00c7al\u0131\u015fan \u00f6zelliklere sahip oyuncak u\u00e7ak \u2013 \u00c7ocuklar, LEGO\u00ae u\u00e7aklar\u0131n\u0131 u\u00e7urarak yarat\u0131c\u0131 bir \u015fekilde oynayabilir ve arazi u\u00e7aklar\u0131yla s\u0131n\u0131rs\u0131z do\u011fa koruma g\u00f6revleri hayal edebilir Zebra desenli tasar\u0131m \u2013 Bu LEGO\u00ae oyuncak u\u00e7ak, arazi u\u00e7aklar\u0131n\u0131n yaban hayat\u0131n\u0131 korumada oynad\u0131\u011f\u0131 rol\u00fc yans\u0131tan haval\u0131 bir zebra desenli tasar\u0131ma sahiptir \u00c7ocuklar i\u00e7in harika bir hediye \u2013 Gen\u00e7 pilotlar arazi u\u00e7a\u011f\u0131 modelini in\u015fa edip ke\u015ffederken b\u00fcy\u00fck oyun de\u011feri sunan bu k\u00fc\u00e7\u00fck hediyeyle \u00e7ocuklar\u0131n hayal g\u00fc\u00e7lerini g\u00f6ky\u00fcz\u00fcne u\u00e7urun M\u00fchendislik oyuncaklar\u0131na giri\u015f \u2013 LEGO\u00ae Technic in\u015fa edilebilen oyuncak ara\u00e7 setleri, gen\u00e7 LEGO severleri m\u00fchendislik evreniyle tan\u0131\u015ft\u0131ran ger\u00e7ek\u00e7i hareketlere ve mekanizmalara sahiptir \u00d6l\u00e7\u00fcler \u2013 333 par\u00e7al\u0131 LEGO\u00ae u\u00e7ak modelinin y\u00fcksekli\u011fi 14 cm, uzunlu\u011fu 25 cm, geni\u015fli\u011fi 29 cm\u2019dir<\/p>\n","protected":false},"featured_media":39129,"comment_status":"open","ping_status":"closed","template":"","meta":[],"product_brand":[],"product_cat":[555,845],"product_tag":[3275],"class_list":{"0":"post-39128","1":"product","2":"type-product","3":"status-publish","4":"has-post-thumbnail","6":"product_cat-lego","7":"product_cat-technic","8":"product_tag-lego-42198-technic-arazi-ucagi","10":"first","11":"outofstock","12":"shipping-taxable","13":"purchasable","14":"product-type-simple"},"_links":{"self":[{"href":"https:\/\/toysplusshop.com\/index.php?rest_route=\/wp\/v2\/product\/39128","targetHints":{"allow":["GET"]}}],"collection":[{"href":"https:\/\/toysplusshop.com\/index.php?rest_route=\/wp\/v2\/product"}],"about":[{"href":"https:\/\/toysplusshop.com\/index.php?rest_route=\/wp\/v2\/types\/product"}],"replies":[{"embeddable":true,"href":"https:\/\/toysplusshop.com\/index.php?rest_route=%2Fwp%2Fv2%2Fcomments&post=39128"}],"version-history":[{"count":1,"href":"https:\/\/toysplusshop.com\/index.php?rest_route=\/wp\/v2\/product\/39128\/revisions"}],"predecessor-version":[{"id":39138,"href":"https:\/\/toysplusshop.com\/index.php?rest_route=\/wp\/v2\/product\/39128\/revisions\/39138"}],"wp:featuredmedia":[{"embeddable":true,"href":"https:\/\/toysplusshop.com\/index.php?rest_route=\/wp\/v2\/media\/39129"}],"wp:attachment":[{"href":"https:\/\/toysplusshop.com\/index.php?rest_route=%2Fwp%2Fv2%2Fmedia&parent=39128"}],"wp:term":[{"taxonomy":"product_brand","embeddable":true,"href":"https:\/\/toysplusshop.com\/index.php?rest_route=%2Fwp%2Fv2%2Fproduct_brand&post=39128"},{"taxonomy":"product_cat","embeddable":true,"href":"https:\/\/toysplusshop.com\/index.php?rest_route=%2Fwp%2Fv2%2Fproduct_cat&post=39128"},{"taxonomy":"product_tag","embeddable":true,"href":"https:\/\/toysplusshop.com\/index.php?rest_route=%2Fwp%2Fv2%2Fproduct_tag&post=39128"}],"curies":[{"name":"wp","href":"https:\/\/api.w.org\/{rel}","templated":true}]}}