{"id":39844,"date":"2025-05-28T14:29:48","date_gmt":"2025-05-28T14:29:48","guid":{"rendered":"https:\/\/toysplusshop.com\/?post_type=product&#038;p=39844"},"modified":"2025-05-28T14:29:48","modified_gmt":"2025-05-28T14:29:48","slug":"lego-42197-technic-kazici-yukleyici","status":"publish","type":"product","link":"https:\/\/toysplusshop.com\/?product=lego-42197-technic-kazici-yukleyici","title":{"rendered":"LEGO 42197 TECHNIC KAZICI Y\u00dcKLEY\u0130C\u0130"},"content":{"rendered":"<p>\u0130\u015fte erkek ve k\u0131z \u00e7ocuklarla in\u015faat ara\u00e7lar\u0131na merakl\u0131 herkes i\u00e7in e\u011flenceli bir yap\u0131m oyunca\u011f\u0131. G\u00fcvenilir LEGO\u00ae Technic Kaz\u0131c\u0131 Y\u00fckleyici (42197) oyunca\u011f\u0131yla 7 ya\u015f ve \u00fczeri \u00e7ocuklar, her t\u00fcrl\u00fc in\u015faat i\u015fine haz\u0131r olacak! Bu e\u011flenceli setle gen\u00e7 model severler, bir\u00e7ok farkl\u0131 in\u015faat g\u00f6revini yerine getirebilir. Y\u00fckleyiciyi yerine s\u00fcr\u00fcn ve ekstra destek i\u00e7in destek ayaklar\u0131n\u0131 indirin. D\u00fc\u011fmeyi \u00e7evirerek \u00f6n kep\u00e7eyi kald\u0131r\u0131p indirin. Bir sonraki in\u015faat g\u00f6revi i\u00e7in arka kaz\u0131c\u0131y\u0131 deneyin. LEGO Technic ara\u00e7 setleri, ger\u00e7ek\u00e7i hareketlerle gen\u00e7 LEGO severleri m\u00fchendislik evreniyle tan\u0131\u015ft\u0131r\u0131r. Bu set y\u00fckleyicileri, ekskavat\u00f6rleri ve kaz\u0131c\u0131 oyuncaklar\u0131n\u0131 seven \u00e7ocuklar i\u00e7in harika bir hediyedir. Modelleri 3 boyutlu yak\u0131nla\u015ft\u0131r\u0131p d\u00f6nd\u00fcrebilecekleri, setleri kaydedebilecekleri ve ilerlemelerini takip edebilecekleri LEGO Builder uygulamas\u0131yla \u00e7ocuklara kolay ve sezgisel bir yap\u0131m maceras\u0131 verin.;<\/p>\n<p>7 ya\u015f ve \u00fczeri \u00e7ocuklar i\u00e7in in\u015faat oyunca\u011f\u0131 \u2013 Bu kaz\u0131c\u0131 y\u00fckleyici oyunca\u011f\u0131yla k\u00fc\u00e7\u00fck in\u015faat merakl\u0131lar\u0131n\u0131, kendi yap\u0131m maceralar\u0131n\u0131 olu\u015fturmaya te\u015fvik edin<\/p>\n<p>\u00d6zelliklerle dolu bir oyuncak kaz\u0131c\u0131 \u2013 \u00c7ocuklara her zaman \u00f6d\u00fcl olarak verilebilecek bu e\u011flence dolu oyuncak ara\u00e7, interaktif in\u015faat sahas\u0131 oyunlar\u0131 i\u00e7in bir\u00e7ok hareketli \u00f6zellik i\u00e7erir<\/p>\n<p>Kep\u00e7eyi ve kaz\u0131c\u0131y\u0131 deneyin \u2013 LEGO\u00ae Technic Kaz\u0131c\u0131 Y\u00fckleyici modelinde \u00e7ocuklar\u0131n d\u00fc\u011fmeyi kullanarak kald\u0131r\u0131p indirebilece\u011fi bir kep\u00e7e, arka kaz\u0131c\u0131 ve destek ayaklar\u0131 bulunur<\/p>\n<p>LEGO\u00ae ara\u00e7lar\u0131n\u0131n hayranlar\u0131 i\u00e7in hediye \u2013 Bu set, LEGO yap\u0131m par\u00e7alar\u0131yla model yapmay\u0131 veya in\u015faat oyuncaklar\u0131yla oynamay\u0131 seven \u00e7ocuklar i\u00e7in g\u00fczel bir hediye fikri ya da \u00f6d\u00fcld\u00fcr<\/p>\n<p>M\u00fchendisli\u011fe giri\u015f \u2013 LEGO\u00ae Technic in\u015fa edilebilen model setleri, gen\u00e7 LEGO severleri m\u00fchendislik evreniyle tan\u0131\u015ft\u0131ran ger\u00e7ek\u00e7i hareketlere ve mekanizmalara sahiptir<\/p>\n<p>\u00d6l\u00e7\u00fcler \u2013 104 par\u00e7al\u0131 setteki in\u015fa edilebilen oyuncak modelin y\u00fcksekli\u011fi 10 cm, uzunlu\u011fu 24 cm, destek ayaklar\u0131 a\u00e7\u0131k halde geni\u015fli\u011fi 9 cm\u2019dir<\/p>\n","protected":false},"excerpt":{"rendered":"<p>\u0130\u015fte erkek ve k\u0131z \u00e7ocuklarla in\u015faat ara\u00e7lar\u0131na merakl\u0131 herkes i\u00e7in e\u011flenceli bir yap\u0131m oyunca\u011f\u0131. G\u00fcvenilir LEGO\u00ae Technic Kaz\u0131c\u0131 Y\u00fckleyici (42197) oyunca\u011f\u0131yla 7 ya\u015f ve \u00fczeri \u00e7ocuklar, her t\u00fcrl\u00fc in\u015faat i\u015fine haz\u0131r olacak! Bu e\u011flenceli setle gen\u00e7 model severler, bir\u00e7ok farkl\u0131 in\u015faat g\u00f6revini yerine getirebilir. Y\u00fckleyiciyi yerine s\u00fcr\u00fcn ve ekstra destek i\u00e7in destek ayaklar\u0131n\u0131 indirin. D\u00fc\u011fmeyi \u00e7evirerek \u00f6n kep\u00e7eyi kald\u0131r\u0131p indirin. Bir sonraki in\u015faat g\u00f6revi i\u00e7in arka kaz\u0131c\u0131y\u0131 deneyin. LEGO Technic ara\u00e7 setleri, ger\u00e7ek\u00e7i hareketlerle gen\u00e7 LEGO severleri m\u00fchendislik evreniyle tan\u0131\u015ft\u0131r\u0131r. Bu set y\u00fckleyicileri, ekskavat\u00f6rleri ve kaz\u0131c\u0131 oyuncaklar\u0131n\u0131 seven \u00e7ocuklar i\u00e7in harika bir hediyedir. Modelleri 3 boyutlu yak\u0131nla\u015ft\u0131r\u0131p d\u00f6nd\u00fcrebilecekleri, setleri kaydedebilecekleri ve ilerlemelerini takip edebilecekleri LEGO Builder uygulamas\u0131yla \u00e7ocuklara kolay ve sezgisel bir yap\u0131m maceras\u0131 verin.; 7 ya\u015f ve \u00fczeri \u00e7ocuklar i\u00e7in in\u015faat oyunca\u011f\u0131 \u2013 Bu kaz\u0131c\u0131 y\u00fckleyici oyunca\u011f\u0131yla k\u00fc\u00e7\u00fck in\u015faat merakl\u0131lar\u0131n\u0131, kendi yap\u0131m maceralar\u0131n\u0131 olu\u015fturmaya te\u015fvik edin \u00d6zelliklerle dolu bir oyuncak kaz\u0131c\u0131 \u2013 \u00c7ocuklara her zaman \u00f6d\u00fcl olarak verilebilecek bu e\u011flence dolu oyuncak ara\u00e7, interaktif in\u015faat sahas\u0131 oyunlar\u0131 i\u00e7in bir\u00e7ok hareketli \u00f6zellik i\u00e7erir Kep\u00e7eyi ve kaz\u0131c\u0131y\u0131 deneyin \u2013 LEGO\u00ae Technic Kaz\u0131c\u0131 Y\u00fckleyici modelinde \u00e7ocuklar\u0131n d\u00fc\u011fmeyi kullanarak kald\u0131r\u0131p indirebilece\u011fi bir kep\u00e7e, arka kaz\u0131c\u0131 ve destek ayaklar\u0131 bulunur LEGO\u00ae ara\u00e7lar\u0131n\u0131n hayranlar\u0131 i\u00e7in hediye \u2013 Bu set, LEGO yap\u0131m par\u00e7alar\u0131yla model yapmay\u0131 veya in\u015faat oyuncaklar\u0131yla oynamay\u0131 seven \u00e7ocuklar i\u00e7in g\u00fczel bir hediye fikri ya da \u00f6d\u00fcld\u00fcr M\u00fchendisli\u011fe giri\u015f \u2013 LEGO\u00ae Technic in\u015fa edilebilen model setleri, gen\u00e7 LEGO severleri m\u00fchendislik evreniyle tan\u0131\u015ft\u0131ran ger\u00e7ek\u00e7i hareketlere ve mekanizmalara sahiptir \u00d6l\u00e7\u00fcler \u2013 104 par\u00e7al\u0131 setteki in\u015fa edilebilen oyuncak modelin y\u00fcksekli\u011fi 10 cm, uzunlu\u011fu 24 cm, destek ayaklar\u0131 a\u00e7\u0131k halde geni\u015fli\u011fi 9 cm\u2019dir<\/p>\n","protected":false},"featured_media":39845,"comment_status":"open","ping_status":"closed","template":"","meta":[],"product_brand":[],"product_cat":[555,845],"product_tag":[3383],"class_list":{"0":"post-39844","1":"product","2":"type-product","3":"status-publish","4":"has-post-thumbnail","6":"product_cat-lego","7":"product_cat-technic","8":"product_tag-lego-42197-technic-kazici-yukleyici","10":"first","11":"instock","12":"shipping-taxable","13":"purchasable","14":"product-type-simple"},"_links":{"self":[{"href":"https:\/\/toysplusshop.com\/index.php?rest_route=\/wp\/v2\/product\/39844","targetHints":{"allow":["GET"]}}],"collection":[{"href":"https:\/\/toysplusshop.com\/index.php?rest_route=\/wp\/v2\/product"}],"about":[{"href":"https:\/\/toysplusshop.com\/index.php?rest_route=\/wp\/v2\/types\/product"}],"replies":[{"embeddable":true,"href":"https:\/\/toysplusshop.com\/index.php?rest_route=%2Fwp%2Fv2%2Fcomments&post=39844"}],"version-history":[{"count":1,"href":"https:\/\/toysplusshop.com\/index.php?rest_route=\/wp\/v2\/product\/39844\/revisions"}],"predecessor-version":[{"id":39856,"href":"https:\/\/toysplusshop.com\/index.php?rest_route=\/wp\/v2\/product\/39844\/revisions\/39856"}],"wp:featuredmedia":[{"embeddable":true,"href":"https:\/\/toysplusshop.com\/index.php?rest_route=\/wp\/v2\/media\/39845"}],"wp:attachment":[{"href":"https:\/\/toysplusshop.com\/index.php?rest_route=%2Fwp%2Fv2%2Fmedia&parent=39844"}],"wp:term":[{"taxonomy":"product_brand","embeddable":true,"href":"https:\/\/toysplusshop.com\/index.php?rest_route=%2Fwp%2Fv2%2Fproduct_brand&post=39844"},{"taxonomy":"product_cat","embeddable":true,"href":"https:\/\/toysplusshop.com\/index.php?rest_route=%2Fwp%2Fv2%2Fproduct_cat&post=39844"},{"taxonomy":"product_tag","embeddable":true,"href":"https:\/\/toysplusshop.com\/index.php?rest_route=%2Fwp%2Fv2%2Fproduct_tag&post=39844"}],"curies":[{"name":"wp","href":"https:\/\/api.w.org\/{rel}","templated":true}]}}