{"id":40377,"date":"2025-06-25T07:22:21","date_gmt":"2025-06-25T07:22:21","guid":{"rendered":"https:\/\/toysplusshop.com\/?post_type=product&#038;p=40377"},"modified":"2026-02-27T14:58:08","modified_gmt":"2026-02-27T14:58:08","slug":"lego-43257-disney-angel","status":"publish","type":"product","link":"https:\/\/toysplusshop.com\/?product=lego-43257-disney-angel","title":{"rendered":"LEGO 43257 DISNEY ANGEL"},"content":{"rendered":"<p>Duru\u015fu ayarlanabilir bir yap\u0131m modeli i\u00e7eren bu detayl\u0131 Angel (43257) LEGO\u00ae \u01c0 Disney yap\u0131m oyunca\u011f\u0131yla 9 ya\u015f ve \u00fczeri Lilo ve Sti\u00e7 hayranlar\u0131n\u0131 ve \u00e7ocuklar\u0131 sevindirin. Disney Lilo ve Sti\u00e7 TV dizisinden Angel\u2019\u0131n hareketli kulaklar\u0131 ve d\u00f6nen ba\u015f\u0131n\u0131n arkas\u0131nda antenleri var. Ayr\u0131ca bir kelebek ve 3 adet \u2018havada duran\u2019 kalp de in\u015fa edilerek s\u00fcslemek i\u00e7in kullan\u0131labilir. Angel, Disney Lilo ve Sti\u00e7\u2019in 9 ya\u015f ve \u00fczeri hayranlar\u0131n\u0131n yap\u0131p oynayabilece\u011fi ve her yerde sergileyebilece\u011fi harika bir hediye fikridir. Disney Angel, in\u015fa edilebilen LEGO \u01c0 Disney Sti\u00e7 setiyle birle\u015ftirilerek bu d\u00fcnyan\u0131n d\u0131\u015f\u0131ndan e\u011flenceli bir \u2018uzayl\u0131 ikili\u2019 \u015feklinde ya da serideki di\u011fer LEGO \u01c0 Disney yap\u0131m setleriyle (hepsi ayr\u0131 sat\u0131l\u0131r) birlikte sergilenebilir. Disney\u2019i seven t\u00fcm \u00e7ocuklar veya t\u00fcm Lilo ve Sti\u00e7 hayranlar\u0131, yap\u0131m setindeki detaylara bay\u0131lacak. \u00c7ocuklar ayr\u0131ca modelleri 3 boyutlu yak\u0131nla\u015ft\u0131r\u0131p d\u00f6nd\u00fcrebilecekleri, setleri kaydedebilecekleri ve ilerlemeyi takip edebilecekleri LEGO Builder uygulamas\u0131yla kolay ve sezgisel bir yap\u0131m maceras\u0131 ya\u015far. Yap\u0131m setinde 784 par\u00e7a bulunur.;<\/p>\n<p>\u00c7ocuklar i\u00e7in Disney Lilo ve Sti\u00e7 yap\u0131m oyunca\u011f\u0131 \u2013 9 ya\u015f ve \u00fczeri k\u0131z ve erkek \u00e7ocuklar i\u00e7in Disney Angel yap\u0131m setiyle TV dizisi karakterini in\u015fa ederken, sonra oynarken ve sergilerken hayal g\u00fcc\u00fcn\u00fc \u00e7al\u0131\u015ft\u0131r\u0131n.<\/p>\n<p>Kutuda ne var? \u2013 Bu LEGO\u00ae \u01c0 Disney yap\u0131m seti, Disney Lilo ve Sti\u00e7 TV dizisinden Angel karakteri, in\u015fa edip s\u00fcslemede kullan\u0131labilecek bir kelebek 3 adet \u2018havada duran\u2019 kalp i\u00e7erir<\/p>\n<p>Hareketli par\u00e7alar \u2013 9 ya\u015f ve \u00fczeri k\u0131z ve erkek \u00e7ocuklar i\u00e7in e\u011flenceli Disney Angel oyna-sergile yap\u0131m oyunca\u011f\u0131n\u0131n hareketli kulaklar\u0131, kelebek ya da 3 kalp i\u00e7in yeri olan d\u00f6nen bir ba\u015f\u0131 bulunur<\/p>\n<p>LEGO\u00ae \u01c0 Disney sergileme modeli \u2013 \u0130n\u015fa edilebilen Disney Angel oyunca\u011f\u0131n\u0131 yap\u0131n, \u2018havada duran\u2019 kalpler veya kelebekle s\u00fcsleyin, ba\u015f\u0131n\u0131 ve kulaklar\u0131n\u0131 hareket ettirerek farkl\u0131 pozlar ve y\u00fcz ifadeleri olu\u015fturun, sonra da sergileyin<\/p>\n<p>\u00c7ocuklar i\u00e7in Disney Lilo ve Sti\u00e7 hediye fikri \u2013 Bir LEGO\u00ae \u01c0 Disney karakteri i\u00e7eren bu set, TV dizisini seven ve okuldaki herkesi hayran b\u0131rakmak isteyen \u00e7ocuklar i\u00e7in e\u011flenceli bir hediye se\u00e7ene\u011fidir<\/p>\n<p>Yard\u0131mc\u0131 uygulama \u2013 Setleri kaydedebilecekleri, ilerlemeyi takip edebilecekleri ve modelleri yaparken 3 boyutlu olarak yak\u0131nla\u015ft\u0131r\u0131p d\u00f6nd\u00fcrebilecekleri LEGO\u00ae Builder uygulamas\u0131, \u00e7ocuklara sezgisel yap\u0131m yolculu\u011funda yol g\u00f6stersin.<\/p>\n<p>Ya\u015fam becerilerini geli\u015ftirin \u2013 \u0130n\u015fa edilebilen LEGO\u00ae \u01c0 Disney Angel karakteri, ayr\u0131ca sergilemeyi zenginle\u015ftiren aksesuarlar ve fonksiyonlar i\u00e7eren bu yap\u0131m seti, e\u011flendirirken ya\u015fam becerilerini geli\u015ftirir<\/p>\n<p>Boyutlar \u2013 Disney Lilo ve Sti\u00e7 TV dizisine dayal\u0131 bu 784 par\u00e7al\u0131 yap\u0131m setindeki in\u015fa edilebilen Angel karakterinin boyu, 3 kalp s\u00fcslemesiyle birlikte 25 cm\u2019dir<\/p>\n","protected":false},"excerpt":{"rendered":"<p>Duru\u015fu ayarlanabilir bir yap\u0131m modeli i\u00e7eren bu detayl\u0131 Angel (43257) LEGO\u00ae \u01c0 Disney yap\u0131m oyunca\u011f\u0131yla 9 ya\u015f ve \u00fczeri Lilo ve Sti\u00e7 hayranlar\u0131n\u0131 ve \u00e7ocuklar\u0131 sevindirin. Disney Lilo ve Sti\u00e7 TV dizisinden Angel\u2019\u0131n hareketli kulaklar\u0131 ve d\u00f6nen ba\u015f\u0131n\u0131n arkas\u0131nda antenleri var. Ayr\u0131ca bir kelebek ve 3 adet \u2018havada duran\u2019 kalp de in\u015fa edilerek s\u00fcslemek i\u00e7in kullan\u0131labilir. Angel, Disney Lilo ve Sti\u00e7\u2019in 9 ya\u015f ve \u00fczeri hayranlar\u0131n\u0131n yap\u0131p oynayabilece\u011fi ve her yerde sergileyebilece\u011fi harika bir hediye fikridir. Disney Angel, in\u015fa edilebilen LEGO \u01c0 Disney Sti\u00e7 setiyle birle\u015ftirilerek bu d\u00fcnyan\u0131n d\u0131\u015f\u0131ndan e\u011flenceli bir \u2018uzayl\u0131 ikili\u2019 \u015feklinde ya da serideki di\u011fer LEGO \u01c0 Disney yap\u0131m setleriyle (hepsi ayr\u0131 sat\u0131l\u0131r) birlikte sergilenebilir. Disney\u2019i seven t\u00fcm \u00e7ocuklar veya t\u00fcm Lilo ve Sti\u00e7 hayranlar\u0131, yap\u0131m setindeki detaylara bay\u0131lacak. \u00c7ocuklar ayr\u0131ca modelleri 3 boyutlu yak\u0131nla\u015ft\u0131r\u0131p d\u00f6nd\u00fcrebilecekleri, setleri kaydedebilecekleri ve ilerlemeyi takip edebilecekleri LEGO Builder uygulamas\u0131yla kolay ve sezgisel bir yap\u0131m maceras\u0131 ya\u015far. Yap\u0131m setinde 784 par\u00e7a bulunur.; \u00c7ocuklar i\u00e7in Disney Lilo ve Sti\u00e7 yap\u0131m oyunca\u011f\u0131 \u2013 9 ya\u015f ve \u00fczeri k\u0131z ve erkek \u00e7ocuklar i\u00e7in Disney Angel yap\u0131m setiyle TV dizisi karakterini in\u015fa ederken, sonra oynarken ve sergilerken hayal g\u00fcc\u00fcn\u00fc \u00e7al\u0131\u015ft\u0131r\u0131n. Kutuda ne var? \u2013 Bu LEGO\u00ae \u01c0 Disney yap\u0131m seti, Disney Lilo ve Sti\u00e7 TV dizisinden Angel karakteri, in\u015fa edip s\u00fcslemede kullan\u0131labilecek bir kelebek 3 adet \u2018havada duran\u2019 kalp i\u00e7erir Hareketli par\u00e7alar \u2013 9 ya\u015f ve \u00fczeri k\u0131z ve erkek \u00e7ocuklar i\u00e7in e\u011flenceli Disney Angel oyna-sergile yap\u0131m oyunca\u011f\u0131n\u0131n hareketli kulaklar\u0131, kelebek ya da 3 kalp i\u00e7in yeri olan d\u00f6nen bir ba\u015f\u0131 bulunur LEGO\u00ae \u01c0 Disney sergileme modeli \u2013 \u0130n\u015fa edilebilen Disney Angel oyunca\u011f\u0131n\u0131 yap\u0131n, \u2018havada duran\u2019 kalpler veya kelebekle s\u00fcsleyin, ba\u015f\u0131n\u0131 ve kulaklar\u0131n\u0131 hareket ettirerek farkl\u0131 pozlar ve y\u00fcz ifadeleri olu\u015fturun, sonra da sergileyin \u00c7ocuklar i\u00e7in Disney Lilo ve Sti\u00e7 hediye fikri \u2013 Bir LEGO\u00ae \u01c0 Disney karakteri i\u00e7eren bu set, TV dizisini seven ve okuldaki herkesi hayran b\u0131rakmak isteyen \u00e7ocuklar i\u00e7in e\u011flenceli bir hediye se\u00e7ene\u011fidir Yard\u0131mc\u0131 uygulama \u2013 Setleri kaydedebilecekleri, ilerlemeyi takip edebilecekleri ve modelleri yaparken 3 boyutlu olarak yak\u0131nla\u015ft\u0131r\u0131p d\u00f6nd\u00fcrebilecekleri LEGO\u00ae Builder uygulamas\u0131, \u00e7ocuklara sezgisel yap\u0131m yolculu\u011funda yol g\u00f6stersin. Ya\u015fam becerilerini geli\u015ftirin \u2013 \u0130n\u015fa edilebilen LEGO\u00ae \u01c0 Disney Angel karakteri, ayr\u0131ca sergilemeyi zenginle\u015ftiren aksesuarlar ve fonksiyonlar i\u00e7eren bu yap\u0131m seti, e\u011flendirirken ya\u015fam becerilerini geli\u015ftirir Boyutlar \u2013 Disney Lilo ve Sti\u00e7 TV dizisine dayal\u0131 bu 784 par\u00e7al\u0131 yap\u0131m setindeki in\u015fa edilebilen Angel karakterinin boyu, 3 kalp s\u00fcslemesiyle birlikte 25 cm\u2019dir<\/p>\n","protected":false},"featured_media":40379,"comment_status":"open","ping_status":"closed","template":"","meta":[],"product_brand":[],"product_cat":[1105,555],"product_tag":[3428],"class_list":{"0":"post-40377","1":"product","2":"type-product","3":"status-publish","4":"has-post-thumbnail","6":"product_cat-disney","7":"product_cat-lego","8":"product_tag-lego-43257-disney-angel","10":"first","11":"instock","12":"shipping-taxable","13":"purchasable","14":"product-type-simple"},"_links":{"self":[{"href":"https:\/\/toysplusshop.com\/index.php?rest_route=\/wp\/v2\/product\/40377","targetHints":{"allow":["GET"]}}],"collection":[{"href":"https:\/\/toysplusshop.com\/index.php?rest_route=\/wp\/v2\/product"}],"about":[{"href":"https:\/\/toysplusshop.com\/index.php?rest_route=\/wp\/v2\/types\/product"}],"replies":[{"embeddable":true,"href":"https:\/\/toysplusshop.com\/index.php?rest_route=%2Fwp%2Fv2%2Fcomments&post=40377"}],"version-history":[{"count":1,"href":"https:\/\/toysplusshop.com\/index.php?rest_route=\/wp\/v2\/product\/40377\/revisions"}],"predecessor-version":[{"id":40389,"href":"https:\/\/toysplusshop.com\/index.php?rest_route=\/wp\/v2\/product\/40377\/revisions\/40389"}],"wp:featuredmedia":[{"embeddable":true,"href":"https:\/\/toysplusshop.com\/index.php?rest_route=\/wp\/v2\/media\/40379"}],"wp:attachment":[{"href":"https:\/\/toysplusshop.com\/index.php?rest_route=%2Fwp%2Fv2%2Fmedia&parent=40377"}],"wp:term":[{"taxonomy":"product_brand","embeddable":true,"href":"https:\/\/toysplusshop.com\/index.php?rest_route=%2Fwp%2Fv2%2Fproduct_brand&post=40377"},{"taxonomy":"product_cat","embeddable":true,"href":"https:\/\/toysplusshop.com\/index.php?rest_route=%2Fwp%2Fv2%2Fproduct_cat&post=40377"},{"taxonomy":"product_tag","embeddable":true,"href":"https:\/\/toysplusshop.com\/index.php?rest_route=%2Fwp%2Fv2%2Fproduct_tag&post=40377"}],"curies":[{"name":"wp","href":"https:\/\/api.w.org\/{rel}","templated":true}]}}