{"id":40700,"date":"2025-09-18T11:47:31","date_gmt":"2025-09-18T11:47:31","guid":{"rendered":"https:\/\/toysplusshop.com\/?post_type=product&#038;p=40700"},"modified":"2025-09-18T11:47:31","modified_gmt":"2025-09-18T11:47:31","slug":"aqua-beads-peri-dunyasi","status":"publish","type":"product","link":"https:\/\/toysplusshop.com\/?product=aqua-beads-peri-dunyasi","title":{"rendered":"AQUA BEADS PER\u0130 D\u00dcNYASI"},"content":{"rendered":"<p>Aquabeads\u00a0ile Peri D\u00fcnyas\u0131n\u0131 ke\u015ffetmeye haz\u0131r m\u0131s\u0131n?<\/p>\n<p>Aquabeads Peri D\u00fcnyas\u0131 Seti 16 renkte 800&#8217;den fazla boncuk i\u00e7erir.<\/p>\n<p>Tasar\u0131mlar\u0131n\u0131 daha kabar\u0131k g\u00f6steren Starbeads boncuklar\u0131da i\u00e7erisinde bulunmaktad\u0131r.<\/p>\n<p>\u015eablonu takip ederek boncuk tasar\u0131mlar\u0131n\u0131z\u0131 olu\u015fturun ve kendi modan\u0131za uygun sanat eserlerinizi yarat\u0131n.<\/p>\n<p>Tasar\u0131m kartlar\u0131ndaki \u015fekilleri yapmak i\u00e7in boncuklar\u0131 diz, \u00fczerine su s\u0131k ve bekle: \u0130\u015fte tasar\u0131m\u0131n ellerinde!<\/p>\n<p>\u00c7ocuklar\u0131n; hayal g\u00fc\u00e7lerinin, el g\u00f6z koordinasyonlar\u0131n\u0131n, ince motor becerilerinin ve tek ba\u015flar\u0131na par\u00e7adan b\u00fct\u00fcn olu\u015fturarak \u00f6z g\u00fcvenlerinin geli\u015fmesine katk\u0131da bulunur. \u00c7ocuklar bu set ile hem keyifli vakit ge\u00e7irir hem de sanatsal becerilerini geli\u015ftirirler.<\/p>\n","protected":false},"excerpt":{"rendered":"<p>Aquabeads\u00a0ile Peri D\u00fcnyas\u0131n\u0131 ke\u015ffetmeye haz\u0131r m\u0131s\u0131n? Aquabeads Peri D\u00fcnyas\u0131 Seti 16 renkte 800&#8217;den fazla boncuk i\u00e7erir. Tasar\u0131mlar\u0131n\u0131 daha kabar\u0131k g\u00f6steren Starbeads boncuklar\u0131da i\u00e7erisinde bulunmaktad\u0131r. \u015eablonu takip ederek boncuk tasar\u0131mlar\u0131n\u0131z\u0131 olu\u015fturun ve kendi modan\u0131za uygun sanat eserlerinizi yarat\u0131n. Tasar\u0131m kartlar\u0131ndaki \u015fekilleri yapmak i\u00e7in boncuklar\u0131 diz, \u00fczerine su s\u0131k ve bekle: \u0130\u015fte tasar\u0131m\u0131n ellerinde! \u00c7ocuklar\u0131n; hayal g\u00fc\u00e7lerinin, el g\u00f6z koordinasyonlar\u0131n\u0131n, ince motor becerilerinin ve tek ba\u015flar\u0131na par\u00e7adan b\u00fct\u00fcn olu\u015fturarak \u00f6z g\u00fcvenlerinin geli\u015fmesine katk\u0131da bulunur. \u00c7ocuklar bu set ile hem keyifli vakit ge\u00e7irir hem de sanatsal becerilerini geli\u015ftirirler.<\/p>\n","protected":false},"featured_media":40701,"comment_status":"open","ping_status":"closed","template":"","meta":[],"product_brand":[],"product_cat":[550],"product_tag":[3453],"class_list":{"0":"post-40700","1":"product","2":"type-product","3":"status-publish","4":"has-post-thumbnail","6":"product_cat-kiz-oyuncaklari","7":"product_tag-aqua-beads-peri-dunyasi","9":"first","10":"instock","11":"shipping-taxable","12":"purchasable","13":"product-type-simple"},"_links":{"self":[{"href":"https:\/\/toysplusshop.com\/index.php?rest_route=\/wp\/v2\/product\/40700","targetHints":{"allow":["GET"]}}],"collection":[{"href":"https:\/\/toysplusshop.com\/index.php?rest_route=\/wp\/v2\/product"}],"about":[{"href":"https:\/\/toysplusshop.com\/index.php?rest_route=\/wp\/v2\/types\/product"}],"replies":[{"embeddable":true,"href":"https:\/\/toysplusshop.com\/index.php?rest_route=%2Fwp%2Fv2%2Fcomments&post=40700"}],"version-history":[{"count":1,"href":"https:\/\/toysplusshop.com\/index.php?rest_route=\/wp\/v2\/product\/40700\/revisions"}],"predecessor-version":[{"id":40706,"href":"https:\/\/toysplusshop.com\/index.php?rest_route=\/wp\/v2\/product\/40700\/revisions\/40706"}],"wp:featuredmedia":[{"embeddable":true,"href":"https:\/\/toysplusshop.com\/index.php?rest_route=\/wp\/v2\/media\/40701"}],"wp:attachment":[{"href":"https:\/\/toysplusshop.com\/index.php?rest_route=%2Fwp%2Fv2%2Fmedia&parent=40700"}],"wp:term":[{"taxonomy":"product_brand","embeddable":true,"href":"https:\/\/toysplusshop.com\/index.php?rest_route=%2Fwp%2Fv2%2Fproduct_brand&post=40700"},{"taxonomy":"product_cat","embeddable":true,"href":"https:\/\/toysplusshop.com\/index.php?rest_route=%2Fwp%2Fv2%2Fproduct_cat&post=40700"},{"taxonomy":"product_tag","embeddable":true,"href":"https:\/\/toysplusshop.com\/index.php?rest_route=%2Fwp%2Fv2%2Fproduct_tag&post=40700"}],"curies":[{"name":"wp","href":"https:\/\/api.w.org\/{rel}","templated":true}]}}