{"id":40899,"date":"2025-09-19T12:51:31","date_gmt":"2025-09-19T12:51:31","guid":{"rendered":"https:\/\/toysplusshop.com\/?post_type=product&#038;p=40899"},"modified":"2025-09-19T12:51:32","modified_gmt":"2025-09-19T12:51:32","slug":"coco-cones-tatli-pelus","status":"publish","type":"product","link":"https:\/\/toysplusshop.com\/?product=coco-cones-tatli-pelus","title":{"rendered":"COCO CONES TATLI PELU\u015e"},"content":{"rendered":"<p>Coco Cones ile tatl\u0131l\u0131\u011f\u0131n tad\u0131n\u0131 \u00e7\u0131karma zaman\u0131!<\/p>\n<p>Tatl\u0131 k\u00fclahlar\u0131ndaki bu Coco Cones pel\u00fc\u015flerin her biri, \u00e7ocuklar\u0131n \u00e7ok sevdi\u011fi tatl\u0131lar\u0131n temas\u0131yla tasarlanm\u0131\u015f olup par\u0131lt\u0131l\u0131 g\u00f6zleriyle geliyor.<\/p>\n<p>Coco ailesini geni\u015fletmek i\u00e7in Sally, Perry, Lola, Jelly, Chip ve Mallow olmak \u00fczere tam 6 farkl\u0131 asorti var!<\/p>\n","protected":false},"excerpt":{"rendered":"<p>Coco Cones ile tatl\u0131l\u0131\u011f\u0131n tad\u0131n\u0131 \u00e7\u0131karma zaman\u0131! Tatl\u0131 k\u00fclahlar\u0131ndaki bu Coco Cones pel\u00fc\u015flerin her biri, \u00e7ocuklar\u0131n \u00e7ok sevdi\u011fi tatl\u0131lar\u0131n temas\u0131yla tasarlanm\u0131\u015f olup par\u0131lt\u0131l\u0131 g\u00f6zleriyle geliyor. Coco ailesini geni\u015fletmek i\u00e7in Sally, Perry, Lola, Jelly, Chip ve Mallow olmak \u00fczere tam 6 farkl\u0131 asorti var!<\/p>\n","protected":false},"featured_media":40900,"comment_status":"open","ping_status":"closed","template":"","meta":[],"product_brand":[],"product_cat":[550],"product_tag":[3485],"class_list":{"0":"post-40899","1":"product","2":"type-product","3":"status-publish","4":"has-post-thumbnail","6":"product_cat-kiz-oyuncaklari","7":"product_tag-coco-cones-tatli-pelus","9":"first","10":"instock","11":"shipping-taxable","12":"purchasable","13":"product-type-simple"},"_links":{"self":[{"href":"https:\/\/toysplusshop.com\/index.php?rest_route=\/wp\/v2\/product\/40899","targetHints":{"allow":["GET"]}}],"collection":[{"href":"https:\/\/toysplusshop.com\/index.php?rest_route=\/wp\/v2\/product"}],"about":[{"href":"https:\/\/toysplusshop.com\/index.php?rest_route=\/wp\/v2\/types\/product"}],"replies":[{"embeddable":true,"href":"https:\/\/toysplusshop.com\/index.php?rest_route=%2Fwp%2Fv2%2Fcomments&post=40899"}],"version-history":[{"count":1,"href":"https:\/\/toysplusshop.com\/index.php?rest_route=\/wp\/v2\/product\/40899\/revisions"}],"predecessor-version":[{"id":40902,"href":"https:\/\/toysplusshop.com\/index.php?rest_route=\/wp\/v2\/product\/40899\/revisions\/40902"}],"wp:featuredmedia":[{"embeddable":true,"href":"https:\/\/toysplusshop.com\/index.php?rest_route=\/wp\/v2\/media\/40900"}],"wp:attachment":[{"href":"https:\/\/toysplusshop.com\/index.php?rest_route=%2Fwp%2Fv2%2Fmedia&parent=40899"}],"wp:term":[{"taxonomy":"product_brand","embeddable":true,"href":"https:\/\/toysplusshop.com\/index.php?rest_route=%2Fwp%2Fv2%2Fproduct_brand&post=40899"},{"taxonomy":"product_cat","embeddable":true,"href":"https:\/\/toysplusshop.com\/index.php?rest_route=%2Fwp%2Fv2%2Fproduct_cat&post=40899"},{"taxonomy":"product_tag","embeddable":true,"href":"https:\/\/toysplusshop.com\/index.php?rest_route=%2Fwp%2Fv2%2Fproduct_tag&post=40899"}],"curies":[{"name":"wp","href":"https:\/\/api.w.org\/{rel}","templated":true}]}}