{"id":41054,"date":"2025-09-20T12:01:16","date_gmt":"2025-09-20T12:01:16","guid":{"rendered":"https:\/\/toysplusshop.com\/?post_type=product&#038;p=41054"},"modified":"2026-01-28T15:40:02","modified_gmt":"2026-01-28T15:40:02","slug":"play-doh-lale-ve-nergis-sanat-cicek-seti-hasbro-g2476","status":"publish","type":"product","link":"https:\/\/toysplusshop.com\/?product=play-doh-lale-ve-nergis-sanat-cicek-seti-hasbro-g2476","title":{"rendered":"PLAY DOH LALE VE NERG\u0130S SANAT \u00c7\u0130\u00c7EK SET\u0130 HASBRO G2476"},"content":{"rendered":"<p>Play-Doh Lale ve Nergis seti ile hayal g\u00fcc\u00fcn\u00fcz tam gaz!<\/p>\n<p>Acemi \u00e7i\u00e7ek\u00e7iler, bu Play-Doh seti ile kendi kokulu \u00e7i\u00e7ek buketlerini kolayca hayal edebilir, yaratabilir ve sergileyebilirler.<\/p>\n<p>Kitap kal\u0131b\u0131n\u0131 Play-Doh renkleriyle ve bir sapla doldurun, kal\u0131b\u0131 kapat\u0131n ve a\u00e7\u0131n; ortaya muhte\u015fem bir bah\u00e7e oyunca\u011f\u0131 \u00e7\u0131k\u0131yor. Bu duyusal oyuncak, ger\u00e7ekten \u00e7i\u00e7ek kokan 2 kutu modelleme bile\u015fi\u011fi ve oyuncak \u00e7i\u00e7ekleri yerinde tutmak i\u00e7in bir sergileme stand\u0131 i\u00e7erir. Bu \u00e7i\u00e7ek yapma seti gibi Play-Doh oyuncaklar\u0131, k\u0131z ve erkek \u00e7ocuklar\u0131n\u0131n yarat\u0131c\u0131l\u0131klar\u0131n\u0131 ye\u015fertmeleri i\u00e7in harika hediyeler olabilir!<\/p>\n<p>PLAY-DOH ve HASBRO ve ilgili t\u00fcm ticari markalar ve logolar Hasbro, Inc.&#8217;in ticari markalar\u0131d\u0131r.<\/p>\n<p>\u00c7ocuklar Play-Doh bile\u015fi\u011fiyle kendi \u00f6zel tasar\u0131mlar\u0131n\u0131 yapabildiklerinde \u00e7i\u00e7ek oyuncaklar\u0131 daha da e\u011flenceli hale geliyor.<\/p>\n<p>\u00c7i\u00e7ek gibi kokan 2 kutu modelleme bile\u015fi\u011fi ve daha fazla \u00e7e\u015fitlilik i\u00e7in \u00e7ift renkli bir kutu i\u00e7erir. Kutu ba\u015f\u0131na 2 ons\/56 gram (bu\u011fday i\u00e7erir.)<\/p>\n<p>Kal\u0131b\u0131n i\u00e7ine bir sap ve biraz bile\u015fik yerle\u015ftirin, kapat\u0131n ve tekrar a\u00e7arak g\u00f6z al\u0131c\u0131 bir \u00e7i\u00e7ek yarat\u0131m\u0131n\u0131 ortaya \u00e7\u0131kar\u0131n.<\/p>\n<p>\u00c7i\u00e7ek bah\u00e7esi oyunca\u011f\u0131, \u00e7ocuklar\u0131n bo\u015f bir Play-Doh kutusunun hemen \u00fczerinde duran sergileme stand\u0131ndaki deliklere 3 Play-Doh \u00e7i\u00e7ek sap\u0131 yerle\u015ftirmesini sa\u011flar.<\/p>\n<p>Bu Play-Doh seti, sanat ve el i\u015flerini, yarat\u0131c\u0131 oyunlar\u0131 ve do\u011fa oyuncaklar\u0131n\u0131 seven \u00e7ocuklar i\u00e7in harika bir k\u00fc\u00e7\u00fck hediyedir.<\/p>\n<p>Sevgililer G\u00fcn\u00fc hediyelerine, Anneler G\u00fcn\u00fc el i\u015flerine veya di\u011fer yarat\u0131c\u0131 hediye verme durumlar\u0131na biraz duyusal oyun kat\u0131n.<\/p>\n<p>\u00c7i\u00e7ek kitap kal\u0131b\u0131, 3 sap, sergileme stand\u0131 ve 2 kutu Play-Doh Marka Modelleme Bile\u015feni i\u00e7erir (toplam 4 ons\/113 gram).<\/p>\n<p>Ebeveynlere Uyar\u0131: Bu\u011fday i\u00e7erir.<\/p>\n<p>Yenmesi ama\u00e7lanmayan bir bile\u015fiktir.<\/p>\n<p>Toksik de\u011fildir. ASTM D-4236 standard\u0131na uygundur.<\/p>\n<p>Temizlemek i\u00e7in kurumaya b\u0131rak\u0131n, ard\u0131ndan kaz\u0131y\u0131n veya vakumlay\u0131n.<\/p>\n<p>Kal\u0131planm\u0131\u015f sonu\u00e7lar, \u00e7ocu\u011fun ya\u015f\u0131na ve beceri d\u00fczeyine g\u00f6re de\u011fi\u015fir.<\/p>\n","protected":false},"excerpt":{"rendered":"<p>Play-Doh Lale ve Nergis seti ile hayal g\u00fcc\u00fcn\u00fcz tam gaz! Acemi \u00e7i\u00e7ek\u00e7iler, bu Play-Doh seti ile kendi kokulu \u00e7i\u00e7ek buketlerini kolayca hayal edebilir, yaratabilir ve sergileyebilirler. Kitap kal\u0131b\u0131n\u0131 Play-Doh renkleriyle ve bir sapla doldurun, kal\u0131b\u0131 kapat\u0131n ve a\u00e7\u0131n; ortaya muhte\u015fem bir bah\u00e7e oyunca\u011f\u0131 \u00e7\u0131k\u0131yor. Bu duyusal oyuncak, ger\u00e7ekten \u00e7i\u00e7ek kokan 2 kutu modelleme bile\u015fi\u011fi ve oyuncak \u00e7i\u00e7ekleri yerinde tutmak i\u00e7in bir sergileme stand\u0131 i\u00e7erir. Bu \u00e7i\u00e7ek yapma seti gibi Play-Doh oyuncaklar\u0131, k\u0131z ve erkek \u00e7ocuklar\u0131n\u0131n yarat\u0131c\u0131l\u0131klar\u0131n\u0131 ye\u015fertmeleri i\u00e7in harika hediyeler olabilir! PLAY-DOH ve HASBRO ve ilgili t\u00fcm ticari markalar ve logolar Hasbro, Inc.&#8217;in ticari markalar\u0131d\u0131r. \u00c7ocuklar Play-Doh bile\u015fi\u011fiyle kendi \u00f6zel tasar\u0131mlar\u0131n\u0131 yapabildiklerinde \u00e7i\u00e7ek oyuncaklar\u0131 daha da e\u011flenceli hale geliyor. \u00c7i\u00e7ek gibi kokan 2 kutu modelleme bile\u015fi\u011fi ve daha fazla \u00e7e\u015fitlilik i\u00e7in \u00e7ift renkli bir kutu i\u00e7erir. Kutu ba\u015f\u0131na 2 ons\/56 gram (bu\u011fday i\u00e7erir.) Kal\u0131b\u0131n i\u00e7ine bir sap ve biraz bile\u015fik yerle\u015ftirin, kapat\u0131n ve tekrar a\u00e7arak g\u00f6z al\u0131c\u0131 bir \u00e7i\u00e7ek yarat\u0131m\u0131n\u0131 ortaya \u00e7\u0131kar\u0131n. \u00c7i\u00e7ek bah\u00e7esi oyunca\u011f\u0131, \u00e7ocuklar\u0131n bo\u015f bir Play-Doh kutusunun hemen \u00fczerinde duran sergileme stand\u0131ndaki deliklere 3 Play-Doh \u00e7i\u00e7ek sap\u0131 yerle\u015ftirmesini sa\u011flar. Bu Play-Doh seti, sanat ve el i\u015flerini, yarat\u0131c\u0131 oyunlar\u0131 ve do\u011fa oyuncaklar\u0131n\u0131 seven \u00e7ocuklar i\u00e7in harika bir k\u00fc\u00e7\u00fck hediyedir. Sevgililer G\u00fcn\u00fc hediyelerine, Anneler G\u00fcn\u00fc el i\u015flerine veya di\u011fer yarat\u0131c\u0131 hediye verme durumlar\u0131na biraz duyusal oyun kat\u0131n. \u00c7i\u00e7ek kitap kal\u0131b\u0131, 3 sap, sergileme stand\u0131 ve 2 kutu Play-Doh Marka Modelleme Bile\u015feni i\u00e7erir (toplam 4 ons\/113 gram). Ebeveynlere Uyar\u0131: Bu\u011fday i\u00e7erir. Yenmesi ama\u00e7lanmayan bir bile\u015fiktir. Toksik de\u011fildir. ASTM D-4236 standard\u0131na uygundur. Temizlemek i\u00e7in kurumaya b\u0131rak\u0131n, ard\u0131ndan kaz\u0131y\u0131n veya vakumlay\u0131n. Kal\u0131planm\u0131\u015f sonu\u00e7lar, \u00e7ocu\u011fun ya\u015f\u0131na ve beceri d\u00fczeyine g\u00f6re de\u011fi\u015fir.<\/p>\n","protected":false},"featured_media":41055,"comment_status":"open","ping_status":"closed","template":"","meta":[],"product_brand":[],"product_cat":[550],"product_tag":[3507],"class_list":{"0":"post-41054","1":"product","2":"type-product","3":"status-publish","4":"has-post-thumbnail","6":"product_cat-kiz-oyuncaklari","7":"product_tag-play-doh-lale-ve-nergis-sanat-cicek-seti-hasbro-g2476","9":"first","10":"instock","11":"shipping-taxable","12":"purchasable","13":"product-type-simple"},"_links":{"self":[{"href":"https:\/\/toysplusshop.com\/index.php?rest_route=\/wp\/v2\/product\/41054","targetHints":{"allow":["GET"]}}],"collection":[{"href":"https:\/\/toysplusshop.com\/index.php?rest_route=\/wp\/v2\/product"}],"about":[{"href":"https:\/\/toysplusshop.com\/index.php?rest_route=\/wp\/v2\/types\/product"}],"replies":[{"embeddable":true,"href":"https:\/\/toysplusshop.com\/index.php?rest_route=%2Fwp%2Fv2%2Fcomments&post=41054"}],"version-history":[{"count":1,"href":"https:\/\/toysplusshop.com\/index.php?rest_route=\/wp\/v2\/product\/41054\/revisions"}],"predecessor-version":[{"id":41062,"href":"https:\/\/toysplusshop.com\/index.php?rest_route=\/wp\/v2\/product\/41054\/revisions\/41062"}],"wp:featuredmedia":[{"embeddable":true,"href":"https:\/\/toysplusshop.com\/index.php?rest_route=\/wp\/v2\/media\/41055"}],"wp:attachment":[{"href":"https:\/\/toysplusshop.com\/index.php?rest_route=%2Fwp%2Fv2%2Fmedia&parent=41054"}],"wp:term":[{"taxonomy":"product_brand","embeddable":true,"href":"https:\/\/toysplusshop.com\/index.php?rest_route=%2Fwp%2Fv2%2Fproduct_brand&post=41054"},{"taxonomy":"product_cat","embeddable":true,"href":"https:\/\/toysplusshop.com\/index.php?rest_route=%2Fwp%2Fv2%2Fproduct_cat&post=41054"},{"taxonomy":"product_tag","embeddable":true,"href":"https:\/\/toysplusshop.com\/index.php?rest_route=%2Fwp%2Fv2%2Fproduct_tag&post=41054"}],"curies":[{"name":"wp","href":"https:\/\/api.w.org\/{rel}","templated":true}]}}