{"id":41504,"date":"2025-10-24T10:05:43","date_gmt":"2025-10-24T10:05:43","guid":{"rendered":"https:\/\/toysplusshop.com\/?post_type=product&#038;p=41504"},"modified":"2025-11-05T14:15:00","modified_gmt":"2025-11-05T14:15:00","slug":"lego-11205-gabbys-dollhouse-tatli-sekerleme-dagi-ve-kedi-bahcesi","status":"publish","type":"product","link":"https:\/\/toysplusshop.com\/?product=lego-11205-gabbys-dollhouse-tatli-sekerleme-dagi-ve-kedi-bahcesi","title":{"rendered":"LEGO 11205 GABBY&#8217;S DOLLHOUSE TATLI \u015eEKERLEME DA\u011eI VE KED\u0130 BAH\u00c7ES\u0130"},"content":{"rendered":"<p>\u00c7ocuklara y\u00f6nelik Tatl\u0131 \u015eekerleme Da\u011f\u0131 ve Kedi Bah\u00e7esi (11205) yap\u0131m oyunca\u011f\u0131, LEGO\u00ae Gabby&#8217;s Dollhouse fig\u00fcrleriyle dolu, hayal g\u00fcc\u00fcne dayal\u0131 hayvan temal\u0131 bir hediyedir. Bu LEGO rol yapma seti, 4 ya\u015f ve \u00fczeri k\u0131z ve erkek \u00e7ocuklar i\u00e7in ideal bir hediye fikridir.Yarat\u0131c\u0131 oyun setinde 2 film mekan\u0131 ve Gabby, Pandi Pati ve Peri Kedi gibi \u00e7ok say\u0131da LEGO fig\u00fcr\u00fc bulunur. Tatl\u0131 \u015eekerleme Da\u011f\u0131, minikleri \u015fekerli \u00f6d\u00fcllerle dolu b\u00fcy\u00fcl\u00fc bir d\u00fcnyaya g\u00f6t\u00fcr\u00fcr. Karakterler, donutlara binerek renkli \u015felalede kayabilir. Kedi Bah\u00e7esi, Peri Kedi\u2019nin kristal \u00e7i\u00e7ek taht\u0131nda oturdu\u011fu ve \u00e7ocuklar\u0131n bulmas\u0131 i\u00e7in de\u011ferli ta\u015flar\u0131n sakland\u0131\u011f\u0131 fantastik bir mekand\u0131r. Renkli resimli talimatlar, b\u00fcy\u00fck bir Ba\u015flang\u0131\u00e7 Yap\u0131m Par\u00e7as\u0131 ve her biri bir model i\u00e7eren ayr\u0131 ayr\u0131 paketler, k\u00fc\u00e7\u00fck model severlerin yarat\u0131c\u0131 deneyimini h\u0131zl\u0131 ve e\u011flenceli hale getirir.4 ya\u015f ve \u00fczeri i\u00e7in LEGO oyun setleri, yeti\u015fkinlerin \u00e7ocuklarla yarat\u0131c\u0131 yap\u0131m ve oyun e\u011flencesini payla\u015fmalar\u0131n\u0131n harika bir yoludur. Set, 263 par\u00e7adan olu\u015fur.;<\/p>\n<p>Gabby&#8217;s Dollhouse fig\u00fcrleriyle rol yapma oyunca\u011f\u0131 \u2013 Tatl\u0131 \u015eekerleme Da\u011f\u0131 ve Kedi Bah\u00e7esi, 4 ya\u015f ve \u00fczeri k\u0131z ve erkek \u00e7ocuklar i\u00e7in film temal\u0131 e\u011flenceli bir hediye, \u00e7ocuklara y\u00f6nelik yarat\u0131c\u0131 bir oyuncakt\u0131r<\/p>\n<p>Gabby ve arkada\u015flar\u0131yla e\u011flence \u2013 Bu sette Gabby, Pandi Pati ve Peri Kedi gibi LEGO\u00ae fig\u00fcrleri ile Gabby&#8217;nin Hayal Evi Filmi\u2019nden 2 \u00f6nemli mekan bulunur<\/p>\n<p>Macera oyun seti \u2013 \u00c7ocuklar, karakterleri donutlar\u0131n \u00fczerine oturtarak Tatl\u0131 \u015eekerleme Da\u011f\u0131&#8217;n\u0131n renkli \u015felalesinden kayd\u0131rabilir<\/p>\n<p>E\u011flenceli fantastik oyuncak \u2013 Kedi Bah\u00e7esi, ke\u015ffedilecek gizli m\u00fccevherleri ve Kitty Fairy&#8217;nin oturdu\u011fu kristal \u00e7i\u00e7ek taht\u0131yla fantastik bir mekand\u0131r<\/p>\n<p>4 ya\u015f ve \u00fczeri \u00e7ocuklar i\u00e7in hediye \u2013 DreamWorks Animation\u2019dan Gabby&#8217;nin Hayal Evi\u2019nin hayran\u0131 olan yarat\u0131c\u0131 \u00e7ocuklar i\u00e7in harika bir hediye fikri<\/p>\n<p>E\u011flenceyi geni\u015fletin \u2013 \u00c7ocuklar, bu oyunca\u011f\u0131 11204 setiyle (ayr\u0131 sat\u0131l\u0131r) tamamlayarak filmde betimlenen \u00fc\u00e7 geni\u015f d\u00fcnyay\u0131 olu\u015fturabilir<\/p>\n<p>Okul \u00f6ncesi yap\u0131m oyunca\u011f\u0131 \u2013 4 ya\u015f ve \u00fczeri \u00e7ocuklar i\u00e7in ilgi \u00e7ekici, geli\u015fimsel LEGO\u00ae setlerinden olu\u015fan bu geni\u015f seri, onlar\u0131 favori filmler, televizyon karakterleri ve s\u0131radan kahramanlarla dolu bir evrenle tan\u0131\u015ft\u0131r\u0131r<\/p>\n<p>Sette 263 par\u00e7a bulunur \u2013 Tatl\u0131 \u015eekerleme Da\u011f\u0131\u2019n\u0131n y\u00fcksekli\u011fi 17 cm, geni\u015fli\u011fi 19 cm, derinli\u011fi 9 cm\u2019dir<\/p>\n","protected":false},"excerpt":{"rendered":"<p>\u00c7ocuklara y\u00f6nelik Tatl\u0131 \u015eekerleme Da\u011f\u0131 ve Kedi Bah\u00e7esi (11205) yap\u0131m oyunca\u011f\u0131, LEGO\u00ae Gabby&#8217;s Dollhouse fig\u00fcrleriyle dolu, hayal g\u00fcc\u00fcne dayal\u0131 hayvan temal\u0131 bir hediyedir. Bu LEGO rol yapma seti, 4 ya\u015f ve \u00fczeri k\u0131z ve erkek \u00e7ocuklar i\u00e7in ideal bir hediye fikridir.Yarat\u0131c\u0131 oyun setinde 2 film mekan\u0131 ve Gabby, Pandi Pati ve Peri Kedi gibi \u00e7ok say\u0131da LEGO fig\u00fcr\u00fc bulunur. Tatl\u0131 \u015eekerleme Da\u011f\u0131, minikleri \u015fekerli \u00f6d\u00fcllerle dolu b\u00fcy\u00fcl\u00fc bir d\u00fcnyaya g\u00f6t\u00fcr\u00fcr. Karakterler, donutlara binerek renkli \u015felalede kayabilir. Kedi Bah\u00e7esi, Peri Kedi\u2019nin kristal \u00e7i\u00e7ek taht\u0131nda oturdu\u011fu ve \u00e7ocuklar\u0131n bulmas\u0131 i\u00e7in de\u011ferli ta\u015flar\u0131n sakland\u0131\u011f\u0131 fantastik bir mekand\u0131r. Renkli resimli talimatlar, b\u00fcy\u00fck bir Ba\u015flang\u0131\u00e7 Yap\u0131m Par\u00e7as\u0131 ve her biri bir model i\u00e7eren ayr\u0131 ayr\u0131 paketler, k\u00fc\u00e7\u00fck model severlerin yarat\u0131c\u0131 deneyimini h\u0131zl\u0131 ve e\u011flenceli hale getirir.4 ya\u015f ve \u00fczeri i\u00e7in LEGO oyun setleri, yeti\u015fkinlerin \u00e7ocuklarla yarat\u0131c\u0131 yap\u0131m ve oyun e\u011flencesini payla\u015fmalar\u0131n\u0131n harika bir yoludur. Set, 263 par\u00e7adan olu\u015fur.; Gabby&#8217;s Dollhouse fig\u00fcrleriyle rol yapma oyunca\u011f\u0131 \u2013 Tatl\u0131 \u015eekerleme Da\u011f\u0131 ve Kedi Bah\u00e7esi, 4 ya\u015f ve \u00fczeri k\u0131z ve erkek \u00e7ocuklar i\u00e7in film temal\u0131 e\u011flenceli bir hediye, \u00e7ocuklara y\u00f6nelik yarat\u0131c\u0131 bir oyuncakt\u0131r Gabby ve arkada\u015flar\u0131yla e\u011flence \u2013 Bu sette Gabby, Pandi Pati ve Peri Kedi gibi LEGO\u00ae fig\u00fcrleri ile Gabby&#8217;nin Hayal Evi Filmi\u2019nden 2 \u00f6nemli mekan bulunur Macera oyun seti \u2013 \u00c7ocuklar, karakterleri donutlar\u0131n \u00fczerine oturtarak Tatl\u0131 \u015eekerleme Da\u011f\u0131&#8217;n\u0131n renkli \u015felalesinden kayd\u0131rabilir E\u011flenceli fantastik oyuncak \u2013 Kedi Bah\u00e7esi, ke\u015ffedilecek gizli m\u00fccevherleri ve Kitty Fairy&#8217;nin oturdu\u011fu kristal \u00e7i\u00e7ek taht\u0131yla fantastik bir mekand\u0131r 4 ya\u015f ve \u00fczeri \u00e7ocuklar i\u00e7in hediye \u2013 DreamWorks Animation\u2019dan Gabby&#8217;nin Hayal Evi\u2019nin hayran\u0131 olan yarat\u0131c\u0131 \u00e7ocuklar i\u00e7in harika bir hediye fikri E\u011flenceyi geni\u015fletin \u2013 \u00c7ocuklar, bu oyunca\u011f\u0131 11204 setiyle (ayr\u0131 sat\u0131l\u0131r) tamamlayarak filmde betimlenen \u00fc\u00e7 geni\u015f d\u00fcnyay\u0131 olu\u015fturabilir Okul \u00f6ncesi yap\u0131m oyunca\u011f\u0131 \u2013 4 ya\u015f ve \u00fczeri \u00e7ocuklar i\u00e7in ilgi \u00e7ekici, geli\u015fimsel LEGO\u00ae setlerinden olu\u015fan bu geni\u015f seri, onlar\u0131 favori filmler, televizyon karakterleri ve s\u0131radan kahramanlarla dolu bir evrenle tan\u0131\u015ft\u0131r\u0131r Sette 263 par\u00e7a bulunur \u2013 Tatl\u0131 \u015eekerleme Da\u011f\u0131\u2019n\u0131n y\u00fcksekli\u011fi 17 cm, geni\u015fli\u011fi 19 cm, derinli\u011fi 9 cm\u2019dir<\/p>\n","protected":false},"featured_media":41604,"comment_status":"open","ping_status":"closed","template":"","meta":[],"product_brand":[],"product_cat":[1042,555],"product_tag":[3574],"class_list":{"0":"post-41504","1":"product","2":"type-product","3":"status-publish","4":"has-post-thumbnail","6":"product_cat-gabby-dollhouse","7":"product_cat-lego","8":"product_tag-lego-11205-gabbys-dollhouse-tatli-sekerleme-dagi-ve-kedi-bahcesi","10":"first","11":"instock","12":"shipping-taxable","13":"purchasable","14":"product-type-simple"},"_links":{"self":[{"href":"https:\/\/toysplusshop.com\/index.php?rest_route=\/wp\/v2\/product\/41504","targetHints":{"allow":["GET"]}}],"collection":[{"href":"https:\/\/toysplusshop.com\/index.php?rest_route=\/wp\/v2\/product"}],"about":[{"href":"https:\/\/toysplusshop.com\/index.php?rest_route=\/wp\/v2\/types\/product"}],"replies":[{"embeddable":true,"href":"https:\/\/toysplusshop.com\/index.php?rest_route=%2Fwp%2Fv2%2Fcomments&post=41504"}],"version-history":[{"count":1,"href":"https:\/\/toysplusshop.com\/index.php?rest_route=\/wp\/v2\/product\/41504\/revisions"}],"predecessor-version":[{"id":41513,"href":"https:\/\/toysplusshop.com\/index.php?rest_route=\/wp\/v2\/product\/41504\/revisions\/41513"}],"wp:featuredmedia":[{"embeddable":true,"href":"https:\/\/toysplusshop.com\/index.php?rest_route=\/wp\/v2\/media\/41604"}],"wp:attachment":[{"href":"https:\/\/toysplusshop.com\/index.php?rest_route=%2Fwp%2Fv2%2Fmedia&parent=41504"}],"wp:term":[{"taxonomy":"product_brand","embeddable":true,"href":"https:\/\/toysplusshop.com\/index.php?rest_route=%2Fwp%2Fv2%2Fproduct_brand&post=41504"},{"taxonomy":"product_cat","embeddable":true,"href":"https:\/\/toysplusshop.com\/index.php?rest_route=%2Fwp%2Fv2%2Fproduct_cat&post=41504"},{"taxonomy":"product_tag","embeddable":true,"href":"https:\/\/toysplusshop.com\/index.php?rest_route=%2Fwp%2Fv2%2Fproduct_tag&post=41504"}],"curies":[{"name":"wp","href":"https:\/\/api.w.org\/{rel}","templated":true}]}}