{"id":42027,"date":"2025-12-13T15:03:41","date_gmt":"2025-12-13T15:03:41","guid":{"rendered":"https:\/\/toysplusshop.com\/?post_type=product&#038;p=42027"},"modified":"2025-12-13T15:03:41","modified_gmt":"2025-12-13T15:03:41","slug":"lego-75639-one-piece-going-merry-korsan-gemisi","status":"publish","type":"product","link":"https:\/\/toysplusshop.com\/?product=lego-75639-one-piece-going-merry-korsan-gemisi","title":{"rendered":"LEGO 75639 ONE PIECE GOING MERRY KORSAN GEM\u0130S\u0130"},"content":{"rendered":"<p>Going Merry Korsan Gemisi (75639), ONE PIECE maceralar\u0131n\u0131n hayranlar\u0131n\u0131 ve oyun ve sergileme oyuncaklar\u0131n\u0131 seven \u00e7ocuklar\u0131 kesinlikle b\u00fcy\u00fcleyecek g\u00fczel bir modeldir. Bu kaliteli LEGO\u00ae yap\u0131m seti, 10 ya\u015f ve \u00fczeri erkek ve k\u0131z \u00e7ocuklar ile Has\u0131r \u015eapka Korsanlar\u0131&#8217;na ilgi duyan yarat\u0131c\u0131 \u00e7ocuklar i\u00e7in harika bir hediyedir.Simgele\u015fmi\u015f geminin m\u00fcrettebat kabini, mutfak, depo ve bir aksesuar at\u00f6lyesi gibi birka\u00e7 i\u00e7 b\u00f6lmesi bulunur. Model, 5 LEGO ONE PIECE minifig\u00fcr\u00fcyle birlikte gelir. Luffy, geminin \u00f6n taraf\u0131nda, alt\u0131nda top bulunan koyun heykelinin \u00fczerinde oturur; Zoro g\u00fcvertede dinlenir ve antrenman yapar; Nami, en sevdi\u011fi mandalina a\u011fa\u00e7lar\u0131n\u0131n yeti\u015fti\u011fi g\u00fcvertenin arka k\u0131sm\u0131ndaki d\u00fcmeni kontrol eder; Usopp direklere t\u0131rman\u0131r ve karga yuvas\u0131ndan n\u00f6bet tutar ve Sanji yemek kaplar\u0131n\u0131 merdivenlerden mutfa\u011fa indirir. 4 adet &#8216;Aran\u0131yor&#8217; posteri i\u00e7erir. LEGO Builder uygulamas\u0131, \u00e7ocuklar\u0131n modelleri yak\u0131nla\u015ft\u0131rmas\u0131na, 3 boyutlu olarak d\u00f6nd\u00fcrmesine ve ilerlemeyi izlemesine olanak tan\u0131r. Set, 1376 par\u00e7adan olu\u015fur.;<\/p>\n<p>\u00c7ocuklar i\u00e7in korsan gemisi oyunca\u011f\u0131 \u2013 Going Merry Korsan Gemisi oyun ve sergileme seti, anime ve Netflix ONE PIECE dizisinin hayran\u0131 olan 10 ya\u015f ve \u00fczeri erkek ve k\u0131z \u00e7ocuklara uygun bir hediyedir<\/p>\n<p>LEGO\u00ae ONE PIECE minifig\u00fcrleri \u2013 Bu set, Monkey D. Luffy, Zoro, Nami, Usopp ve Sanji&#8217;nin orijinal detayl\u0131 minifig\u00fcrlerini i\u00e7erir<\/p>\n<p>Gen\u00e7 korsanlar i\u00e7in LEGO\u00ae gemi seti \u2013 B\u00fcy\u00fck geminin direkleri, yelkenleri, gemi ba\u015f\u0131 ve d\u00fcmeni bulunur ve g\u00fcvertenin alt\u0131nda bir m\u00fcrettebat kabini, mutfak, yiyecek ve poster deposu ve aksesuar at\u00f6lyesi bulunur<\/p>\n<p>Ger\u00e7ek\u00e7i ayr\u0131nt\u0131larla dolu korsan oyunca\u011f\u0131 \u2013 Luffy karakteri, geminin \u00f6n taraf\u0131nda bulunan koyun fig\u00fcrl\u00fc gemi ba\u015f\u0131n\u0131n \u00fczerinde en sevdi\u011fi yeri alabilir, alt\u0131nda d\u00fc\u015fmanlar\u0131 savu\u015fturmak i\u00e7in top tarz\u0131 bir at\u0131c\u0131 bulunur<\/p>\n<p>Korsan gemisi maceras\u0131 hediyesi \u2013 Bu LEGO\u00ae ONE PIECE yap\u0131m-oynama ve sergileme seti, anime severler, korsan gemilerinin ve Netflix\u2019in ONE PIECE dizisinin hayranlar\u0131 i\u00e7in harika bir hediyedir<\/p>\n<p>3 boyutlu yap\u0131m talimatlar\u0131 \u2013 \u00c7ocuklar, s\u00fcr\u00fckleyici bir yap\u0131m deneyimi i\u00e7in modelleri 3 boyutlu yak\u0131nla\u015ft\u0131r\u0131p d\u00f6nd\u00fcrmelerini, setleri kaydetmelerini ve ilerlemeyi takip etmelerini sa\u011flayan dijital ara\u00e7lar\u0131yla LEGO\u00ae Builder uygulamas\u0131n\u0131 indirebilir<\/p>\n<p>Koleksiyonluk LEGO\u00ae ONE PIECE setleri \u2013 LEGO ONE PIECE oyuncaklar\u0131, Netflix dizisinin karakterlerini, mekanlar\u0131n\u0131 ve heyecan verici maceralar\u0131n\u0131 gen\u00e7 hayranlar\u0131n aya\u011f\u0131na getirir<\/p>\n<p>1376 par\u00e7al\u0131 yap\u0131m seti \u2013 Going Merry gemisinin y\u00fcksekli\u011fi 34 cm, uzunlu\u011fu 39 cm, geni\u015fli\u011fi 20 cm&#8217;dir<\/p>\n","protected":false},"excerpt":{"rendered":"<p>Going Merry Korsan Gemisi (75639), ONE PIECE maceralar\u0131n\u0131n hayranlar\u0131n\u0131 ve oyun ve sergileme oyuncaklar\u0131n\u0131 seven \u00e7ocuklar\u0131 kesinlikle b\u00fcy\u00fcleyecek g\u00fczel bir modeldir. Bu kaliteli LEGO\u00ae yap\u0131m seti, 10 ya\u015f ve \u00fczeri erkek ve k\u0131z \u00e7ocuklar ile Has\u0131r \u015eapka Korsanlar\u0131&#8217;na ilgi duyan yarat\u0131c\u0131 \u00e7ocuklar i\u00e7in harika bir hediyedir.Simgele\u015fmi\u015f geminin m\u00fcrettebat kabini, mutfak, depo ve bir aksesuar at\u00f6lyesi gibi birka\u00e7 i\u00e7 b\u00f6lmesi bulunur. Model, 5 LEGO ONE PIECE minifig\u00fcr\u00fcyle birlikte gelir. Luffy, geminin \u00f6n taraf\u0131nda, alt\u0131nda top bulunan koyun heykelinin \u00fczerinde oturur; Zoro g\u00fcvertede dinlenir ve antrenman yapar; Nami, en sevdi\u011fi mandalina a\u011fa\u00e7lar\u0131n\u0131n yeti\u015fti\u011fi g\u00fcvertenin arka k\u0131sm\u0131ndaki d\u00fcmeni kontrol eder; Usopp direklere t\u0131rman\u0131r ve karga yuvas\u0131ndan n\u00f6bet tutar ve Sanji yemek kaplar\u0131n\u0131 merdivenlerden mutfa\u011fa indirir. 4 adet &#8216;Aran\u0131yor&#8217; posteri i\u00e7erir. LEGO Builder uygulamas\u0131, \u00e7ocuklar\u0131n modelleri yak\u0131nla\u015ft\u0131rmas\u0131na, 3 boyutlu olarak d\u00f6nd\u00fcrmesine ve ilerlemeyi izlemesine olanak tan\u0131r. Set, 1376 par\u00e7adan olu\u015fur.; \u00c7ocuklar i\u00e7in korsan gemisi oyunca\u011f\u0131 \u2013 Going Merry Korsan Gemisi oyun ve sergileme seti, anime ve Netflix ONE PIECE dizisinin hayran\u0131 olan 10 ya\u015f ve \u00fczeri erkek ve k\u0131z \u00e7ocuklara uygun bir hediyedir LEGO\u00ae ONE PIECE minifig\u00fcrleri \u2013 Bu set, Monkey D. Luffy, Zoro, Nami, Usopp ve Sanji&#8217;nin orijinal detayl\u0131 minifig\u00fcrlerini i\u00e7erir Gen\u00e7 korsanlar i\u00e7in LEGO\u00ae gemi seti \u2013 B\u00fcy\u00fck geminin direkleri, yelkenleri, gemi ba\u015f\u0131 ve d\u00fcmeni bulunur ve g\u00fcvertenin alt\u0131nda bir m\u00fcrettebat kabini, mutfak, yiyecek ve poster deposu ve aksesuar at\u00f6lyesi bulunur Ger\u00e7ek\u00e7i ayr\u0131nt\u0131larla dolu korsan oyunca\u011f\u0131 \u2013 Luffy karakteri, geminin \u00f6n taraf\u0131nda bulunan koyun fig\u00fcrl\u00fc gemi ba\u015f\u0131n\u0131n \u00fczerinde en sevdi\u011fi yeri alabilir, alt\u0131nda d\u00fc\u015fmanlar\u0131 savu\u015fturmak i\u00e7in top tarz\u0131 bir at\u0131c\u0131 bulunur Korsan gemisi maceras\u0131 hediyesi \u2013 Bu LEGO\u00ae ONE PIECE yap\u0131m-oynama ve sergileme seti, anime severler, korsan gemilerinin ve Netflix\u2019in ONE PIECE dizisinin hayranlar\u0131 i\u00e7in harika bir hediyedir 3 boyutlu yap\u0131m talimatlar\u0131 \u2013 \u00c7ocuklar, s\u00fcr\u00fckleyici bir yap\u0131m deneyimi i\u00e7in modelleri 3 boyutlu yak\u0131nla\u015ft\u0131r\u0131p d\u00f6nd\u00fcrmelerini, setleri kaydetmelerini ve ilerlemeyi takip etmelerini sa\u011flayan dijital ara\u00e7lar\u0131yla LEGO\u00ae Builder uygulamas\u0131n\u0131 indirebilir Koleksiyonluk LEGO\u00ae ONE PIECE setleri \u2013 LEGO ONE PIECE oyuncaklar\u0131, Netflix dizisinin karakterlerini, mekanlar\u0131n\u0131 ve heyecan verici maceralar\u0131n\u0131 gen\u00e7 hayranlar\u0131n aya\u011f\u0131na getirir 1376 par\u00e7al\u0131 yap\u0131m seti \u2013 Going Merry gemisinin y\u00fcksekli\u011fi 34 cm, uzunlu\u011fu 39 cm, geni\u015fli\u011fi 20 cm&#8217;dir<\/p>\n","protected":false},"featured_media":42028,"comment_status":"open","ping_status":"closed","template":"","meta":[],"product_brand":[],"product_cat":[555,3603],"product_tag":[],"class_list":{"0":"post-42027","1":"product","2":"type-product","3":"status-publish","4":"has-post-thumbnail","6":"product_cat-lego","7":"product_cat-one-piece","9":"first","10":"instock","11":"shipping-taxable","12":"purchasable","13":"product-type-simple"},"_links":{"self":[{"href":"https:\/\/toysplusshop.com\/index.php?rest_route=\/wp\/v2\/product\/42027","targetHints":{"allow":["GET"]}}],"collection":[{"href":"https:\/\/toysplusshop.com\/index.php?rest_route=\/wp\/v2\/product"}],"about":[{"href":"https:\/\/toysplusshop.com\/index.php?rest_route=\/wp\/v2\/types\/product"}],"replies":[{"embeddable":true,"href":"https:\/\/toysplusshop.com\/index.php?rest_route=%2Fwp%2Fv2%2Fcomments&post=42027"}],"version-history":[{"count":1,"href":"https:\/\/toysplusshop.com\/index.php?rest_route=\/wp\/v2\/product\/42027\/revisions"}],"predecessor-version":[{"id":42039,"href":"https:\/\/toysplusshop.com\/index.php?rest_route=\/wp\/v2\/product\/42027\/revisions\/42039"}],"wp:featuredmedia":[{"embeddable":true,"href":"https:\/\/toysplusshop.com\/index.php?rest_route=\/wp\/v2\/media\/42028"}],"wp:attachment":[{"href":"https:\/\/toysplusshop.com\/index.php?rest_route=%2Fwp%2Fv2%2Fmedia&parent=42027"}],"wp:term":[{"taxonomy":"product_brand","embeddable":true,"href":"https:\/\/toysplusshop.com\/index.php?rest_route=%2Fwp%2Fv2%2Fproduct_brand&post=42027"},{"taxonomy":"product_cat","embeddable":true,"href":"https:\/\/toysplusshop.com\/index.php?rest_route=%2Fwp%2Fv2%2Fproduct_cat&post=42027"},{"taxonomy":"product_tag","embeddable":true,"href":"https:\/\/toysplusshop.com\/index.php?rest_route=%2Fwp%2Fv2%2Fproduct_tag&post=42027"}],"curies":[{"name":"wp","href":"https:\/\/api.w.org\/{rel}","templated":true}]}}