{"id":42732,"date":"2026-01-14T15:49:22","date_gmt":"2026-01-14T15:49:22","guid":{"rendered":"https:\/\/toysplusshop.com\/?post_type=product&#038;p=42732"},"modified":"2026-01-14T15:49:23","modified_gmt":"2026-01-14T15:49:23","slug":"sylvanian-families-5059-ayi-ailesi","status":"publish","type":"product","link":"https:\/\/toysplusshop.com\/?product=sylvanian-families-5059-ayi-ailesi","title":{"rendered":"SYLVANIAN FAMILIES 5059 AYI A\u0130LES\u0130"},"content":{"rendered":"<p>Patrick Sylvanian kasabas\u0131 belediye ba\u015fkan\u0131d\u0131r ve herkes ona g\u00fcvenir. Her zaman kasabas\u0131 i\u00e7in yap\u0131lacak \u015feyleri d\u00fc\u015f\u00fcn\u00fcr ve herkesin iyi oldu\u011fundan emin olur. Yorucu bir i\u015f olsa da her zaman kar\u0131s\u0131 Margaret&#8217;in g\u00fcl\u00fc\u015f\u00fcn\u00fc g\u00f6rd\u00fc\u011f\u00fcnde, kendini dinlenmi\u015f hisseder.<\/p>\n<p>Margaret \u00e7ok kibard\u0131r ve \u00e7ocuklara g\u00f6rg\u00fc kurallar\u0131n\u0131 \u00f6\u011fretir. G\u00f6rg\u00fc derslerinde \u00e7ok tatl\u0131d\u0131r, \u00e7ok ne\u015feli bir g\u00fcl\u00fcmsemesi vard\u0131r.<\/p>\n<p>Piers \u00e7ok i\u015ftahl\u0131d\u0131r &#8211; her zaman &#8220;A\u00e7\u0131m&#8221; der. Arkada\u015flar\u0131yla oynarken yemek kokuyorsa, burnuyla kokuyu takip eder. Annesi Margaret, yemek haz\u0131rlamas\u0131na yard\u0131m etmesine izin vermez, \u00e7\u00fcnk\u00fc ellerini yemekten uzak tutamaz.<\/p>\n<p>Andromeda arkada\u015flar\u0131n\u0131 dinlemekte ve bir konuda anla\u015fmalar\u0131 i\u00e7in onlara yard\u0131m etmekte iyidir.<\/p>\n","protected":false},"excerpt":{"rendered":"<p>Patrick Sylvanian kasabas\u0131 belediye ba\u015fkan\u0131d\u0131r ve herkes ona g\u00fcvenir. Her zaman kasabas\u0131 i\u00e7in yap\u0131lacak \u015feyleri d\u00fc\u015f\u00fcn\u00fcr ve herkesin iyi oldu\u011fundan emin olur. Yorucu bir i\u015f olsa da her zaman kar\u0131s\u0131 Margaret&#8217;in g\u00fcl\u00fc\u015f\u00fcn\u00fc g\u00f6rd\u00fc\u011f\u00fcnde, kendini dinlenmi\u015f hisseder. Margaret \u00e7ok kibard\u0131r ve \u00e7ocuklara g\u00f6rg\u00fc kurallar\u0131n\u0131 \u00f6\u011fretir. G\u00f6rg\u00fc derslerinde \u00e7ok tatl\u0131d\u0131r, \u00e7ok ne\u015feli bir g\u00fcl\u00fcmsemesi vard\u0131r. Piers \u00e7ok i\u015ftahl\u0131d\u0131r &#8211; her zaman &#8220;A\u00e7\u0131m&#8221; der. Arkada\u015flar\u0131yla oynarken yemek kokuyorsa, burnuyla kokuyu takip eder. Annesi Margaret, yemek haz\u0131rlamas\u0131na yard\u0131m etmesine izin vermez, \u00e7\u00fcnk\u00fc ellerini yemekten uzak tutamaz. Andromeda arkada\u015flar\u0131n\u0131 dinlemekte ve bir konuda anla\u015fmalar\u0131 i\u00e7in onlara yard\u0131m etmekte iyidir.<\/p>\n","protected":false},"featured_media":42737,"comment_status":"open","ping_status":"closed","template":"","meta":[],"product_brand":[],"product_cat":[550,3656],"product_tag":[3664],"class_list":{"0":"post-42732","1":"product","2":"type-product","3":"status-publish","4":"has-post-thumbnail","6":"product_cat-kiz-oyuncaklari","7":"product_cat-sylvanian-families","8":"product_tag-sylvanian-families-5059-ayi-ailesi","10":"first","11":"instock","12":"shipping-taxable","13":"purchasable","14":"product-type-simple"},"_links":{"self":[{"href":"https:\/\/toysplusshop.com\/index.php?rest_route=\/wp\/v2\/product\/42732","targetHints":{"allow":["GET"]}}],"collection":[{"href":"https:\/\/toysplusshop.com\/index.php?rest_route=\/wp\/v2\/product"}],"about":[{"href":"https:\/\/toysplusshop.com\/index.php?rest_route=\/wp\/v2\/types\/product"}],"replies":[{"embeddable":true,"href":"https:\/\/toysplusshop.com\/index.php?rest_route=%2Fwp%2Fv2%2Fcomments&post=42732"}],"version-history":[{"count":1,"href":"https:\/\/toysplusshop.com\/index.php?rest_route=\/wp\/v2\/product\/42732\/revisions"}],"predecessor-version":[{"id":42738,"href":"https:\/\/toysplusshop.com\/index.php?rest_route=\/wp\/v2\/product\/42732\/revisions\/42738"}],"wp:featuredmedia":[{"embeddable":true,"href":"https:\/\/toysplusshop.com\/index.php?rest_route=\/wp\/v2\/media\/42737"}],"wp:attachment":[{"href":"https:\/\/toysplusshop.com\/index.php?rest_route=%2Fwp%2Fv2%2Fmedia&parent=42732"}],"wp:term":[{"taxonomy":"product_brand","embeddable":true,"href":"https:\/\/toysplusshop.com\/index.php?rest_route=%2Fwp%2Fv2%2Fproduct_brand&post=42732"},{"taxonomy":"product_cat","embeddable":true,"href":"https:\/\/toysplusshop.com\/index.php?rest_route=%2Fwp%2Fv2%2Fproduct_cat&post=42732"},{"taxonomy":"product_tag","embeddable":true,"href":"https:\/\/toysplusshop.com\/index.php?rest_route=%2Fwp%2Fv2%2Fproduct_tag&post=42732"}],"curies":[{"name":"wp","href":"https:\/\/api.w.org\/{rel}","templated":true}]}}