{"id":42844,"date":"2026-02-11T10:48:30","date_gmt":"2026-02-11T10:48:30","guid":{"rendered":"https:\/\/toysplusshop.com\/?post_type=product&#038;p=42844"},"modified":"2026-02-11T10:48:31","modified_gmt":"2026-02-11T10:48:31","slug":"sylvanian-families-5738-latte-kedi-ailesi","status":"publish","type":"product","link":"https:\/\/toysplusshop.com\/?product=sylvanian-families-5738-latte-kedi-ailesi","title":{"rendered":"SYLVANIAN FAMILIES 5738 LATTE KED\u0130 A\u0130LES\u0130"},"content":{"rendered":"<p>Latte Kedi Ailesi yumu\u015fak renklere ve yuvarlak desenlere sahiptir. Bu setin i\u00e7erisinde baba, anne, k\u0131z, bebek ve \u00e7e\u015fitli aksesuarlar bulunmaktad\u0131r.<\/p>\n<p>Aksesuarlara i\u00e7ecekler, waffle ve al\u0131\u015fveri\u015f \u00e7antas\u0131 dahildir.<\/p>\n<p>Fig\u00fcrler i\u00e7ecekleri ve al\u0131\u015fveri\u015f \u00e7antas\u0131n\u0131 tutabilir.<\/p>\n<p>Anne, baba ve k\u0131z farkl\u0131 renklerde rengarenk kareli k\u0131yafetler giyiyorlar.<\/p>\n<p>Latte Kedi&#8217;nin babas\u0131 Matteo, Daniela ile al\u0131\u015fveri\u015f yapmay\u0131 \u00e7ok seviyor. Ne zaman k\u0131yafetlere baksalar Matteo her zaman ona denemesi i\u00e7in yeni \u015feyler \u00f6neriyor ve bunlar\u0131 sat\u0131n almay\u0131 teklif ediyor.<\/p>\n<p>Latte Kedi annesi Daniela ne zaman al\u0131\u015fveri\u015fe gitse, mutlaka bir fincan \u00e7ay i\u00e7in durur&#8230; ve al\u0131\u015fveri\u015ften \u00e7ok \u00e7ay i\u00e7erek vakit ge\u00e7irir!<\/p>\n<p>Arkada\u015flar\u0131yla \u00f6\u011fle yeme\u011fi yemekten de ho\u015flan\u0131yor. Latte Cat k\u0131z\u0131 Monica yemek yemeyi \u00e7ok seviyor. Her zaman yeni yiyecekler denemek ister.<\/p>\n<p>Latte Kedisi Pino bebe\u011fi al\u0131\u015fveri\u015f oyunlar\u0131 oynamay\u0131 \u00e7ok seviyor. Kendi al\u0131\u015fveri\u015f ma\u011fazas\u0131n\u0131 kuracak ve t\u00fcm m\u00fc\u015fterilerini ne\u015feli bir g\u00fcl\u00fcmsemeyle kar\u015f\u0131layacak.<\/p>\n","protected":false},"excerpt":{"rendered":"<p>Latte Kedi Ailesi yumu\u015fak renklere ve yuvarlak desenlere sahiptir. Bu setin i\u00e7erisinde baba, anne, k\u0131z, bebek ve \u00e7e\u015fitli aksesuarlar bulunmaktad\u0131r. Aksesuarlara i\u00e7ecekler, waffle ve al\u0131\u015fveri\u015f \u00e7antas\u0131 dahildir. Fig\u00fcrler i\u00e7ecekleri ve al\u0131\u015fveri\u015f \u00e7antas\u0131n\u0131 tutabilir. Anne, baba ve k\u0131z farkl\u0131 renklerde rengarenk kareli k\u0131yafetler giyiyorlar. Latte Kedi&#8217;nin babas\u0131 Matteo, Daniela ile al\u0131\u015fveri\u015f yapmay\u0131 \u00e7ok seviyor. Ne zaman k\u0131yafetlere baksalar Matteo her zaman ona denemesi i\u00e7in yeni \u015feyler \u00f6neriyor ve bunlar\u0131 sat\u0131n almay\u0131 teklif ediyor. Latte Kedi annesi Daniela ne zaman al\u0131\u015fveri\u015fe gitse, mutlaka bir fincan \u00e7ay i\u00e7in durur&#8230; ve al\u0131\u015fveri\u015ften \u00e7ok \u00e7ay i\u00e7erek vakit ge\u00e7irir! Arkada\u015flar\u0131yla \u00f6\u011fle yeme\u011fi yemekten de ho\u015flan\u0131yor. Latte Cat k\u0131z\u0131 Monica yemek yemeyi \u00e7ok seviyor. Her zaman yeni yiyecekler denemek ister. Latte Kedisi Pino bebe\u011fi al\u0131\u015fveri\u015f oyunlar\u0131 oynamay\u0131 \u00e7ok seviyor. Kendi al\u0131\u015fveri\u015f ma\u011fazas\u0131n\u0131 kuracak ve t\u00fcm m\u00fc\u015fterilerini ne\u015feli bir g\u00fcl\u00fcmsemeyle kar\u015f\u0131layacak.<\/p>\n","protected":false},"featured_media":42845,"comment_status":"open","ping_status":"closed","template":"","meta":[],"product_brand":[],"product_cat":[550,3656],"product_tag":[3675],"class_list":{"0":"post-42844","1":"product","2":"type-product","3":"status-publish","4":"has-post-thumbnail","6":"product_cat-kiz-oyuncaklari","7":"product_cat-sylvanian-families","8":"product_tag-sylvanian-families-5738-latte-kedi-ailesi","10":"first","11":"instock","12":"shipping-taxable","13":"purchasable","14":"product-type-simple"},"_links":{"self":[{"href":"https:\/\/toysplusshop.com\/index.php?rest_route=\/wp\/v2\/product\/42844","targetHints":{"allow":["GET"]}}],"collection":[{"href":"https:\/\/toysplusshop.com\/index.php?rest_route=\/wp\/v2\/product"}],"about":[{"href":"https:\/\/toysplusshop.com\/index.php?rest_route=\/wp\/v2\/types\/product"}],"replies":[{"embeddable":true,"href":"https:\/\/toysplusshop.com\/index.php?rest_route=%2Fwp%2Fv2%2Fcomments&post=42844"}],"version-history":[{"count":1,"href":"https:\/\/toysplusshop.com\/index.php?rest_route=\/wp\/v2\/product\/42844\/revisions"}],"predecessor-version":[{"id":42851,"href":"https:\/\/toysplusshop.com\/index.php?rest_route=\/wp\/v2\/product\/42844\/revisions\/42851"}],"wp:featuredmedia":[{"embeddable":true,"href":"https:\/\/toysplusshop.com\/index.php?rest_route=\/wp\/v2\/media\/42845"}],"wp:attachment":[{"href":"https:\/\/toysplusshop.com\/index.php?rest_route=%2Fwp%2Fv2%2Fmedia&parent=42844"}],"wp:term":[{"taxonomy":"product_brand","embeddable":true,"href":"https:\/\/toysplusshop.com\/index.php?rest_route=%2Fwp%2Fv2%2Fproduct_brand&post=42844"},{"taxonomy":"product_cat","embeddable":true,"href":"https:\/\/toysplusshop.com\/index.php?rest_route=%2Fwp%2Fv2%2Fproduct_cat&post=42844"},{"taxonomy":"product_tag","embeddable":true,"href":"https:\/\/toysplusshop.com\/index.php?rest_route=%2Fwp%2Fv2%2Fproduct_tag&post=42844"}],"curies":[{"name":"wp","href":"https:\/\/api.w.org\/{rel}","templated":true}]}}