{"id":42878,"date":"2026-02-16T13:57:54","date_gmt":"2026-02-16T13:57:54","guid":{"rendered":"https:\/\/toysplusshop.com\/?post_type=product&#038;p=42878"},"modified":"2026-04-08T13:12:08","modified_gmt":"2026-04-08T13:12:08","slug":"mattel-brick-shop-90-acura-nsx-yapim-seti-jft17","status":"publish","type":"product","link":"https:\/\/toysplusshop.com\/?product=mattel-brick-shop-90-acura-nsx-yapim-seti-jft17","title":{"rendered":"MATTEL BRICK SHOP 90&#8242; ACURA NSX YAPIM SET\u0130 JFT17"},"content":{"rendered":"<p>Koleksiyonlar\u0131n vazge\u00e7ilmezi!<\/p>\n<p>Mattel Brick Shop&#8217;tan 1:16 \u00f6l\u00e7ekli Acura NSX ile efsanevi arabay\u0131 evinize ta\u015f\u0131y\u0131n! Bu ayr\u0131nt\u0131l\u0131 sete ki\u015fiselle\u015ftirme se\u00e7ene\u011fi sunan ekstra par\u00e7alar, \u00e7\u0131kartma sayfas\u0131, metal jant kapaklar\u0131, karakteristik plaka, koleksiyona ve sergilemeye uygun \u00f6zel metal araba dahildir. Plakalar\u0131 ve direksiyonun yerini de\u011fi\u015ftirerek bu seti Honda NSX veya Acura NSX olarak kullanabilirsiniz. \u0130n\u015fa etmek hi\u00e7 bu kadar e\u011flenceli olmam\u0131\u015ft\u0131!<\/p>\n<p>Par\u00e7alar\u0131 birle\u015ftirerek ger\u00e7ek\u00e7i ayr\u0131nt\u0131lara sahip araban\u0131z\u0131 elde edebilirsiniz. Ekstra par\u00e7alar, metal jant kapaklar\u0131 ve \u00e7\u0131kartmalar ile arac\u0131n\u0131za kendi dokunu\u015funuzu katarak daha haval\u0131 hale getirebilirsiniz! A\u00e7\u0131l\u0131r kap\u0131lar ve farlar, i\u015flevsel direksiyon ve de\u011fi\u015ftirilebilir plakalar, \u00f6zg\u00fcnl\u00fc\u011f\u00fc en \u00fcst seviyede bir tasar\u0131m sunar. Par\u00e7alar, Mattel Brick Shop ve di\u011fer markalar\u0131n t\u00fcm yap\u0131 setleri ile uyumludur. H\u0131z tutkusu art\u0131k koleksiyonlarda!<\/p>\n<p>\u00c7ocuklar\u0131n yeni hik\u00e2yeler olu\u015fturarak hayal g\u00fc\u00e7lerinin ve yarat\u0131c\u0131l\u0131klar\u0131n\u0131n geli\u015fmesini desteklerken onlar\u0131n oyun kurma ve taklit becerilerine katk\u0131 sa\u011flar. Arkada\u015flar\u0131yla oynayacaklar\u0131 oyunlar sosyalle\u015fmelerine yard\u0131mc\u0131 olur. Koleksiyon merak\u0131n\u0131 desteklemeye yard\u0131mc\u0131d\u0131r.<\/p>\n<p>Par\u00e7a say\u0131s\u0131: 876<\/p>\n","protected":false},"excerpt":{"rendered":"<p>Koleksiyonlar\u0131n vazge\u00e7ilmezi! Mattel Brick Shop&#8217;tan 1:16 \u00f6l\u00e7ekli Acura NSX ile efsanevi arabay\u0131 evinize ta\u015f\u0131y\u0131n! Bu ayr\u0131nt\u0131l\u0131 sete ki\u015fiselle\u015ftirme se\u00e7ene\u011fi sunan ekstra par\u00e7alar, \u00e7\u0131kartma sayfas\u0131, metal jant kapaklar\u0131, karakteristik plaka, koleksiyona ve sergilemeye uygun \u00f6zel metal araba dahildir. Plakalar\u0131 ve direksiyonun yerini de\u011fi\u015ftirerek bu seti Honda NSX veya Acura NSX olarak kullanabilirsiniz. \u0130n\u015fa etmek hi\u00e7 bu kadar e\u011flenceli olmam\u0131\u015ft\u0131! Par\u00e7alar\u0131 birle\u015ftirerek ger\u00e7ek\u00e7i ayr\u0131nt\u0131lara sahip araban\u0131z\u0131 elde edebilirsiniz. Ekstra par\u00e7alar, metal jant kapaklar\u0131 ve \u00e7\u0131kartmalar ile arac\u0131n\u0131za kendi dokunu\u015funuzu katarak daha haval\u0131 hale getirebilirsiniz! A\u00e7\u0131l\u0131r kap\u0131lar ve farlar, i\u015flevsel direksiyon ve de\u011fi\u015ftirilebilir plakalar, \u00f6zg\u00fcnl\u00fc\u011f\u00fc en \u00fcst seviyede bir tasar\u0131m sunar. Par\u00e7alar, Mattel Brick Shop ve di\u011fer markalar\u0131n t\u00fcm yap\u0131 setleri ile uyumludur. H\u0131z tutkusu art\u0131k koleksiyonlarda! \u00c7ocuklar\u0131n yeni hik\u00e2yeler olu\u015fturarak hayal g\u00fc\u00e7lerinin ve yarat\u0131c\u0131l\u0131klar\u0131n\u0131n geli\u015fmesini desteklerken onlar\u0131n oyun kurma ve taklit becerilerine katk\u0131 sa\u011flar. Arkada\u015flar\u0131yla oynayacaklar\u0131 oyunlar sosyalle\u015fmelerine yard\u0131mc\u0131 olur. Koleksiyon merak\u0131n\u0131 desteklemeye yard\u0131mc\u0131d\u0131r. Par\u00e7a say\u0131s\u0131: 876<\/p>\n","protected":false},"featured_media":42879,"comment_status":"open","ping_status":"closed","template":"","meta":[],"product_brand":[],"product_cat":[551,3587],"product_tag":[3680],"class_list":{"0":"post-42878","1":"product","2":"type-product","3":"status-publish","4":"has-post-thumbnail","6":"product_cat-erkek-oyuncaklari","7":"product_cat-mattel-brick-shop","8":"product_tag-mattel-brick-shop-90-acura-nsx-yapim-seti-jft17","10":"first","11":"instock","12":"shipping-taxable","13":"purchasable","14":"product-type-simple"},"_links":{"self":[{"href":"https:\/\/toysplusshop.com\/index.php?rest_route=\/wp\/v2\/product\/42878","targetHints":{"allow":["GET"]}}],"collection":[{"href":"https:\/\/toysplusshop.com\/index.php?rest_route=\/wp\/v2\/product"}],"about":[{"href":"https:\/\/toysplusshop.com\/index.php?rest_route=\/wp\/v2\/types\/product"}],"replies":[{"embeddable":true,"href":"https:\/\/toysplusshop.com\/index.php?rest_route=%2Fwp%2Fv2%2Fcomments&post=42878"}],"version-history":[{"count":1,"href":"https:\/\/toysplusshop.com\/index.php?rest_route=\/wp\/v2\/product\/42878\/revisions"}],"predecessor-version":[{"id":42887,"href":"https:\/\/toysplusshop.com\/index.php?rest_route=\/wp\/v2\/product\/42878\/revisions\/42887"}],"wp:featuredmedia":[{"embeddable":true,"href":"https:\/\/toysplusshop.com\/index.php?rest_route=\/wp\/v2\/media\/42879"}],"wp:attachment":[{"href":"https:\/\/toysplusshop.com\/index.php?rest_route=%2Fwp%2Fv2%2Fmedia&parent=42878"}],"wp:term":[{"taxonomy":"product_brand","embeddable":true,"href":"https:\/\/toysplusshop.com\/index.php?rest_route=%2Fwp%2Fv2%2Fproduct_brand&post=42878"},{"taxonomy":"product_cat","embeddable":true,"href":"https:\/\/toysplusshop.com\/index.php?rest_route=%2Fwp%2Fv2%2Fproduct_cat&post=42878"},{"taxonomy":"product_tag","embeddable":true,"href":"https:\/\/toysplusshop.com\/index.php?rest_route=%2Fwp%2Fv2%2Fproduct_tag&post=42878"}],"curies":[{"name":"wp","href":"https:\/\/api.w.org\/{rel}","templated":true}]}}