{"id":43006,"date":"2026-02-26T15:55:52","date_gmt":"2026-02-26T15:55:52","guid":{"rendered":"https:\/\/toysplusshop.com\/?post_type=product&#038;p=43006"},"modified":"2026-02-26T15:55:53","modified_gmt":"2026-02-26T15:55:53","slug":"lego-11206-spidey-motosikletli-spidey-rhinoya-karsi","status":"publish","type":"product","link":"https:\/\/toysplusshop.com\/?product=lego-11206-spidey-motosikletli-spidey-rhinoya-karsi","title":{"rendered":"LEGO 11206 SPIDEY MOTOS\u0130KLETL\u0130 SP\u0130DEY, RH\u0130NO\u2019YA KAR\u015eI"},"content":{"rendered":"<p>4 ya\u015f ve \u00fczeri erkek ve k\u0131z \u00e7ocuklar\u0131 i\u00e7in tasarlanan Motosikletli Spidey, Rhino\u2019ya Kar\u015f\u0131 (11206) yap\u0131m oyunca\u011f\u0131yla s\u00fcper kahraman aksiyonunu \u00e7ocuklar\u0131n aya\u011f\u0131na getirin. Spidey ve Rhino minifig\u00fcrleri ve \u00f6r\u00fcmcek \u015feklindeki motosikletiyle bu Spidey yap\u0131m seti, \u00e7ocuklar\u0131n yarat\u0131c\u0131 becerilerini geli\u015ftirmenin harika bir yoludur. \u00c7ocuklar, Spidey&#8217;nin \u00e7al\u0131nan mavi m\u00fccevheri geri almas\u0131na, Rhino&#8217;nun pizza f\u0131r\u0131n\u0131ndan att\u0131\u011f\u0131 u\u00e7an pizzalardan ka\u00e7mas\u0131na ve Rhino&#8217;yu motosiklete de tak\u0131lan dev bir \u00f6r\u00fcmcek a\u011f\u0131yla tuza\u011fa d\u00fc\u015f\u00fcrmesine yard\u0131m eder. Yeni ba\u015flayan modelseverler d\u00fc\u015f\u00fcn\u00fclerek tasarlanan bu yap\u0131m seti, \u00e7ocuklar\u0131 s\u0131n\u0131rs\u0131z hayali oyunlara te\u015fvik edecek detaylarla doludur. Spidey ve \u0130nan\u0131lmaz Arkada\u015flar\u0131 hayranlar\u0131na do\u011fum g\u00fcn\u00fcnde veya her zaman verilebilecek harika bir hediyedir. Renkli resimli talimatlar, b\u00fcy\u00fck Ba\u015flang\u0131\u00e7 Yap\u0131m Par\u00e7alar\u0131 ve her birinde 1 adet in\u015fa edilebilen model olan ayr\u0131 paketler sayesinde h\u0131zl\u0131 ve e\u011flenceli bir \u015fekilde in\u015fa edilir. LEGO\u00ae Builder uygulamas\u0131yla \u00e7ocuklar, kolay anla\u015f\u0131l\u0131r dijital talimatlarla modelleri yak\u0131nla\u015ft\u0131rabilir, 3 boyutlu olarak d\u00f6nd\u00fcrebilir ve ilerlemeyi takip edebilir. Sette 61 par\u00e7a bulunur.;<\/p>\n<p>SPIDEY MOTOS\u0130KLET YAPIM OYUNCA\u011eI \u2013 4 ya\u015f ve \u00fczeri \u00e7ocuklar i\u00e7in LEGO\u00ae \u01c0 Marvel Spidey ve \u0130nan\u0131lmaz Arkada\u015flar\u0131 Motosikletli Spidey, Rhino\u2019ya Kar\u015f\u0131 (11206) \u0130LE s\u00fcper kahraman e\u011flencesine dal\u0131n.<\/p>\n<p>SPIDEY VE RHINO M\u0130N\u0130F\u0130G\u00dcRLER\u0130 \u2013 2 minifig\u00fcr, bir motosiklet ve h\u0131zl\u0131 ve e\u011flenceli bir yap\u0131m deneyimi sunan LEGO\u00ae Ba\u015flang\u0131\u00e7 Yap\u0131m Par\u00e7as\u0131 i\u00e7eren aksiyon dolu bu oyuncakla gen\u00e7 model severlere ve Marvel hayranlar\u0131na ilham verin.<\/p>\n<p>\u0130N\u015eA ED\u0130N VE OYNAYIN \u2013 Kahramanlarla k\u00f6t\u00fclerin sava\u015ft\u0131\u011f\u0131 bu in\u015fa edilebilen oyun setiyle model in\u015fa edip rol yapma oyunlar\u0131 oynarken \u00e7ocuklar, s\u0131n\u0131rs\u0131z hayali s\u00fcper kahraman aksiyonu ve maceras\u0131 ya\u015far.<\/p>\n<p>TEKERLEKL\u0130 MARVEL AKS\u0130YONU \u2013 \u00c7ocuklar, Spidey&#8217;nin \u00e7al\u0131nan mavi m\u00fccevheri geri almas\u0131na, Rhino&#8217;nun pizza f\u0131r\u0131n\u0131ndan att\u0131\u011f\u0131 u\u00e7an pizzalardan ka\u00e7mas\u0131na ve Rhino&#8217;yu dev bir \u00f6r\u00fcmcek a\u011f\u0131yla tuza\u011fa d\u00fc\u015f\u00fcrmesine yard\u0131m eder.<\/p>\n<p>SPIDEY HAYRANLARI \u0130\u00c7\u0130N HED\u0130YE \u2013 Bu s\u00fcper kahraman yap\u0131m seti, in\u015fa edilebilen \u00d6r\u00fcmcek Adam aksiyon oyuncaklar\u0131n\u0131 ve uygulamal\u0131, yarat\u0131c\u0131 oyunlar\u0131 seven 4 ya\u015f ve \u00fczeri \u00e7ocuklar i\u00e7in e\u011flenceli bir do\u011fum g\u00fcn\u00fc veya s\u0131radan g\u00fcn hediyesidir.<\/p>\n<p>DAHA FAZLA SPIDEY E\u011eLENCES\u0130 \u2013 T\u00fcm gen\u00e7 s\u00fcper kahramanlar\u0131n tutkusunu ate\u015flemek i\u00e7in tasarlanm\u0131\u015f \u00e7e\u015fitli yap\u0131m ve oyun setleriyle Disney Jr. ve Disney+ TV Spidey ve \u0130nan\u0131lmaz Arkada\u015flar\u0131 hayranlar\u0131na ilham verin.<\/p>\n<p>OKUL \u00d6NCES\u0130 YAPIM OYUNCAKLARI \u2013 4 ya\u015f ve \u00fczeri \u00e7ocuklar i\u00e7in LEGO\u00ae setleri; ya\u015flar\u0131na uygun en sevdikleri filmler, televizyon karakterleri ve s\u0131radan kahramanlarla dolu bir evrenle \u00e7ocuklara ilham verir.<\/p>\n<p>BOYUTLAR \u2013 Bu 61 par\u00e7al\u0131 yap\u0131m setindeki motosikletin y\u00fcksekli\u011fi 7 cm, uzunlu\u011fu 12 cm, geni\u015fli\u011fi 7 cm\u2019dir.<\/p>\n","protected":false},"excerpt":{"rendered":"<p>4 ya\u015f ve \u00fczeri erkek ve k\u0131z \u00e7ocuklar\u0131 i\u00e7in tasarlanan Motosikletli Spidey, Rhino\u2019ya Kar\u015f\u0131 (11206) yap\u0131m oyunca\u011f\u0131yla s\u00fcper kahraman aksiyonunu \u00e7ocuklar\u0131n aya\u011f\u0131na getirin. Spidey ve Rhino minifig\u00fcrleri ve \u00f6r\u00fcmcek \u015feklindeki motosikletiyle bu Spidey yap\u0131m seti, \u00e7ocuklar\u0131n yarat\u0131c\u0131 becerilerini geli\u015ftirmenin harika bir yoludur. \u00c7ocuklar, Spidey&#8217;nin \u00e7al\u0131nan mavi m\u00fccevheri geri almas\u0131na, Rhino&#8217;nun pizza f\u0131r\u0131n\u0131ndan att\u0131\u011f\u0131 u\u00e7an pizzalardan ka\u00e7mas\u0131na ve Rhino&#8217;yu motosiklete de tak\u0131lan dev bir \u00f6r\u00fcmcek a\u011f\u0131yla tuza\u011fa d\u00fc\u015f\u00fcrmesine yard\u0131m eder. Yeni ba\u015flayan modelseverler d\u00fc\u015f\u00fcn\u00fclerek tasarlanan bu yap\u0131m seti, \u00e7ocuklar\u0131 s\u0131n\u0131rs\u0131z hayali oyunlara te\u015fvik edecek detaylarla doludur. Spidey ve \u0130nan\u0131lmaz Arkada\u015flar\u0131 hayranlar\u0131na do\u011fum g\u00fcn\u00fcnde veya her zaman verilebilecek harika bir hediyedir. Renkli resimli talimatlar, b\u00fcy\u00fck Ba\u015flang\u0131\u00e7 Yap\u0131m Par\u00e7alar\u0131 ve her birinde 1 adet in\u015fa edilebilen model olan ayr\u0131 paketler sayesinde h\u0131zl\u0131 ve e\u011flenceli bir \u015fekilde in\u015fa edilir. LEGO\u00ae Builder uygulamas\u0131yla \u00e7ocuklar, kolay anla\u015f\u0131l\u0131r dijital talimatlarla modelleri yak\u0131nla\u015ft\u0131rabilir, 3 boyutlu olarak d\u00f6nd\u00fcrebilir ve ilerlemeyi takip edebilir. Sette 61 par\u00e7a bulunur.; SPIDEY MOTOS\u0130KLET YAPIM OYUNCA\u011eI \u2013 4 ya\u015f ve \u00fczeri \u00e7ocuklar i\u00e7in LEGO\u00ae \u01c0 Marvel Spidey ve \u0130nan\u0131lmaz Arkada\u015flar\u0131 Motosikletli Spidey, Rhino\u2019ya Kar\u015f\u0131 (11206) \u0130LE s\u00fcper kahraman e\u011flencesine dal\u0131n. SPIDEY VE RHINO M\u0130N\u0130F\u0130G\u00dcRLER\u0130 \u2013 2 minifig\u00fcr, bir motosiklet ve h\u0131zl\u0131 ve e\u011flenceli bir yap\u0131m deneyimi sunan LEGO\u00ae Ba\u015flang\u0131\u00e7 Yap\u0131m Par\u00e7as\u0131 i\u00e7eren aksiyon dolu bu oyuncakla gen\u00e7 model severlere ve Marvel hayranlar\u0131na ilham verin. \u0130N\u015eA ED\u0130N VE OYNAYIN \u2013 Kahramanlarla k\u00f6t\u00fclerin sava\u015ft\u0131\u011f\u0131 bu in\u015fa edilebilen oyun setiyle model in\u015fa edip rol yapma oyunlar\u0131 oynarken \u00e7ocuklar, s\u0131n\u0131rs\u0131z hayali s\u00fcper kahraman aksiyonu ve maceras\u0131 ya\u015far. TEKERLEKL\u0130 MARVEL AKS\u0130YONU \u2013 \u00c7ocuklar, Spidey&#8217;nin \u00e7al\u0131nan mavi m\u00fccevheri geri almas\u0131na, Rhino&#8217;nun pizza f\u0131r\u0131n\u0131ndan att\u0131\u011f\u0131 u\u00e7an pizzalardan ka\u00e7mas\u0131na ve Rhino&#8217;yu dev bir \u00f6r\u00fcmcek a\u011f\u0131yla tuza\u011fa d\u00fc\u015f\u00fcrmesine yard\u0131m eder. SPIDEY HAYRANLARI \u0130\u00c7\u0130N HED\u0130YE \u2013 Bu s\u00fcper kahraman yap\u0131m seti, in\u015fa edilebilen \u00d6r\u00fcmcek Adam aksiyon oyuncaklar\u0131n\u0131 ve uygulamal\u0131, yarat\u0131c\u0131 oyunlar\u0131 seven 4 ya\u015f ve \u00fczeri \u00e7ocuklar i\u00e7in e\u011flenceli bir do\u011fum g\u00fcn\u00fc veya s\u0131radan g\u00fcn hediyesidir. DAHA FAZLA SPIDEY E\u011eLENCES\u0130 \u2013 T\u00fcm gen\u00e7 s\u00fcper kahramanlar\u0131n tutkusunu ate\u015flemek i\u00e7in tasarlanm\u0131\u015f \u00e7e\u015fitli yap\u0131m ve oyun setleriyle Disney Jr. ve Disney+ TV Spidey ve \u0130nan\u0131lmaz Arkada\u015flar\u0131 hayranlar\u0131na ilham verin. OKUL \u00d6NCES\u0130 YAPIM OYUNCAKLARI \u2013 4 ya\u015f ve \u00fczeri \u00e7ocuklar i\u00e7in LEGO\u00ae setleri; ya\u015flar\u0131na uygun en sevdikleri filmler, televizyon karakterleri ve s\u0131radan kahramanlarla dolu bir evrenle \u00e7ocuklara ilham verir. BOYUTLAR \u2013 Bu 61 par\u00e7al\u0131 yap\u0131m setindeki motosikletin y\u00fcksekli\u011fi 7 cm, uzunlu\u011fu 12 cm, geni\u015fli\u011fi 7 cm\u2019dir.<\/p>\n","protected":false},"featured_media":43007,"comment_status":"open","ping_status":"closed","template":"","meta":[],"product_brand":[],"product_cat":[555,855],"product_tag":[3690,3689,3691],"class_list":{"0":"post-43006","1":"product","2":"type-product","3":"status-publish","4":"has-post-thumbnail","6":"product_cat-lego","7":"product_cat-marvel","8":"product_tag-lego-11206-spidey-motosikletli-spidey","9":"product_tag-lego-11206-spidey-motosikletli-spidey-rhinoya-karsi","10":"product_tag-rhinoya-karsi","12":"first","13":"instock","14":"shipping-taxable","15":"purchasable","16":"product-type-simple"},"_links":{"self":[{"href":"https:\/\/toysplusshop.com\/index.php?rest_route=\/wp\/v2\/product\/43006","targetHints":{"allow":["GET"]}}],"collection":[{"href":"https:\/\/toysplusshop.com\/index.php?rest_route=\/wp\/v2\/product"}],"about":[{"href":"https:\/\/toysplusshop.com\/index.php?rest_route=\/wp\/v2\/types\/product"}],"replies":[{"embeddable":true,"href":"https:\/\/toysplusshop.com\/index.php?rest_route=%2Fwp%2Fv2%2Fcomments&post=43006"}],"version-history":[{"count":1,"href":"https:\/\/toysplusshop.com\/index.php?rest_route=\/wp\/v2\/product\/43006\/revisions"}],"predecessor-version":[{"id":43019,"href":"https:\/\/toysplusshop.com\/index.php?rest_route=\/wp\/v2\/product\/43006\/revisions\/43019"}],"wp:featuredmedia":[{"embeddable":true,"href":"https:\/\/toysplusshop.com\/index.php?rest_route=\/wp\/v2\/media\/43007"}],"wp:attachment":[{"href":"https:\/\/toysplusshop.com\/index.php?rest_route=%2Fwp%2Fv2%2Fmedia&parent=43006"}],"wp:term":[{"taxonomy":"product_brand","embeddable":true,"href":"https:\/\/toysplusshop.com\/index.php?rest_route=%2Fwp%2Fv2%2Fproduct_brand&post=43006"},{"taxonomy":"product_cat","embeddable":true,"href":"https:\/\/toysplusshop.com\/index.php?rest_route=%2Fwp%2Fv2%2Fproduct_cat&post=43006"},{"taxonomy":"product_tag","embeddable":true,"href":"https:\/\/toysplusshop.com\/index.php?rest_route=%2Fwp%2Fv2%2Fproduct_tag&post=43006"}],"curies":[{"name":"wp","href":"https:\/\/api.w.org\/{rel}","templated":true}]}}