{"id":43140,"date":"2026-02-27T08:26:58","date_gmt":"2026-02-27T08:26:58","guid":{"rendered":"https:\/\/toysplusshop.com\/?post_type=product&#038;p=43140"},"modified":"2026-02-27T08:26:59","modified_gmt":"2026-02-27T08:26:59","slug":"lego-21584-minecraft-nether-ve-end-gecidi-yolculugu","status":"publish","type":"product","link":"https:\/\/toysplusshop.com\/?product=lego-21584-minecraft-nether-ve-end-gecidi-yolculugu","title":{"rendered":"LEGO 21584 MINECRAFT NETHER VE END GE\u00c7\u0130D\u0130 YOLCULU\u011eU"},"content":{"rendered":"<p>7 ya\u015f ve \u00fczeri erkek ve k\u0131z \u00e7ocuklar i\u00e7in Nether ve End Ge\u00e7idi Yolculu\u011fu (21584) video oyunu oyunca\u011f\u0131yla Minecraft\u00ae oyuncular\u0131n\u0131, uygulamal\u0131 bir video oyunu maceras\u0131na ta\u015f\u0131y\u0131n. Ge\u00e7itlerden ge\u00e7erek her biyomdan bir modeli ke\u015ffedin ve bir Haval\u0131 Kahraman minifig\u00fcr\u00fc, art\u0131 olarak Enderman ve yavru hoglin fig\u00fcrleriyle maceralara at\u0131l\u0131n Bu LEGO\u00ae Minecraft oyun setinde, her biyomda k\u00fc\u00e7\u00fck modellere eri\u015fim sa\u011flayan fonksiyonlara sahip bir End ge\u00e7idi ve bir Nether ge\u00e7idi bulunur. B\u00fcy\u00fcl\u00fc bir yay ve \u015fifa iksiri gibi orijinal aksesuarlar, tan\u0131d\u0131k sahneler ve Minecraft karakterleriyle s\u0131n\u0131rs\u0131z yarat\u0131c\u0131 maceralar\u0131 te\u015fvik eder. Bu set; Minecraft oyuncular\u0131, LEGO severler ve dekoratif video oyunu modellerini sevenler i\u00e7in harika bir hediyedir. LEGO Builder uygulamas\u0131yla \u00e7ocuklar seti \u00f6z g\u00fcvenle in\u015fa edebilir, kolay anla\u015f\u0131l\u0131r dijital talimatlarla modeli 3 boyutlu yak\u0131nla\u015ft\u0131rabilir, d\u00f6nd\u00fcrebilir ve ilerlemeyi takip edebilir. Sette 192 par\u00e7a bulunur.;<\/p>\n<p>MINECRAFT\u00ae GE\u00c7\u0130D\u0130 OYUNCA\u011eI \u2013 7 ya\u015f ve \u00fczeri erkek ve k\u0131z \u00e7ocuklar i\u00e7in LEGO\u00ae Minecraft Nether ve End Ge\u00e7idi Yolculu\u011fu (21584) ile bir video oyunu maceras\u0131na at\u0131l\u0131n<\/p>\n<p>3 KARAKTER, 2 GE\u00c7\u0130T \u2013 Oyunca\u011f\u0131n ge\u00e7itlerini \u00e7al\u0131\u015ft\u0131r\u0131n ve i\u00e7inden ge\u00e7erek her biyomdan bir LEGO\u00ae modelini bulun, bir Haval\u0131 Kahraman minifig\u00fcr\u00fc, art\u0131 olarak bir Enderman ve yavru hoglin fig\u00fcrleriyle Minecraft\u00ae aksiyonu ya\u015fay\u0131n<\/p>\n<p>UYGULAMALI V\u0130DEO OYUNU OYUNCA\u011eI \u2013 Bu kullan\u0131\u015fl\u0131 ge\u00e7it oyun seti, Minecraft\u00ae oyuncular\u0131n\u0131n video oyunu deneyimini bir \u00fcst seviyeye ta\u015f\u0131r<\/p>\n<p>V\u0130DEO OYUNU S\u00dcSLER\u0130 \u2013 B\u00fcy\u00fcl\u00fc yay ve \u015fifal\u0131 iksir gibi aksesuarlarla oyun ve sergileme ama\u00e7l\u0131 bu LEGO\u00ae Minecraft\u00ae seti, bir \u00e7ocu\u011fun odas\u0131 i\u00e7in harika bir dekoratif video oyunu modelidir<\/p>\n<p>\u00c7OCUKLARA V\u0130DEO OYUNU HED\u0130YES\u0130 \u2013 Bu LEGO\u00ae Minecraft\u00ae seti, Minecraft oyuncular\u0131 i\u00e7in harika bir do\u011fum g\u00fcn\u00fc, y\u0131lba\u015f\u0131 veya s\u0131radan g\u00fcn hediyesidir<\/p>\n<p>MINECRAFT\u00ae GER\u00c7E\u011eE D\u00d6N\u00dc\u015eT\u00dc \u2013 Minecraft\u2019a ilgi duyan \u00e7ocuklar, oyundan sahneler olu\u015fturabilir ve yeniden d\u00fczenleyerek, yeniden in\u015fa ederek ve yeniden hayal ederek yeni maceralara \u015fekil verebilir<\/p>\n<p>MINECRAFT\u00ae OYUNCULARI \u0130\u00c7\u0130N SETLER \u2013 LEGO\u00ae Minecraft yap\u0131m oyuncaklar\u0131, \u00e7ocuklara pop\u00fcler oyundan \u00e7ok \u00e7e\u015fitli tan\u0131d\u0131k sahneler, \u00f6zellikler ve moblar sunar<\/p>\n<p>BOYUTLAR \u2013 192 par\u00e7al\u0131 setteki End ge\u00e7idinin y\u00fcksekli\u011fi 3 cm, geni\u015fli\u011fi 8 cm, derinli\u011fi 11 cm\u2019dir<\/p>\n","protected":false},"excerpt":{"rendered":"<p>7 ya\u015f ve \u00fczeri erkek ve k\u0131z \u00e7ocuklar i\u00e7in Nether ve End Ge\u00e7idi Yolculu\u011fu (21584) video oyunu oyunca\u011f\u0131yla Minecraft\u00ae oyuncular\u0131n\u0131, uygulamal\u0131 bir video oyunu maceras\u0131na ta\u015f\u0131y\u0131n. Ge\u00e7itlerden ge\u00e7erek her biyomdan bir modeli ke\u015ffedin ve bir Haval\u0131 Kahraman minifig\u00fcr\u00fc, art\u0131 olarak Enderman ve yavru hoglin fig\u00fcrleriyle maceralara at\u0131l\u0131n Bu LEGO\u00ae Minecraft oyun setinde, her biyomda k\u00fc\u00e7\u00fck modellere eri\u015fim sa\u011flayan fonksiyonlara sahip bir End ge\u00e7idi ve bir Nether ge\u00e7idi bulunur. B\u00fcy\u00fcl\u00fc bir yay ve \u015fifa iksiri gibi orijinal aksesuarlar, tan\u0131d\u0131k sahneler ve Minecraft karakterleriyle s\u0131n\u0131rs\u0131z yarat\u0131c\u0131 maceralar\u0131 te\u015fvik eder. Bu set; Minecraft oyuncular\u0131, LEGO severler ve dekoratif video oyunu modellerini sevenler i\u00e7in harika bir hediyedir. LEGO Builder uygulamas\u0131yla \u00e7ocuklar seti \u00f6z g\u00fcvenle in\u015fa edebilir, kolay anla\u015f\u0131l\u0131r dijital talimatlarla modeli 3 boyutlu yak\u0131nla\u015ft\u0131rabilir, d\u00f6nd\u00fcrebilir ve ilerlemeyi takip edebilir. Sette 192 par\u00e7a bulunur.; MINECRAFT\u00ae GE\u00c7\u0130D\u0130 OYUNCA\u011eI \u2013 7 ya\u015f ve \u00fczeri erkek ve k\u0131z \u00e7ocuklar i\u00e7in LEGO\u00ae Minecraft Nether ve End Ge\u00e7idi Yolculu\u011fu (21584) ile bir video oyunu maceras\u0131na at\u0131l\u0131n 3 KARAKTER, 2 GE\u00c7\u0130T \u2013 Oyunca\u011f\u0131n ge\u00e7itlerini \u00e7al\u0131\u015ft\u0131r\u0131n ve i\u00e7inden ge\u00e7erek her biyomdan bir LEGO\u00ae modelini bulun, bir Haval\u0131 Kahraman minifig\u00fcr\u00fc, art\u0131 olarak bir Enderman ve yavru hoglin fig\u00fcrleriyle Minecraft\u00ae aksiyonu ya\u015fay\u0131n UYGULAMALI V\u0130DEO OYUNU OYUNCA\u011eI \u2013 Bu kullan\u0131\u015fl\u0131 ge\u00e7it oyun seti, Minecraft\u00ae oyuncular\u0131n\u0131n video oyunu deneyimini bir \u00fcst seviyeye ta\u015f\u0131r V\u0130DEO OYUNU S\u00dcSLER\u0130 \u2013 B\u00fcy\u00fcl\u00fc yay ve \u015fifal\u0131 iksir gibi aksesuarlarla oyun ve sergileme ama\u00e7l\u0131 bu LEGO\u00ae Minecraft\u00ae seti, bir \u00e7ocu\u011fun odas\u0131 i\u00e7in harika bir dekoratif video oyunu modelidir \u00c7OCUKLARA V\u0130DEO OYUNU HED\u0130YES\u0130 \u2013 Bu LEGO\u00ae Minecraft\u00ae seti, Minecraft oyuncular\u0131 i\u00e7in harika bir do\u011fum g\u00fcn\u00fc, y\u0131lba\u015f\u0131 veya s\u0131radan g\u00fcn hediyesidir MINECRAFT\u00ae GER\u00c7E\u011eE D\u00d6N\u00dc\u015eT\u00dc \u2013 Minecraft\u2019a ilgi duyan \u00e7ocuklar, oyundan sahneler olu\u015fturabilir ve yeniden d\u00fczenleyerek, yeniden in\u015fa ederek ve yeniden hayal ederek yeni maceralara \u015fekil verebilir MINECRAFT\u00ae OYUNCULARI \u0130\u00c7\u0130N SETLER \u2013 LEGO\u00ae Minecraft yap\u0131m oyuncaklar\u0131, \u00e7ocuklara pop\u00fcler oyundan \u00e7ok \u00e7e\u015fitli tan\u0131d\u0131k sahneler, \u00f6zellikler ve moblar sunar BOYUTLAR \u2013 192 par\u00e7al\u0131 setteki End ge\u00e7idinin y\u00fcksekli\u011fi 3 cm, geni\u015fli\u011fi 8 cm, derinli\u011fi 11 cm\u2019dir<\/p>\n","protected":false},"featured_media":43141,"comment_status":"open","ping_status":"closed","template":"","meta":[],"product_brand":[],"product_cat":[555,849],"product_tag":[3700],"class_list":{"0":"post-43140","1":"product","2":"type-product","3":"status-publish","4":"has-post-thumbnail","6":"product_cat-lego","7":"product_cat-minecraft","8":"product_tag-lego-21584-minecraft-nether-ve-end-gecidi-yolculugu","10":"first","11":"instock","12":"shipping-taxable","13":"purchasable","14":"product-type-simple"},"_links":{"self":[{"href":"https:\/\/toysplusshop.com\/index.php?rest_route=\/wp\/v2\/product\/43140","targetHints":{"allow":["GET"]}}],"collection":[{"href":"https:\/\/toysplusshop.com\/index.php?rest_route=\/wp\/v2\/product"}],"about":[{"href":"https:\/\/toysplusshop.com\/index.php?rest_route=\/wp\/v2\/types\/product"}],"replies":[{"embeddable":true,"href":"https:\/\/toysplusshop.com\/index.php?rest_route=%2Fwp%2Fv2%2Fcomments&post=43140"}],"version-history":[{"count":1,"href":"https:\/\/toysplusshop.com\/index.php?rest_route=\/wp\/v2\/product\/43140\/revisions"}],"predecessor-version":[{"id":43152,"href":"https:\/\/toysplusshop.com\/index.php?rest_route=\/wp\/v2\/product\/43140\/revisions\/43152"}],"wp:featuredmedia":[{"embeddable":true,"href":"https:\/\/toysplusshop.com\/index.php?rest_route=\/wp\/v2\/media\/43141"}],"wp:attachment":[{"href":"https:\/\/toysplusshop.com\/index.php?rest_route=%2Fwp%2Fv2%2Fmedia&parent=43140"}],"wp:term":[{"taxonomy":"product_brand","embeddable":true,"href":"https:\/\/toysplusshop.com\/index.php?rest_route=%2Fwp%2Fv2%2Fproduct_brand&post=43140"},{"taxonomy":"product_cat","embeddable":true,"href":"https:\/\/toysplusshop.com\/index.php?rest_route=%2Fwp%2Fv2%2Fproduct_cat&post=43140"},{"taxonomy":"product_tag","embeddable":true,"href":"https:\/\/toysplusshop.com\/index.php?rest_route=%2Fwp%2Fv2%2Fproduct_tag&post=43140"}],"curies":[{"name":"wp","href":"https:\/\/api.w.org\/{rel}","templated":true}]}}