{"id":43389,"date":"2026-02-27T10:53:25","date_gmt":"2026-02-27T10:53:25","guid":{"rendered":"https:\/\/toysplusshop.com\/?post_type=product&#038;p=43389"},"modified":"2026-02-27T10:53:26","modified_gmt":"2026-02-27T10:53:26","slug":"lego-40815-iconic-dogum-gunu-pastasi","status":"publish","type":"product","link":"https:\/\/toysplusshop.com\/?product=lego-40815-iconic-dogum-gunu-pastasi","title":{"rendered":"LEGO 40815 ICONIC DO\u011eUM G\u00dcN\u00dc PASTASI"},"content":{"rendered":"<p>7 ya\u015f ve \u00fczeri erkek ve k\u0131z \u00e7ocuklarla ve sevdiklerinizin kutlamalar\u0131na, bu keyifli LEGO\u00ae Do\u011fum G\u00fcn\u00fc Pastas\u0131 setiyle tatl\u0131 bir dokunu\u015f kat\u0131n. \u0130n\u015fa edilebilen do\u011fum g\u00fcn\u00fc pastas\u0131 a\u00e7\u0131ld\u0131\u011f\u0131nda, pastay\u0131 s\u00fcslemek i\u00e7in pembe ve sar\u0131 \u00e7i\u00e7eklerin bulundu\u011fu gizli bir b\u00f6lme ortaya \u00e7\u0131kar. Mumsuz do\u011fum g\u00fcn\u00fc pastas\u0131 olmaz, o y\u00fczden 10 tane mum da var. Bu LEGO do\u011fum g\u00fcn\u00fc pastas\u0131 oyunca\u011f\u0131na \u00e7ocuklar\u0131n ya\u015f\u0131 kadar mum ekleyerek ki\u015fiselle\u015ftirebilirsiniz.Bu set, kutlamalar bittikten \u00e7ok sonra bile oynayabilece\u011finiz e\u011flenceli bir do\u011fum g\u00fcn\u00fc hediyesidir. Bunu bir aile gelene\u011fi haline getirerek her y\u0131l \u00e7\u0131kar\u0131p do\u011fum g\u00fcn\u00fc partisi s\u00fcslemelerinde kullanmaya ne dersiniz? Ama sadece do\u011fum g\u00fcnleri i\u00e7in de\u011fildir. Bu LEGO pasta seti ayn\u0131 zamanda her \u00f6zel g\u00fcn i\u00e7in e\u011flenceli bir hediye veya s\u00fcs olacakt\u0131r. \u00d6yleyse bir sonraki kutlaman\u0131zda ekstra bir dilim e\u011flence sunmaya haz\u0131r olun.;<\/p>\n<p>\u0130n\u015fa edilebilen do\u011fum g\u00fcn\u00fc pastas\u0131 seti \u2013 7 ya\u015f ve \u00fczeri erkek ve k\u0131z \u00e7ocuklar ile sevdikleriniz i\u00e7in LEGO\u00ae Do\u011fum G\u00fcn\u00fc Pastas\u0131 seti, ki\u015fiselle\u015ftirilebilir bir kutlama pastas\u0131 yapmak i\u00e7in s\u00fcslemeler ve mumlar i\u00e7erir<\/p>\n<p>LEGO\u00ae s\u00fcslemeleri \u2013 \u00c7i\u00e7ekler, yuvarlak kremalar ve mumlarla pastaya tatl\u0131 do\u011fum g\u00fcn\u00fc s\u00fcsleri ekleyin<\/p>\n<p>10 mum i\u00e7erir \u2013 \u00c7ocu\u011fun ya\u015f\u0131na uygun say\u0131da mumla pastay\u0131 ki\u015fiselle\u015ftirin ya da 10 mumun hepsini de ekleyerek e\u011flenceli bir do\u011fum g\u00fcn\u00fc s\u00fcs\u00fc olu\u015fturun<\/p>\n<p>Gizli b\u00f6lme \u2013 S\u00fcslemelerin saklanabilece\u011fi gizli bir b\u00f6lmeye sahip do\u011fum g\u00fcn\u00fc pastas\u0131 oyunca\u011f\u0131, tekrar tekrar oynanabilen veya sergilenebilen bir LEGO\u00ae setidir<\/p>\n<p>\u00c7ocuklar i\u00e7in e\u011flenceli bir do\u011fum g\u00fcn\u00fc hediyesi \u2013 Bu LEGO\u00ae pasta seti, 7 ya\u015f ve \u00fczeri \u00e7ocuklar ile \u00f6zel bir g\u00fcn\u00fc kutlayan herkes i\u00e7in harika bir hediye fikridir<\/p>\n<p>\u00d6l\u00e7\u00fcler \u2013 Bu 219 par\u00e7al\u0131 setteki ana modelin y\u00fcksekli\u011fi 7 cm, geni\u015fli\u011fi 9 cm, derinli\u011fi 9 cm\u2019dir<\/p>\n","protected":false},"excerpt":{"rendered":"<p>7 ya\u015f ve \u00fczeri erkek ve k\u0131z \u00e7ocuklarla ve sevdiklerinizin kutlamalar\u0131na, bu keyifli LEGO\u00ae Do\u011fum G\u00fcn\u00fc Pastas\u0131 setiyle tatl\u0131 bir dokunu\u015f kat\u0131n. \u0130n\u015fa edilebilen do\u011fum g\u00fcn\u00fc pastas\u0131 a\u00e7\u0131ld\u0131\u011f\u0131nda, pastay\u0131 s\u00fcslemek i\u00e7in pembe ve sar\u0131 \u00e7i\u00e7eklerin bulundu\u011fu gizli bir b\u00f6lme ortaya \u00e7\u0131kar. Mumsuz do\u011fum g\u00fcn\u00fc pastas\u0131 olmaz, o y\u00fczden 10 tane mum da var. Bu LEGO do\u011fum g\u00fcn\u00fc pastas\u0131 oyunca\u011f\u0131na \u00e7ocuklar\u0131n ya\u015f\u0131 kadar mum ekleyerek ki\u015fiselle\u015ftirebilirsiniz.Bu set, kutlamalar bittikten \u00e7ok sonra bile oynayabilece\u011finiz e\u011flenceli bir do\u011fum g\u00fcn\u00fc hediyesidir. Bunu bir aile gelene\u011fi haline getirerek her y\u0131l \u00e7\u0131kar\u0131p do\u011fum g\u00fcn\u00fc partisi s\u00fcslemelerinde kullanmaya ne dersiniz? Ama sadece do\u011fum g\u00fcnleri i\u00e7in de\u011fildir. Bu LEGO pasta seti ayn\u0131 zamanda her \u00f6zel g\u00fcn i\u00e7in e\u011flenceli bir hediye veya s\u00fcs olacakt\u0131r. \u00d6yleyse bir sonraki kutlaman\u0131zda ekstra bir dilim e\u011flence sunmaya haz\u0131r olun.; \u0130n\u015fa edilebilen do\u011fum g\u00fcn\u00fc pastas\u0131 seti \u2013 7 ya\u015f ve \u00fczeri erkek ve k\u0131z \u00e7ocuklar ile sevdikleriniz i\u00e7in LEGO\u00ae Do\u011fum G\u00fcn\u00fc Pastas\u0131 seti, ki\u015fiselle\u015ftirilebilir bir kutlama pastas\u0131 yapmak i\u00e7in s\u00fcslemeler ve mumlar i\u00e7erir LEGO\u00ae s\u00fcslemeleri \u2013 \u00c7i\u00e7ekler, yuvarlak kremalar ve mumlarla pastaya tatl\u0131 do\u011fum g\u00fcn\u00fc s\u00fcsleri ekleyin 10 mum i\u00e7erir \u2013 \u00c7ocu\u011fun ya\u015f\u0131na uygun say\u0131da mumla pastay\u0131 ki\u015fiselle\u015ftirin ya da 10 mumun hepsini de ekleyerek e\u011flenceli bir do\u011fum g\u00fcn\u00fc s\u00fcs\u00fc olu\u015fturun Gizli b\u00f6lme \u2013 S\u00fcslemelerin saklanabilece\u011fi gizli bir b\u00f6lmeye sahip do\u011fum g\u00fcn\u00fc pastas\u0131 oyunca\u011f\u0131, tekrar tekrar oynanabilen veya sergilenebilen bir LEGO\u00ae setidir \u00c7ocuklar i\u00e7in e\u011flenceli bir do\u011fum g\u00fcn\u00fc hediyesi \u2013 Bu LEGO\u00ae pasta seti, 7 ya\u015f ve \u00fczeri \u00e7ocuklar ile \u00f6zel bir g\u00fcn\u00fc kutlayan herkes i\u00e7in harika bir hediye fikridir \u00d6l\u00e7\u00fcler \u2013 Bu 219 par\u00e7al\u0131 setteki ana modelin y\u00fcksekli\u011fi 7 cm, geni\u015fli\u011fi 9 cm, derinli\u011fi 9 cm\u2019dir<\/p>\n","protected":false},"featured_media":43390,"comment_status":"open","ping_status":"closed","template":"","meta":[],"product_brand":[],"product_cat":[3628,555],"product_tag":[3718],"class_list":{"0":"post-43389","1":"product","2":"type-product","3":"status-publish","4":"has-post-thumbnail","6":"product_cat-iconic","7":"product_cat-lego","8":"product_tag-lego-40815-iconic-dogum-gunu-pastasi","10":"first","11":"instock","12":"shipping-taxable","13":"purchasable","14":"product-type-simple"},"_links":{"self":[{"href":"https:\/\/toysplusshop.com\/index.php?rest_route=\/wp\/v2\/product\/43389","targetHints":{"allow":["GET"]}}],"collection":[{"href":"https:\/\/toysplusshop.com\/index.php?rest_route=\/wp\/v2\/product"}],"about":[{"href":"https:\/\/toysplusshop.com\/index.php?rest_route=\/wp\/v2\/types\/product"}],"replies":[{"embeddable":true,"href":"https:\/\/toysplusshop.com\/index.php?rest_route=%2Fwp%2Fv2%2Fcomments&post=43389"}],"version-history":[{"count":1,"href":"https:\/\/toysplusshop.com\/index.php?rest_route=\/wp\/v2\/product\/43389\/revisions"}],"predecessor-version":[{"id":43398,"href":"https:\/\/toysplusshop.com\/index.php?rest_route=\/wp\/v2\/product\/43389\/revisions\/43398"}],"wp:featuredmedia":[{"embeddable":true,"href":"https:\/\/toysplusshop.com\/index.php?rest_route=\/wp\/v2\/media\/43390"}],"wp:attachment":[{"href":"https:\/\/toysplusshop.com\/index.php?rest_route=%2Fwp%2Fv2%2Fmedia&parent=43389"}],"wp:term":[{"taxonomy":"product_brand","embeddable":true,"href":"https:\/\/toysplusshop.com\/index.php?rest_route=%2Fwp%2Fv2%2Fproduct_brand&post=43389"},{"taxonomy":"product_cat","embeddable":true,"href":"https:\/\/toysplusshop.com\/index.php?rest_route=%2Fwp%2Fv2%2Fproduct_cat&post=43389"},{"taxonomy":"product_tag","embeddable":true,"href":"https:\/\/toysplusshop.com\/index.php?rest_route=%2Fwp%2Fv2%2Fproduct_tag&post=43389"}],"curies":[{"name":"wp","href":"https:\/\/api.w.org\/{rel}","templated":true}]}}