{"id":44430,"date":"2026-03-02T13:30:16","date_gmt":"2026-03-02T13:30:16","guid":{"rendered":"https:\/\/toysplusshop.com\/?post_type=product&#038;p=44430"},"modified":"2026-03-02T13:30:16","modified_gmt":"2026-03-02T13:30:16","slug":"lego-76467-harry-potter-luna-lovegoodun-evi","status":"publish","type":"product","link":"https:\/\/toysplusshop.com\/?product=lego-76467-harry-potter-luna-lovegoodun-evi","title":{"rendered":"LEGO\u00a076467 HARRY POTTER LUNA LOVEGOOD&#8217;UN EV\u0130"},"content":{"rendered":"<p>Luna Lovegood\u2019un benzersiz evinin (76467) ilk LEGO\u00ae Harry Potter\u2122 modeliyle Lovegood ailesinin tuhaf d\u00fcnyas\u0131n\u0131 ke\u015ffedin. 10 ya\u015f ve \u00fczeri k\u0131z ve erkek \u00e7ocuklar ile Harry Potter hayranlar\u0131 i\u00e7in sihirli bir hediye olan bu yap\u0131m oyunca\u011f\u0131yla \u00e7ocuklar evin s\u0131ra d\u0131\u015f\u0131, b\u00fcy\u00fcleyici havas\u0131n\u0131 yakalayabilir ve 5 minifig\u00fcrle Harry Potter ve \u00d6l\u00fcm Yadigarlar\u0131 sahnelerini canland\u0131rabilir. Mutfaktan mobilyalar\u0131 \u00e7\u0131kar\u0131p rahat\u00e7a oynay\u0131n ve LEGO \u0131\u015f\u0131kl\u0131 yap\u0131m par\u00e7as\u0131n\u0131 \u00e7al\u0131\u015ft\u0131rarak \u00dc\u00e7 Karde\u015fin Hikayesi\u2019nden g\u00f6r\u00fcnt\u00fcleri duvara yans\u0131t\u0131n. Luna\u2019n\u0131n yatak odas\u0131na ve Xenophilius Lovegood\u2019un bas\u0131mevine g\u00f6z at\u0131n. Pald\u0131ran boynuzuyla kahramanlar\u0131n ka\u00e7\u0131\u015f sahnesini canland\u0131r\u0131n. Sette ayr\u0131ca LEGO Harry Potter\u2019\u0131n 25. y\u0131l d\u00f6n\u00fcm\u00fcne \u00f6zel koleksiyonluk Patronus\u2122 serisinden (ayr\u0131 setlerde sat\u0131l\u0131r) Luna\u2019n\u0131n Yaban Tav\u015fan\u0131 Patronus\u2122\u2019u da bulunur. \u00c7ocuklar, LEGO Builder uygulamas\u0131n\u0131 kullanarak modeli \u00f6z g\u00fcvenle yapabilir, kolay anla\u015f\u0131l\u0131r dijital talimatlarla 3 boyutlu yak\u0131nla\u015ft\u0131rabilir, d\u00f6nd\u00fcrebilir ve ilerlemeyi takip edebilir. Sette 764 par\u00e7a bulunur.;<\/p>\n<p>OYNAMAK VE SERG\u0130LEMEK \u0130\u00c7\u0130N YAPIM OYUNCA\u011eI \u2013 Bu yap\u0131m setiyle Harry Potter ve \u00d6l\u00fcm Yadigarlar\u0131\u2019nda g\u00f6r\u00fclen Luna Lovegood\u2019un Evi\u2019nin (76467) ilk LEGO\u00ae Harry Potter\u2122 modelini yap\u0131n<\/p>\n<p>5 LEGO\u00ae HARRY POTTER\u2122 M\u0130N\u0130F\u0130G\u00dcR\u00dc \u2013 Luna Lovegood\u2122, Xenophilius Lovegood, Harry Potter, Hermione Granger\u2122 ve \u00d6l\u00fcm Yiyen, her biri asas\u0131yla birlikte gelir, ayr\u0131ca koleksiyonluk 25. y\u0131l d\u00f6n\u00fcm\u00fc Yaban Tav\u015fan\u0131 Patronus\u2122\u2019u da i\u00e7erir<\/p>\n<p>\u00d6ZG\u00dcN DETAYLAR \u2013 Mutfak, Xenophilius\u2019un bas\u0131mevi\/oturma odas\u0131 ve Luna\u2019n\u0131n yatak odas\u0131 gibi Lovegood ailesinin evinin s\u0131ra d\u0131\u015f\u0131 b\u00fcy\u00fcs\u00fcn\u00fc yakalay\u0131n<\/p>\n<p>LEGO\u00ae I\u015eIKLI YAPIM PAR\u00c7ASI PROJEKT\u00d6R\u00dc \u2013 LEGO \u0131\u015f\u0131kl\u0131 yap\u0131m par\u00e7as\u0131n\u0131 \u00e7al\u0131\u015ft\u0131rarak (pil dahildir) \u00dc\u00e7 Karde\u015fin Hikayesi\u2019nden g\u00f6r\u00fcnt\u00fcleri mutfak duvar\u0131na yans\u0131t\u0131n<\/p>\n<p>\u00c7OCUKLAR \u0130\u00c7\u0130N HED\u0130YE \u2013 Bu LEGO\u00ae Harry Potter\u2122 yap\u0131m seti, 10 ya\u015f ve \u00fczeri k\u0131z ve erkek \u00e7ocuklarla hayranlar\u0131n do\u011fum g\u00fcn\u00fcn\u00fc kutlamak i\u00e7in sihirli bir hediyedir<\/p>\n<p>GEL\u0130\u015eM\u0130\u015e, \u0130NTERAKT\u0130F E\u011eLENCE \u2013 LEGO\u00ae Builder uygulamas\u0131, 3 boyutlu talimatlar\u0131 kullanarak modelleri yak\u0131nla\u015ft\u0131rabilecekleri ve d\u00f6nd\u00fcrebilecekleri, ilerlemelerini kaydedip takip edebilecekleri dijital bir yap\u0131m maceras\u0131nda \u00e7ocuklara yol g\u00f6sterir<\/p>\n<p>GEN\u0130\u015e B\u0130R KOLEKS\u0130YONUN PAR\u00c7ASI \u2013 Koleksiyonluk LEGO\u00ae Harry Potter\u2122 setleriyle gen\u00e7 cad\u0131lar, b\u00fcy\u00fcc\u00fcler ve Muggle\u2122\u2019lar \u00fcnl\u00fc sahneleri canland\u0131rabilir, kendi fantastik maceralar\u0131n\u0131 olu\u015fturabilir ya da sadece modelleri sergileyebilir<\/p>\n<p>BOYUTLAR \u2013 Bu 764 par\u00e7al\u0131 LEGO\u00ae Harry Potter\u2122 setindeki ev modelinin y\u00fcksekli\u011fi 29 cm, geni\u015fli\u011fi 2 cm, derinli\u011fi 10 cm\u2019dir<\/p>\n","protected":false},"excerpt":{"rendered":"<p>Luna Lovegood\u2019un benzersiz evinin (76467) ilk LEGO\u00ae Harry Potter\u2122 modeliyle Lovegood ailesinin tuhaf d\u00fcnyas\u0131n\u0131 ke\u015ffedin. 10 ya\u015f ve \u00fczeri k\u0131z ve erkek \u00e7ocuklar ile Harry Potter hayranlar\u0131 i\u00e7in sihirli bir hediye olan bu yap\u0131m oyunca\u011f\u0131yla \u00e7ocuklar evin s\u0131ra d\u0131\u015f\u0131, b\u00fcy\u00fcleyici havas\u0131n\u0131 yakalayabilir ve 5 minifig\u00fcrle Harry Potter ve \u00d6l\u00fcm Yadigarlar\u0131 sahnelerini canland\u0131rabilir. Mutfaktan mobilyalar\u0131 \u00e7\u0131kar\u0131p rahat\u00e7a oynay\u0131n ve LEGO \u0131\u015f\u0131kl\u0131 yap\u0131m par\u00e7as\u0131n\u0131 \u00e7al\u0131\u015ft\u0131rarak \u00dc\u00e7 Karde\u015fin Hikayesi\u2019nden g\u00f6r\u00fcnt\u00fcleri duvara yans\u0131t\u0131n. Luna\u2019n\u0131n yatak odas\u0131na ve Xenophilius Lovegood\u2019un bas\u0131mevine g\u00f6z at\u0131n. Pald\u0131ran boynuzuyla kahramanlar\u0131n ka\u00e7\u0131\u015f sahnesini canland\u0131r\u0131n. Sette ayr\u0131ca LEGO Harry Potter\u2019\u0131n 25. y\u0131l d\u00f6n\u00fcm\u00fcne \u00f6zel koleksiyonluk Patronus\u2122 serisinden (ayr\u0131 setlerde sat\u0131l\u0131r) Luna\u2019n\u0131n Yaban Tav\u015fan\u0131 Patronus\u2122\u2019u da bulunur. \u00c7ocuklar, LEGO Builder uygulamas\u0131n\u0131 kullanarak modeli \u00f6z g\u00fcvenle yapabilir, kolay anla\u015f\u0131l\u0131r dijital talimatlarla 3 boyutlu yak\u0131nla\u015ft\u0131rabilir, d\u00f6nd\u00fcrebilir ve ilerlemeyi takip edebilir. Sette 764 par\u00e7a bulunur.; OYNAMAK VE SERG\u0130LEMEK \u0130\u00c7\u0130N YAPIM OYUNCA\u011eI \u2013 Bu yap\u0131m setiyle Harry Potter ve \u00d6l\u00fcm Yadigarlar\u0131\u2019nda g\u00f6r\u00fclen Luna Lovegood\u2019un Evi\u2019nin (76467) ilk LEGO\u00ae Harry Potter\u2122 modelini yap\u0131n 5 LEGO\u00ae HARRY POTTER\u2122 M\u0130N\u0130F\u0130G\u00dcR\u00dc \u2013 Luna Lovegood\u2122, Xenophilius Lovegood, Harry Potter, Hermione Granger\u2122 ve \u00d6l\u00fcm Yiyen, her biri asas\u0131yla birlikte gelir, ayr\u0131ca koleksiyonluk 25. y\u0131l d\u00f6n\u00fcm\u00fc Yaban Tav\u015fan\u0131 Patronus\u2122\u2019u da i\u00e7erir \u00d6ZG\u00dcN DETAYLAR \u2013 Mutfak, Xenophilius\u2019un bas\u0131mevi\/oturma odas\u0131 ve Luna\u2019n\u0131n yatak odas\u0131 gibi Lovegood ailesinin evinin s\u0131ra d\u0131\u015f\u0131 b\u00fcy\u00fcs\u00fcn\u00fc yakalay\u0131n LEGO\u00ae I\u015eIKLI YAPIM PAR\u00c7ASI PROJEKT\u00d6R\u00dc \u2013 LEGO \u0131\u015f\u0131kl\u0131 yap\u0131m par\u00e7as\u0131n\u0131 \u00e7al\u0131\u015ft\u0131rarak (pil dahildir) \u00dc\u00e7 Karde\u015fin Hikayesi\u2019nden g\u00f6r\u00fcnt\u00fcleri mutfak duvar\u0131na yans\u0131t\u0131n \u00c7OCUKLAR \u0130\u00c7\u0130N HED\u0130YE \u2013 Bu LEGO\u00ae Harry Potter\u2122 yap\u0131m seti, 10 ya\u015f ve \u00fczeri k\u0131z ve erkek \u00e7ocuklarla hayranlar\u0131n do\u011fum g\u00fcn\u00fcn\u00fc kutlamak i\u00e7in sihirli bir hediyedir GEL\u0130\u015eM\u0130\u015e, \u0130NTERAKT\u0130F E\u011eLENCE \u2013 LEGO\u00ae Builder uygulamas\u0131, 3 boyutlu talimatlar\u0131 kullanarak modelleri yak\u0131nla\u015ft\u0131rabilecekleri ve d\u00f6nd\u00fcrebilecekleri, ilerlemelerini kaydedip takip edebilecekleri dijital bir yap\u0131m maceras\u0131nda \u00e7ocuklara yol g\u00f6sterir GEN\u0130\u015e B\u0130R KOLEKS\u0130YONUN PAR\u00c7ASI \u2013 Koleksiyonluk LEGO\u00ae Harry Potter\u2122 setleriyle gen\u00e7 cad\u0131lar, b\u00fcy\u00fcc\u00fcler ve Muggle\u2122\u2019lar \u00fcnl\u00fc sahneleri canland\u0131rabilir, kendi fantastik maceralar\u0131n\u0131 olu\u015fturabilir ya da sadece modelleri sergileyebilir BOYUTLAR \u2013 Bu 764 par\u00e7al\u0131 LEGO\u00ae Harry Potter\u2122 setindeki ev modelinin y\u00fcksekli\u011fi 29 cm, geni\u015fli\u011fi 2 cm, derinli\u011fi 10 cm\u2019dir<\/p>\n","protected":false},"featured_media":44431,"comment_status":"open","ping_status":"closed","template":"","meta":[],"product_brand":[],"product_cat":[841,555],"product_tag":[3796],"class_list":{"0":"post-44430","1":"product","2":"type-product","3":"status-publish","4":"has-post-thumbnail","6":"product_cat-harry-potter","7":"product_cat-lego","8":"product_tag-lego-76467-harry-potter-luna-lovegoodun-evi","10":"first","11":"instock","12":"shipping-taxable","13":"purchasable","14":"product-type-simple"},"_links":{"self":[{"href":"https:\/\/toysplusshop.com\/index.php?rest_route=\/wp\/v2\/product\/44430","targetHints":{"allow":["GET"]}}],"collection":[{"href":"https:\/\/toysplusshop.com\/index.php?rest_route=\/wp\/v2\/product"}],"about":[{"href":"https:\/\/toysplusshop.com\/index.php?rest_route=\/wp\/v2\/types\/product"}],"replies":[{"embeddable":true,"href":"https:\/\/toysplusshop.com\/index.php?rest_route=%2Fwp%2Fv2%2Fcomments&post=44430"}],"version-history":[{"count":1,"href":"https:\/\/toysplusshop.com\/index.php?rest_route=\/wp\/v2\/product\/44430\/revisions"}],"predecessor-version":[{"id":44442,"href":"https:\/\/toysplusshop.com\/index.php?rest_route=\/wp\/v2\/product\/44430\/revisions\/44442"}],"wp:featuredmedia":[{"embeddable":true,"href":"https:\/\/toysplusshop.com\/index.php?rest_route=\/wp\/v2\/media\/44431"}],"wp:attachment":[{"href":"https:\/\/toysplusshop.com\/index.php?rest_route=%2Fwp%2Fv2%2Fmedia&parent=44430"}],"wp:term":[{"taxonomy":"product_brand","embeddable":true,"href":"https:\/\/toysplusshop.com\/index.php?rest_route=%2Fwp%2Fv2%2Fproduct_brand&post=44430"},{"taxonomy":"product_cat","embeddable":true,"href":"https:\/\/toysplusshop.com\/index.php?rest_route=%2Fwp%2Fv2%2Fproduct_cat&post=44430"},{"taxonomy":"product_tag","embeddable":true,"href":"https:\/\/toysplusshop.com\/index.php?rest_route=%2Fwp%2Fv2%2Fproduct_tag&post=44430"}],"curies":[{"name":"wp","href":"https:\/\/api.w.org\/{rel}","templated":true}]}}