{"id":44494,"date":"2026-03-02T14:08:55","date_gmt":"2026-03-02T14:08:55","guid":{"rendered":"https:\/\/toysplusshop.com\/?post_type=product&#038;p=44494"},"modified":"2026-03-02T14:08:55","modified_gmt":"2026-03-02T14:08:55","slug":"lego-77254-speed-champions-ferrari-sf90-xx-stradale-spor-araba","status":"publish","type":"product","link":"https:\/\/toysplusshop.com\/?product=lego-77254-speed-champions-ferrari-sf90-xx-stradale-spor-araba","title":{"rendered":"LEGO 77254 SPEED CHAMPIONS FERRARI SF90 XX STRADALE SPOR ARABA"},"content":{"rendered":"<p>9 ya\u015f ve \u00fczeri erkek ve k\u0131z \u00e7ocuklar, bu \u015f\u0131k LEGO\u00ae Speed Champions Ferrari SF90 XX Stradale Spor Araba\u2019y\u0131 (77254) in\u015fa edebilir, oynayabilir ve sergileyebilir. Ferrari model araba, Ferrari&#8217;nin \u015fimdiye kadarki en g\u00fc\u00e7l\u00fc, trafi\u011fe \u00e7\u0131kmaya uygun arabas\u0131n\u0131n pek \u00e7ok tasar\u0131m detaylar\u0131n\u0131 ta\u015f\u0131yor. Bu Ferrari oyuncak araba, \u00f6ne do\u011fru kabin tasar\u0131m\u0131, arka kanat, y\u00fcksek egzoz borular\u0131 ve Ferrari armas\u0131yla s\u00fcslenmi\u015f jantlara sahiptir. Araba model seti, \u00e7ocuklar\u0131n \u0130talyan araba \u00fcreticisine olan tutkular\u0131n\u0131 g\u00f6stermeleri i\u00e7in tek koltuklu kokpite s\u0131\u011fabilen, Ferrari k\u0131yafetli ve kaskl\u0131 bir s\u00fcr\u00fcc\u00fc minifig\u00fcr\u00fc de i\u00e7erir. Geni\u015f bir ikonik ara\u00e7lar koleksiyonundan modeller in\u015fa etme f\u0131rsat\u0131 sunan LEGO Speed Champions yap\u0131m setleri, \u00e7ocuklar i\u00e7in harika hediyelerdir. LEGO Builder uygulamas\u0131n\u0131 kullanarak her oyun setini g\u00fcvenle yapabilir, kolay anla\u015f\u0131l\u0131r dijital talimatlarla yak\u0131nla\u015ft\u0131rabilir, 3 boyutlu olarak d\u00f6nd\u00fcrebilir ve ilerlemelerini takip edebilirler. Sette 339 par\u00e7a bulunur.;<\/p>\n<p>FERRARI MODEL ARABA \u2013 9 ya\u015f ve \u00fczeri erkek ve k\u0131z \u00e7ocuklar\u0131n in\u015fa edebilece\u011fi, sergileyebilece\u011fi ve pistte ve sokaklarda aksiyonlu yar\u0131\u015flar oynayabilece\u011fi LEGO\u00ae Speed Champions Ferrari SF90 XX Stradale Spor Araba (77254)<\/p>\n<p>1 S\u00dcR\u00dcC\u00dc M\u0130N\u0130F\u0130G\u00dcR\u00dc \u2013 Bu model araba seti, Ferrari k\u0131yafeti ve kask\u0131 giyen, peruklu, \u00e7\u0131kartmalar\u0131 yap\u0131\u015ft\u0131rmak ve yap\u0131m par\u00e7alar\u0131n\u0131 ay\u0131rmak i\u00e7in de kullan\u0131labilen bir \u0130ngiliz anahtar\u0131 tutan bir s\u00fcr\u00fcc\u00fc minifig\u00fcr\u00fc i\u00e7erir.<\/p>\n<p>OR\u0130J\u0130NAL DETAYLAR \u2013 \u00d6ne do\u011fru kabin tasar\u0131m\u0131, arka kanat, y\u00fcksek egzoz borular\u0131 ve ikonik Ferrari armal\u0131 jantlar gibi ger\u00e7ek hayattaki versiyonundan detaylara sahiptir.<\/p>\n<p>DEKORAT\u0130F GEN\u00c7 ODASI MODEL\u0130 \u2013 Erkek ve k\u0131z \u00e7ocuklar, bu koleksiyonluk LEGO\u00ae yar\u0131\u015f arabas\u0131yla keyifli yar\u0131\u015f hikayeleri oynad\u0131ktan sonra odalar\u0131ndaki rafta, masada veya komodinde gururla sergileyebilirler.<\/p>\n<p>OTOMOB\u0130L TUTKUNLARI \u0130\u00c7\u0130N HED\u0130YE \u2013 E\u011flenceli bir yap\u0131m ve oyun deneyimi sa\u011flayan bu Ferrari SF90 XX Stradale Spor Araba, 9 ya\u015f ve \u00fczeri \u00e7ocuklar ile yeti\u015fkin model araba koleksiyoncular\u0131 i\u00e7in harika bir hediye fikridir<\/p>\n<p>YARI\u015e E\u011eLENCES\u0130N\u0130 GEN\u0130\u015eLET\u0130N \u2013 \u00c7ocuklar i\u00e7in orijinal detaylarla dolu di\u011fer LEGO\u00ae Speed Champions arabalar\u0131 (ayr\u0131 sat\u0131l\u0131r) ke\u015ffedin<\/p>\n<p>OYNAMAK VE SERG\u0130LEMEK \u0130\u00c7\u0130N \u0130KON\u0130K ARABALAR \u2013 LEGO\u00ae Speed Champions araba yap\u0131m setleriyle \u00e7ocuklar ve araba tutkunlar\u0131, geni\u015f bir \u00fcnl\u00fc ara\u00e7lar koleksiyonundan modeller in\u015fa edebilir.<\/p>\n<p>BOYUTLAR \u2013 339 par\u00e7al\u0131 oyun setindeki Ferrari araba modelinin y\u00fcksekli\u011fi 4 cm, uzunlu\u011fu 17 cm, geni\u015fli\u011fi 13 cm\u2019dir<\/p>\n","protected":false},"excerpt":{"rendered":"<p>9 ya\u015f ve \u00fczeri erkek ve k\u0131z \u00e7ocuklar, bu \u015f\u0131k LEGO\u00ae Speed Champions Ferrari SF90 XX Stradale Spor Araba\u2019y\u0131 (77254) in\u015fa edebilir, oynayabilir ve sergileyebilir. Ferrari model araba, Ferrari&#8217;nin \u015fimdiye kadarki en g\u00fc\u00e7l\u00fc, trafi\u011fe \u00e7\u0131kmaya uygun arabas\u0131n\u0131n pek \u00e7ok tasar\u0131m detaylar\u0131n\u0131 ta\u015f\u0131yor. Bu Ferrari oyuncak araba, \u00f6ne do\u011fru kabin tasar\u0131m\u0131, arka kanat, y\u00fcksek egzoz borular\u0131 ve Ferrari armas\u0131yla s\u00fcslenmi\u015f jantlara sahiptir. Araba model seti, \u00e7ocuklar\u0131n \u0130talyan araba \u00fcreticisine olan tutkular\u0131n\u0131 g\u00f6stermeleri i\u00e7in tek koltuklu kokpite s\u0131\u011fabilen, Ferrari k\u0131yafetli ve kaskl\u0131 bir s\u00fcr\u00fcc\u00fc minifig\u00fcr\u00fc de i\u00e7erir. Geni\u015f bir ikonik ara\u00e7lar koleksiyonundan modeller in\u015fa etme f\u0131rsat\u0131 sunan LEGO Speed Champions yap\u0131m setleri, \u00e7ocuklar i\u00e7in harika hediyelerdir. LEGO Builder uygulamas\u0131n\u0131 kullanarak her oyun setini g\u00fcvenle yapabilir, kolay anla\u015f\u0131l\u0131r dijital talimatlarla yak\u0131nla\u015ft\u0131rabilir, 3 boyutlu olarak d\u00f6nd\u00fcrebilir ve ilerlemelerini takip edebilirler. Sette 339 par\u00e7a bulunur.; FERRARI MODEL ARABA \u2013 9 ya\u015f ve \u00fczeri erkek ve k\u0131z \u00e7ocuklar\u0131n in\u015fa edebilece\u011fi, sergileyebilece\u011fi ve pistte ve sokaklarda aksiyonlu yar\u0131\u015flar oynayabilece\u011fi LEGO\u00ae Speed Champions Ferrari SF90 XX Stradale Spor Araba (77254) 1 S\u00dcR\u00dcC\u00dc M\u0130N\u0130F\u0130G\u00dcR\u00dc \u2013 Bu model araba seti, Ferrari k\u0131yafeti ve kask\u0131 giyen, peruklu, \u00e7\u0131kartmalar\u0131 yap\u0131\u015ft\u0131rmak ve yap\u0131m par\u00e7alar\u0131n\u0131 ay\u0131rmak i\u00e7in de kullan\u0131labilen bir \u0130ngiliz anahtar\u0131 tutan bir s\u00fcr\u00fcc\u00fc minifig\u00fcr\u00fc i\u00e7erir. OR\u0130J\u0130NAL DETAYLAR \u2013 \u00d6ne do\u011fru kabin tasar\u0131m\u0131, arka kanat, y\u00fcksek egzoz borular\u0131 ve ikonik Ferrari armal\u0131 jantlar gibi ger\u00e7ek hayattaki versiyonundan detaylara sahiptir. DEKORAT\u0130F GEN\u00c7 ODASI MODEL\u0130 \u2013 Erkek ve k\u0131z \u00e7ocuklar, bu koleksiyonluk LEGO\u00ae yar\u0131\u015f arabas\u0131yla keyifli yar\u0131\u015f hikayeleri oynad\u0131ktan sonra odalar\u0131ndaki rafta, masada veya komodinde gururla sergileyebilirler. OTOMOB\u0130L TUTKUNLARI \u0130\u00c7\u0130N HED\u0130YE \u2013 E\u011flenceli bir yap\u0131m ve oyun deneyimi sa\u011flayan bu Ferrari SF90 XX Stradale Spor Araba, 9 ya\u015f ve \u00fczeri \u00e7ocuklar ile yeti\u015fkin model araba koleksiyoncular\u0131 i\u00e7in harika bir hediye fikridir YARI\u015e E\u011eLENCES\u0130N\u0130 GEN\u0130\u015eLET\u0130N \u2013 \u00c7ocuklar i\u00e7in orijinal detaylarla dolu di\u011fer LEGO\u00ae Speed Champions arabalar\u0131 (ayr\u0131 sat\u0131l\u0131r) ke\u015ffedin OYNAMAK VE SERG\u0130LEMEK \u0130\u00c7\u0130N \u0130KON\u0130K ARABALAR \u2013 LEGO\u00ae Speed Champions araba yap\u0131m setleriyle \u00e7ocuklar ve araba tutkunlar\u0131, geni\u015f bir \u00fcnl\u00fc ara\u00e7lar koleksiyonundan modeller in\u015fa edebilir. BOYUTLAR \u2013 339 par\u00e7al\u0131 oyun setindeki Ferrari araba modelinin y\u00fcksekli\u011fi 4 cm, uzunlu\u011fu 17 cm, geni\u015fli\u011fi 13 cm\u2019dir<\/p>\n","protected":false},"featured_media":44495,"comment_status":"open","ping_status":"closed","template":"","meta":[],"product_brand":[],"product_cat":[555,1101],"product_tag":[3802],"class_list":{"0":"post-44494","1":"product","2":"type-product","3":"status-publish","4":"has-post-thumbnail","6":"product_cat-lego","7":"product_cat-speed-champions","8":"product_tag-lego-77254-speed-champions-ferrari-sf90-xx-stradale-spor-araba","10":"first","11":"instock","12":"shipping-taxable","13":"purchasable","14":"product-type-simple"},"_links":{"self":[{"href":"https:\/\/toysplusshop.com\/index.php?rest_route=\/wp\/v2\/product\/44494","targetHints":{"allow":["GET"]}}],"collection":[{"href":"https:\/\/toysplusshop.com\/index.php?rest_route=\/wp\/v2\/product"}],"about":[{"href":"https:\/\/toysplusshop.com\/index.php?rest_route=\/wp\/v2\/types\/product"}],"replies":[{"embeddable":true,"href":"https:\/\/toysplusshop.com\/index.php?rest_route=%2Fwp%2Fv2%2Fcomments&post=44494"}],"version-history":[{"count":1,"href":"https:\/\/toysplusshop.com\/index.php?rest_route=\/wp\/v2\/product\/44494\/revisions"}],"predecessor-version":[{"id":44506,"href":"https:\/\/toysplusshop.com\/index.php?rest_route=\/wp\/v2\/product\/44494\/revisions\/44506"}],"wp:featuredmedia":[{"embeddable":true,"href":"https:\/\/toysplusshop.com\/index.php?rest_route=\/wp\/v2\/media\/44495"}],"wp:attachment":[{"href":"https:\/\/toysplusshop.com\/index.php?rest_route=%2Fwp%2Fv2%2Fmedia&parent=44494"}],"wp:term":[{"taxonomy":"product_brand","embeddable":true,"href":"https:\/\/toysplusshop.com\/index.php?rest_route=%2Fwp%2Fv2%2Fproduct_brand&post=44494"},{"taxonomy":"product_cat","embeddable":true,"href":"https:\/\/toysplusshop.com\/index.php?rest_route=%2Fwp%2Fv2%2Fproduct_cat&post=44494"},{"taxonomy":"product_tag","embeddable":true,"href":"https:\/\/toysplusshop.com\/index.php?rest_route=%2Fwp%2Fv2%2Fproduct_tag&post=44494"}],"curies":[{"name":"wp","href":"https:\/\/api.w.org\/{rel}","templated":true}]}}